{"id":86550,"date":"2022-07-04T20:27:07","date_gmt":"2022-07-05T01:27:07","guid":{"rendered":"https:\/\/defabrica.com.mx\/defabrica\/?post_type=product&#038;p=86550"},"modified":"2023-01-17T13:45:48","modified_gmt":"2023-01-17T19:45:48","slug":"instant-pot-freidora-de-aire-con-olla-a-presion-crisp-de-6qt-plata","status":"publish","type":"product","link":"https:\/\/defabrica.com.mx\/defabrica\/producto\/instant-pot-freidora-de-aire-con-olla-a-presion-crisp-de-6qt-plata\/","title":{"rendered":"Instant Pot &#8211; Freidora de aire con olla a presi\u00f3n Crisp de 6Qt &#8211; Plata"},"content":{"rendered":"<div class=\"embedded-component-container lv product-description\">\n<div>\n<div id=\"shop-product-description-80933290\" class=\"_none\" data-version=\"1.3.45\">\n<div class=\"shop-product-description\">\n<section class=\"align-heading-left\" data-reactroot=\"\">\n<div class=\"long-description-container body-copy \">\n<div class=\"html-fragment\">La cocci\u00f3n a presi\u00f3n y la fritura al aire son formas fant\u00e1sticas de ayudarlo a ahorrar tiempo y energ\u00eda al cocinar comidas saludables, y la Instant Pot Duo Crisp plus Air Fryer es una olla caliente que no querr\u00e1 perderse.\u00a0Cocine y tueste todo en un solo lugar cambiando la tapa de la olla a presi\u00f3n por la innovadora tapa de la freidora y agregue un nuevo conjunto de t\u00e9cnicas de cocina a su colecci\u00f3n culinaria.\u00a0Todo el mismo sabor y textura de tus favoritos fritos, pero hecho con tan solo 2 cucharadas de aceite.\u00a0Ahorre espacio reemplazando su olla a presi\u00f3n, olla de cocci\u00f3n lenta, sart\u00e9n, vaporera, olla sous vide, calentador, freidora, asador, horno, asador y deshidratador: es como tener 11 electrodom\u00e9sticos en 1. Use la tapa de la olla a presi\u00f3n para cocinar a presi\u00f3n f\u00e1cilmente saltee, cocine al vapor, cocine a fuego lento, sous vide y caliente sus comidas.\u00a0La tapa de la freidora es \u00fatil para fre\u00edr, asar, hornear,<\/div>\n<\/div>\n<\/section>\n<\/div>\n<\/div>\n<\/div>\n<\/div>\n<div class=\"embedded-component-container lv product-features\">\n<h3><\/h3>\n<h3 class=\"heading-5 v-fw-regular feature-heading\"><strong>Caracter\u00edsticas<\/strong><\/h3>\n<div class=\"feature-body-container\">\n<div class=\"features-list-container\">\n<div class=\"features-list all-features\">\n<div class=\"list-row\">\n<ul>\n<li><strong>Electrodom\u00e9sticos 11 en 1<\/strong><br \/>\nOlla a presi\u00f3n, olla de cocci\u00f3n lenta, vaporera, sart\u00e9n para saltear, calentador de alimentos, sous vide, freidora, asador, mini horno, asador y deshidratador<\/li>\n<li><strong>Todo en uno<\/strong><br \/>\nLa freidora de aire Instant Pot con tapa extra\u00edble lo ayuda a cocinar y hacer crujientes sus comidas favoritas, todo en una sola olla<\/li>\n<li><strong>F\u00e1cil de usar y limpiar<\/strong><br \/>\nLimpieza r\u00e1pida y f\u00e1cil con laterales de acero inoxidable resistentes a las huellas dactilares, tapa extra\u00edble, recipiente interior y accesorios, todos aptos para lavavajillas<\/li>\n<li><strong>El flujo de aire Evencrisp le brinda el crujido y la ternura de fre\u00edr con un 95 % menos de aceite<\/strong><\/li>\n<li><strong>Ventilaci\u00f3n simple y sin estr\u00e9s con una innovadora tapa de cocci\u00f3n a presi\u00f3n con cierre autom\u00e1tico y bot\u00f3n de liberaci\u00f3n f\u00e1cil<\/strong><\/li>\n<li><strong>M\u00e1s de 10 funciones de seguridad<\/strong><br \/>\nM\u00e1s de 10 funciones de seguridad probadas, incluida la protecci\u00f3n contra sobrecalentamiento y la tapa con cierre de seguridad<\/li>\n<\/ul>\n<\/div>\n<\/div>\n<\/div>\n<\/div>\n<\/div>\n","protected":false},"excerpt":{"rendered":"<p>La cocci\u00f3n a presi\u00f3n y la fritura al aire son formas fant\u00e1sticas de ayudarlo a ahorrar tiempo y energ\u00eda al cocinar comidas saludables, y la Instant Pot Duo Crisp plus<\/p>\n","protected":false},"featured_media":86551,"comment_status":"open","ping_status":"closed","template":"","meta":{"_acf_changed":false,"_joinchat":[]},"product_brand":[],"product_cat":[336,337,338,950],"product_tag":[],"class_list":{"0":"post-86550","1":"product","2":"type-product","3":"status-publish","4":"has-post-thumbnail","6":"product_cat-hogar","7":"product_cat-cocina","8":"product_cat-electrodomesticos","9":"product_cat-freidoras","11":"first","12":"instock","13":"sale","14":"shipping-taxable","15":"purchasable","16":"product-type-simple"},"acf":[],"_links":{"self":[{"href":"https:\/\/defabrica.com.mx\/defabrica\/wp-json\/wp\/v2\/product\/86550","targetHints":{"allow":["GET"]}}],"collection":[{"href":"https:\/\/defabrica.com.mx\/defabrica\/wp-json\/wp\/v2\/product"}],"about":[{"href":"https:\/\/defabrica.com.mx\/defabrica\/wp-json\/wp\/v2\/types\/product"}],"replies":[{"embeddable":true,"href":"https:\/\/defabrica.com.mx\/defabrica\/wp-json\/wp\/v2\/comments?post=86550"}],"wp:featuredmedia":[{"embeddable":true,"href":"https:\/\/defabrica.com.mx\/defabrica\/wp-json\/wp\/v2\/media\/86551"}],"wp:attachment":[{"href":"https:\/\/defabrica.com.mx\/defabrica\/wp-json\/wp\/v2\/media?parent=86550"}],"wp:term":[{"taxonomy":"product_brand","embeddable":true,"href":"https:\/\/defabrica.com.mx\/defabrica\/wp-json\/wp\/v2\/product_brand?post=86550"},{"taxonomy":"product_cat","embeddable":true,"href":"https:\/\/defabrica.com.mx\/defabrica\/wp-json\/wp\/v2\/product_cat?post=86550"},{"taxonomy":"product_tag","embeddable":true,"href":"https:\/\/defabrica.com.mx\/defabrica\/wp-json\/wp\/v2\/product_tag?post=86550"}],"curies":[{"name":"wp","href":"https:\/\/api.w.org\/{rel}","templated":true}]}}