{"id":86544,"date":"2022-07-04T20:23:38","date_gmt":"2022-07-05T01:23:38","guid":{"rendered":"https:\/\/defabrica.com.mx\/defabrica\/?post_type=product&#038;p=86544"},"modified":"2023-01-17T13:45:21","modified_gmt":"2023-01-17T19:45:21","slug":"instant-pot-olla-a-presion-electrica-11-en-1-duo-crisp-de-8-cuartos-de-galon-con-freidora-de-aire-acero-inoxidable-plata","status":"publish","type":"product","link":"https:\/\/defabrica.com.mx\/defabrica\/producto\/instant-pot-olla-a-presion-electrica-11-en-1-duo-crisp-de-8-cuartos-de-galon-con-freidora-de-aire-acero-inoxidable-plata\/","title":{"rendered":"Instant Pot &#8211; Olla a presi\u00f3n el\u00e9ctrica 11 en 1 Duo Crisp de 8 cuartos de gal\u00f3n con freidora de aire &#8211; Acero inoxidable\/plata"},"content":{"rendered":"<div class=\"embedded-component-container lv product-description\">\n<div>\n<div id=\"shop-product-description-68775183\" class=\"_none\" data-version=\"1.3.45\">\n<div class=\"shop-product-description\">\n<section class=\"align-heading-left\" data-reactroot=\"\">\n<div class=\"long-description-container body-copy \">\n<div class=\"html-fragment\">Elimine la necesidad de m\u00faltiples electrodom\u00e9sticos de cocina con la combinaci\u00f3n de olla a presi\u00f3n Instant Pot Duo Crisp de 8 cuartos y freidora de aire.\u00a0Dise\u00f1ado con once programas inteligentes, puede agregar un conjunto completamente nuevo de t\u00e9cnicas de cocina a su colecci\u00f3n culinaria, todo desde un solo y poderoso aparato.\u00a0Con una pantalla intuitiva y controles f\u00e1ciles de usar, este Instant Pot Duo Crisp admite ajustes seg\u00fan sea necesario, ya sea que est\u00e9 cocinando, al vapor, asando, horneando, hirviendo o deshidratando, para garantizar que su comida se cocine a la perfecci\u00f3n en todo momento.<\/div>\n<\/div>\n<\/section>\n<\/div>\n<\/div>\n<\/div>\n<\/div>\n<div class=\"embedded-component-container lv product-features\">\n<h3><\/h3>\n<h3 class=\"heading-5 v-fw-regular feature-heading\"><strong>Caracter\u00edsticas<\/strong><\/h3>\n<ul>\n<li><strong>ELECTRODOM\u00c9STICOS 11 EN 1<\/strong><br \/>\nOlla a presi\u00f3n, olla de cocci\u00f3n lenta, vaporera, sart\u00e9n para saltear, calentador de alimentos, sous vide, freidora, asador, mini horno, asador y deshidratador.<\/li>\n<li><strong>CAPACIDAD DE 8 CUARTOS<\/strong><br \/>\nHace que cocinar comidas de tama\u00f1o familiar sea muy f\u00e1cil.<\/li>\n<li><strong>FREIDORA DE AIRE INSTANT\u00c1NEA<\/strong><br \/>\nCon tapa removible te ayuda a cocinar y hacer crujientes tus comidas favoritas, todo en una sola olla.<\/li>\n<li><strong>LIMPIEZA R\u00c1PIDA Y F\u00c1CIL<\/strong><br \/>\nCon laterales de acero inoxidable resistentes a huellas dactilares, tapa extra\u00edble, recipiente interior y accesorios, todos aptos para lavavajillas.<\/li>\n<li><strong>FLUJO DE AIRE UNIFORME<\/strong><br \/>\nLe da el crujido y la ternura de fre\u00edr con un 95 % menos de aceite<\/li>\n<li><strong>VENTILACI\u00d3N SENCILLA Y SIN ESTR\u00c9S<\/strong><br \/>\nCon una innovadora tapa de cocci\u00f3n a presi\u00f3n con cierre autom\u00e1tico y bot\u00f3n de liberaci\u00f3n f\u00e1cil<\/li>\n<li><strong>M\u00c1S DE 10 CARACTER\u00cdSTICAS DE SEGURIDAD PROBADAS<\/strong><br \/>\nIncluye protecci\u00f3n contra sobrecalentamiento y tapa con cierre de seguridad.<\/li>\n<li><strong>BOTE INTERIOR DE DISE\u00d1O INTELIGENTE<\/strong><br \/>\nUtiliza acero inoxidable apto para alimentos (18\/8), un fondo de tres capas para una cocci\u00f3n m\u00e1s pareja, perfecto para saltear.<\/li>\n<\/ul>\n<\/div>\n","protected":false},"excerpt":{"rendered":"<p>Elimine la necesidad de m\u00faltiples electrodom\u00e9sticos de cocina con la combinaci\u00f3n de olla a presi\u00f3n Instant Pot Duo Crisp de 8 cuartos y freidora de aire.\u00a0Dise\u00f1ado con once programas inteligentes,<\/p>\n","protected":false},"featured_media":86545,"comment_status":"open","ping_status":"closed","template":"","meta":{"_acf_changed":false,"_joinchat":[]},"product_brand":[],"product_cat":[336,337,338,950],"product_tag":[],"class_list":{"0":"post-86544","1":"product","2":"type-product","3":"status-publish","4":"has-post-thumbnail","6":"product_cat-hogar","7":"product_cat-cocina","8":"product_cat-electrodomesticos","9":"product_cat-freidoras","11":"first","12":"instock","13":"sale","14":"shipping-taxable","15":"purchasable","16":"product-type-simple"},"acf":[],"_links":{"self":[{"href":"https:\/\/defabrica.com.mx\/defabrica\/wp-json\/wp\/v2\/product\/86544","targetHints":{"allow":["GET"]}}],"collection":[{"href":"https:\/\/defabrica.com.mx\/defabrica\/wp-json\/wp\/v2\/product"}],"about":[{"href":"https:\/\/defabrica.com.mx\/defabrica\/wp-json\/wp\/v2\/types\/product"}],"replies":[{"embeddable":true,"href":"https:\/\/defabrica.com.mx\/defabrica\/wp-json\/wp\/v2\/comments?post=86544"}],"wp:featuredmedia":[{"embeddable":true,"href":"https:\/\/defabrica.com.mx\/defabrica\/wp-json\/wp\/v2\/media\/86545"}],"wp:attachment":[{"href":"https:\/\/defabrica.com.mx\/defabrica\/wp-json\/wp\/v2\/media?parent=86544"}],"wp:term":[{"taxonomy":"product_brand","embeddable":true,"href":"https:\/\/defabrica.com.mx\/defabrica\/wp-json\/wp\/v2\/product_brand?post=86544"},{"taxonomy":"product_cat","embeddable":true,"href":"https:\/\/defabrica.com.mx\/defabrica\/wp-json\/wp\/v2\/product_cat?post=86544"},{"taxonomy":"product_tag","embeddable":true,"href":"https:\/\/defabrica.com.mx\/defabrica\/wp-json\/wp\/v2\/product_tag?post=86544"}],"curies":[{"name":"wp","href":"https:\/\/api.w.org\/{rel}","templated":true}]}}