{"id":86538,"date":"2022-07-04T20:20:31","date_gmt":"2022-07-05T01:20:31","guid":{"rendered":"https:\/\/defabrica.com.mx\/defabrica\/?post_type=product&#038;p=86538"},"modified":"2023-01-17T13:44:58","modified_gmt":"2023-01-17T19:44:58","slug":"instant-pot-olla-a-presion-duo-de-6qt-plata","status":"publish","type":"product","link":"https:\/\/defabrica.com.mx\/defabrica\/producto\/instant-pot-olla-a-presion-duo-de-6qt-plata\/","title":{"rendered":"Instant Pot &#8211; Olla a presi\u00f3n Duo de 6Qt &#8211; Plata"},"content":{"rendered":"<div class=\"embedded-component-container lv product-description\">\n<div>\n<div id=\"shop-product-description-74933553\" class=\"_none\" data-version=\"1.3.45\">\n<div class=\"shop-product-description\">\n<section class=\"align-heading-left\" data-reactroot=\"\">\n<div class=\"long-description-container body-copy \">\n<div class=\"html-fragment\">F\u00e1cil de usar, f\u00e1cil de limpiar, r\u00e1pido, vers\u00e1til y conveniente, el Instant Pot Duo\u2122 es el que comenz\u00f3 todo.\u00a0El interruptor Easy-Release actualizado hace que la liberaci\u00f3n de vapor sea simple y r\u00e1pida.\u00a0Y este impresionante acabado de acero inoxidable ser\u00e1 un hermoso complemento para su cocina.\u00a0Redefina la cocina y disfrute de comidas r\u00e1pidas y f\u00e1ciles en cualquier lugar y en cualquier momento.<\/div>\n<\/div>\n<\/section>\n<\/div>\n<\/div>\n<\/div>\n<\/div>\n<div class=\"embedded-component-container lv product-features\">\n<h3><\/h3>\n<h3 class=\"heading-5 v-fw-regular feature-heading\"><strong>Caracter\u00edsticas<\/strong><\/h3>\n<div class=\"feature-body-container\">\n<div class=\"features-list-container\">\n<div class=\"features-list all-features\">\n<div class=\"list-row\">\n<ul>\n<li><strong>7 en 1<\/strong><br \/>\nOlla a presi\u00f3n, arrocera, olla de cocci\u00f3n lenta, yogurtera, vaporera, sart\u00e9n y calentador de alimentos<\/li>\n<li><strong>liberaci\u00f3n de vapor<\/strong><br \/>\nF\u00e1cil interruptor de liberaci\u00f3n de vapor para una liberaci\u00f3n de vapor simple y r\u00e1pida.<\/li>\n<li><strong>Convenientes favoritos<\/strong><br \/>\n11 programas personalizables para comidas r\u00e1pidas con un solo toque<\/li>\n<li><strong>Olla interior de acero inoxidable (18\/8) con fondo triple para un salteado perfecto<\/strong><\/li>\n<li><strong>Cocine hasta 6 porciones<\/strong><br \/>\nPerfecto para familias en crecimiento, preparaci\u00f3n de comidas y cocci\u00f3n por lotes.<\/li>\n<li><strong>Hasta un 70 % m\u00e1s r\u00e1pido y con mayor eficiencia energ\u00e9tica que otros m\u00e9todos de cocci\u00f3n<\/strong><\/li>\n<li><strong>F\u00e1cil limpieza<\/strong><br \/>\nTapa y recipiente interior aptos para lavavajillas para una limpieza r\u00e1pida y f\u00e1cil<\/li>\n<li><strong>M\u00e1s de 10 funciones de seguridad<\/strong><br \/>\nM\u00e1s de 10 funciones de seguridad comprobadas, que incluyen Overheat Protection\u2122 y tapa con cierre seguro<\/li>\n<\/ul>\n<\/div>\n<\/div>\n<\/div>\n<\/div>\n<\/div>\n","protected":false},"excerpt":{"rendered":"<p>F\u00e1cil de usar, f\u00e1cil de limpiar, r\u00e1pido, vers\u00e1til y conveniente, el Instant Pot Duo\u2122 es el que comenz\u00f3 todo.\u00a0El interruptor Easy-Release actualizado hace que la liberaci\u00f3n de vapor sea simple<\/p>\n","protected":false},"featured_media":86539,"comment_status":"open","ping_status":"closed","template":"","meta":{"_acf_changed":false,"_joinchat":[]},"product_brand":[],"product_cat":[336,337,338,950],"product_tag":[],"class_list":{"0":"post-86538","1":"product","2":"type-product","3":"status-publish","4":"has-post-thumbnail","6":"product_cat-hogar","7":"product_cat-cocina","8":"product_cat-electrodomesticos","9":"product_cat-freidoras","11":"first","12":"instock","13":"sale","14":"shipping-taxable","15":"purchasable","16":"product-type-simple"},"acf":[],"_links":{"self":[{"href":"https:\/\/defabrica.com.mx\/defabrica\/wp-json\/wp\/v2\/product\/86538","targetHints":{"allow":["GET"]}}],"collection":[{"href":"https:\/\/defabrica.com.mx\/defabrica\/wp-json\/wp\/v2\/product"}],"about":[{"href":"https:\/\/defabrica.com.mx\/defabrica\/wp-json\/wp\/v2\/types\/product"}],"replies":[{"embeddable":true,"href":"https:\/\/defabrica.com.mx\/defabrica\/wp-json\/wp\/v2\/comments?post=86538"}],"wp:featuredmedia":[{"embeddable":true,"href":"https:\/\/defabrica.com.mx\/defabrica\/wp-json\/wp\/v2\/media\/86539"}],"wp:attachment":[{"href":"https:\/\/defabrica.com.mx\/defabrica\/wp-json\/wp\/v2\/media?parent=86538"}],"wp:term":[{"taxonomy":"product_brand","embeddable":true,"href":"https:\/\/defabrica.com.mx\/defabrica\/wp-json\/wp\/v2\/product_brand?post=86538"},{"taxonomy":"product_cat","embeddable":true,"href":"https:\/\/defabrica.com.mx\/defabrica\/wp-json\/wp\/v2\/product_cat?post=86538"},{"taxonomy":"product_tag","embeddable":true,"href":"https:\/\/defabrica.com.mx\/defabrica\/wp-json\/wp\/v2\/product_tag?post=86538"}],"curies":[{"name":"wp","href":"https:\/\/api.w.org\/{rel}","templated":true}]}}