{"id":86532,"date":"2022-07-04T20:17:05","date_gmt":"2022-07-05T01:17:05","guid":{"rendered":"https:\/\/defabrica.com.mx\/defabrica\/?post_type=product&#038;p=86532"},"modified":"2022-07-18T14:34:35","modified_gmt":"2022-07-18T19:34:35","slug":"instantanea-freidora-de-aire-de-doble-canasta-vortex-plus-de-8qt-negro","status":"publish","type":"product","link":"https:\/\/defabrica.com.mx\/defabrica\/producto\/instantanea-freidora-de-aire-de-doble-canasta-vortex-plus-de-8qt-negro\/","title":{"rendered":"Instant\u00e1nea &#8211; Freidora de aire de doble canasta Vortex Plus de 8Qt &#8211; Negro"},"content":{"rendered":"<div class=\"embedded-component-container lv product-description\">\n<div>\n<div id=\"shop-product-description-20222601\" class=\"_none\" data-version=\"1.3.45\">\n<div class=\"shop-product-description\">\n<section class=\"align-heading-left\" data-reactroot=\"\">\n<div class=\"long-description-container body-copy \">\n<div class=\"html-fragment\"><span>Este Instant\u2122 Vortex\u2122 Plus tiene un mont\u00f3n de funciones \u00fatiles, pero la parte superior de la lista debe ser la ventana ClearCook.\u00a0La ventana transparente funciona con una luz perfectamente colocada en el interior para que pueda comprobar el progreso de la cocci\u00f3n sin abrir la cesta.\u00a0Las cestas dobles significan que puede cocinar el doble de cocci\u00f3n o cocinar dos alimentos separados al mismo tiempo.\u00a0Sync Cook y Sync Finish coinciden autom\u00e1ticamente con los ajustes de cocci\u00f3n o coinciden con el tiempo de finalizaci\u00f3n entre las dos canastas.\u00a0La tecnolog\u00eda de flujo de aire EvenCrisp\u2122 brinda resultados tiernos y crujientes cada vez con un 95 % menos de aceite.\u00a0Los 6 programas de cocci\u00f3n le brindan acceso con un solo toque a recetas f\u00e1ciles, pero le permiten personalizarlas usted mismo.\u00a0Y debido a que la canasta de cocci\u00f3n y las bandejas de cocci\u00f3n son antiadherentes y aptas para lavavajillas, la limpieza es muy sencilla.<\/span><\/div>\n<\/div>\n<\/section>\n<\/div>\n<\/div>\n<\/div>\n<\/div>\n<div class=\"embedded-component-container lv product-features\">\n<h3><\/h3>\n<h3 class=\"heading-5 v-fw-regular feature-heading\"><strong>Caracter\u00edsticas<\/strong><\/h3>\n<ul>\n<li><strong>Fre\u00edr, asar, asar, hornear, recalentar o deshidratar 8 en 1<\/strong><\/li>\n<li><strong>Ventana ClearCook y luz interna para monitorear f\u00e1cilmente el progreso de la cocci\u00f3n sin abrir la canasta<\/strong><\/li>\n<li><strong>Cestas dobles para fre\u00edr con aire y controles separados para cada cesta<\/strong><\/li>\n<li><strong>El programa Sync Cook cocina autom\u00e1ticamente dos porciones con la misma configuraci\u00f3n<\/strong><\/li>\n<li><strong>El programa Sync Finish finaliza autom\u00e1ticamente la cocci\u00f3n al mismo tiempo para dos tipos de cocci\u00f3n<\/strong><\/li>\n<li><strong>6 programas de cocci\u00f3n personalizables para comidas r\u00e1pidas con un solo toque<\/strong><\/li>\n<li><strong>Tecnolog\u00eda de flujo de aire EvenCrisp\u2122 para el crujido y la ternura de las frituras con un 95 % menos de aceite<\/strong><\/li>\n<li><strong>Temperatura de cocci\u00f3n ajustable de 95 a 400 \u00b0F (35 a 205 \u00b0C) para adaptarse a cualquier receta<\/strong><\/li>\n<li><strong>Poco o ning\u00fan tiempo de precalentamiento, de congelado a dorado en minutos<\/strong><\/li>\n<li><strong>La pantalla t\u00e1ctil f\u00e1cil de usar con instrucciones paso a paso muestra cada etapa de la cocci\u00f3n<\/strong><\/li>\n<li><strong>Cocine hasta 8 porciones: perfecto para familias numerosas, fiestas y preparaci\u00f3n de comidas<\/strong><\/li>\n<li><strong>La cesta de cocci\u00f3n antiadherente apta para lavavajillas y las bandejas de cocci\u00f3n facilitan la limpieza<\/strong><\/li>\n<li><strong>Dise\u00f1o apto para encimeras que se adapta a cocinas de cualquier tama\u00f1o y detalles en acero inoxidable para una combinaci\u00f3n perfecta de funcionalidad y estilo<\/strong><\/li>\n<li><strong>Funciones de seguridad integradas como Overheat Protection\u2122, apagado autom\u00e1tico y m\u00e1s<\/strong><\/li>\n<li><strong>1700 vatios, 120 V~ 60 Hz, certificado ETL<\/strong><\/li>\n<\/ul>\n<\/div>\n","protected":false},"excerpt":{"rendered":"<p>Este Instant\u2122 Vortex\u2122 Plus tiene un mont\u00f3n de funciones \u00fatiles, pero la parte superior de la lista debe ser la ventana ClearCook.\u00a0La ventana transparente funciona con una luz perfectamente colocada<\/p>\n","protected":false},"featured_media":86533,"comment_status":"open","ping_status":"closed","template":"","meta":{"_acf_changed":false,"_joinchat":[]},"product_brand":[],"product_cat":[1522,336,337,338,950],"product_tag":[],"class_list":{"0":"post-86532","1":"product","2":"type-product","3":"status-publish","4":"has-post-thumbnail","6":"product_cat-ofertas-hogar","7":"product_cat-hogar","8":"product_cat-cocina","9":"product_cat-electrodomesticos","10":"product_cat-freidoras","12":"first","13":"instock","14":"sale","15":"shipping-taxable","16":"purchasable","17":"product-type-simple"},"acf":[],"_links":{"self":[{"href":"https:\/\/defabrica.com.mx\/defabrica\/wp-json\/wp\/v2\/product\/86532","targetHints":{"allow":["GET"]}}],"collection":[{"href":"https:\/\/defabrica.com.mx\/defabrica\/wp-json\/wp\/v2\/product"}],"about":[{"href":"https:\/\/defabrica.com.mx\/defabrica\/wp-json\/wp\/v2\/types\/product"}],"replies":[{"embeddable":true,"href":"https:\/\/defabrica.com.mx\/defabrica\/wp-json\/wp\/v2\/comments?post=86532"}],"wp:featuredmedia":[{"embeddable":true,"href":"https:\/\/defabrica.com.mx\/defabrica\/wp-json\/wp\/v2\/media\/86533"}],"wp:attachment":[{"href":"https:\/\/defabrica.com.mx\/defabrica\/wp-json\/wp\/v2\/media?parent=86532"}],"wp:term":[{"taxonomy":"product_brand","embeddable":true,"href":"https:\/\/defabrica.com.mx\/defabrica\/wp-json\/wp\/v2\/product_brand?post=86532"},{"taxonomy":"product_cat","embeddable":true,"href":"https:\/\/defabrica.com.mx\/defabrica\/wp-json\/wp\/v2\/product_cat?post=86532"},{"taxonomy":"product_tag","embeddable":true,"href":"https:\/\/defabrica.com.mx\/defabrica\/wp-json\/wp\/v2\/product_tag?post=86532"}],"curies":[{"name":"wp","href":"https:\/\/api.w.org\/{rel}","templated":true}]}}