{"id":86525,"date":"2022-07-04T20:13:21","date_gmt":"2022-07-05T01:13:21","guid":{"rendered":"https:\/\/defabrica.com.mx\/defabrica\/?post_type=product&#038;p=86525"},"modified":"2023-01-17T13:43:28","modified_gmt":"2023-01-17T19:43:28","slug":"instantanea-freidora-de-aire-omni-pro-18l-14-en-1horno-tostador-plateado","status":"publish","type":"product","link":"https:\/\/defabrica.com.mx\/defabrica\/producto\/instantanea-freidora-de-aire-omni-pro-18l-14-en-1horno-tostador-plateado\/","title":{"rendered":"Instant\u00e1nea &#8211; Freidora de aire Omni Pro 18L 14 en 1Horno tostador &#8211; Plateado"},"content":{"rendered":"<div class=\"embedded-component-container lv product-description\">\n<div>\n<div id=\"shop-product-description-31114224\" class=\"_none\" data-version=\"1.3.45\">\n<div class=\"shop-product-description\">\n<section class=\"align-heading-left\" data-reactroot=\"\">\n<div class=\"long-description-container body-copy \">\n<div class=\"html-fragment\">El Instant Omni Pro es el horno tostador para fre\u00edr con aire de encimera con todas las funciones que ha estado buscando.\u00a0Con 14 funciones de cocci\u00f3n, puede crear comidas caseras r\u00e1pidas, deliciosas y saludables con una olla multiuso.\u00a0Nuestra innovadora funci\u00f3n Split CookTM le permite ejecutar dos programas de cocci\u00f3n o temperaturas en secuencia para obtener resultados perfectos.\u00a0El Omni Pro ofrece la calidad, la comodidad y la versatilidad que espera de Instant: Discover Amazing.<\/div>\n<\/div>\n<\/section>\n<\/div>\n<\/div>\n<\/div>\n<\/div>\n<div class=\"embedded-component-container lv product-features\">\n<h3><\/h3>\n<h3 class=\"heading-5 v-fw-regular feature-heading\"><strong>Caracter\u00edsticas<\/strong><\/h3>\n<div class=\"feature-body-container\">\n<div class=\"features-list-container\">\n<div class=\"features-list all-features\">\n<div class=\"list-row\">\n<ul>\n<li><strong>14 funciones de cocci\u00f3n<\/strong><br \/>\nFre\u00edr al aire, asar, hornear, rostizar, deshidratar, recalentar, rostizar, tostar, calentar, convecci\u00f3n, cocci\u00f3n lenta, prueba, cocci\u00f3n dividida, sonda de temperatura<\/li>\n<li><strong>Tecnolog\u00eda Evencrisp<\/strong><br \/>\nHace circular el aire caliente de arriba hacia abajo, sobre la comida, para brindar todo el crujido y la ternura de fre\u00edr con un 95 % menos de aceite (en comparaci\u00f3n con la fritura profunda)<\/li>\n<li><strong>cocinero dividido<\/strong><br \/>\nCombine dos programas de cocci\u00f3n para ejecutar en secuencia, como hornear macarrones con queso y luego asar a la parrilla para obtener un acabado crujiente en la parte superior<\/li>\n<li><strong>Cuarzo dorado infrarrojo<\/strong><br \/>\nCalor radiante dual ultrarr\u00e1pido para precalentar m\u00e1s r\u00e1pido, cocinar uniformemente y mantener la comida jugosa<\/li>\n<li><strong>Pantalla de progreso<\/strong><br \/>\nVea cada etapa de la cocci\u00f3n de principio a fin<\/li>\n<li><strong>Cocci\u00f3n \u00f3ptima<\/strong><br \/>\nLa puerta de vidrio de doble capa mantiene el calor en el interior para un calentamiento efectivo<\/li>\n<li><strong>Probeta de temperatura<\/strong><br \/>\nControl m\u00e1s preciso para mejores resultados de cocci\u00f3n<\/li>\n<li><strong>Genial para familias<\/strong><br \/>\nMayor capacidad que se adapta a una pizza de 12&#8243; o 6 rebanadas de pan<\/li>\n<li><strong>Comienzo m\u00e1s r\u00e1pido<\/strong><br \/>\nPoco o ning\u00fan tiempo de precalentamiento<\/li>\n<li><strong>Temperatura perfecta<\/strong><br \/>\nAjustable de 170 \u00b0 a 450 \u00b0 F o seleccione uno de los siete niveles de tostado personalizables perfectos para pan, bagels y m\u00e1s<\/li>\n<li><strong>Incluye<\/strong><br \/>\nSonda de temperatura, bandeja esmaltada para hornear, rejilla del horno de acero inoxidable, canasta para fre\u00edr con aire, asador y tenedores estilo BBQ, herramienta para levantar<\/li>\n<li><strong>Descubre m\u00e1s de 1500 recetas<\/strong><br \/>\nAplicaci\u00f3n gratuita Instant Brands Connect (iOS y Android) para nuevos favoritos y comidas deliciosas<\/li>\n<\/ul>\n<\/div>\n<\/div>\n<\/div>\n<\/div>\n<\/div>\n","protected":false},"excerpt":{"rendered":"<p>El Instant Omni Pro es el horno tostador para fre\u00edr con aire de encimera con todas las funciones que ha estado buscando.\u00a0Con 14 funciones de cocci\u00f3n, puede crear comidas caseras<\/p>\n","protected":false},"featured_media":86528,"comment_status":"open","ping_status":"closed","template":"","meta":{"_acf_changed":false,"_joinchat":[]},"product_brand":[],"product_cat":[336,337,338,950],"product_tag":[],"class_list":{"0":"post-86525","1":"product","2":"type-product","3":"status-publish","4":"has-post-thumbnail","6":"product_cat-hogar","7":"product_cat-cocina","8":"product_cat-electrodomesticos","9":"product_cat-freidoras","11":"first","12":"instock","13":"sale","14":"shipping-taxable","15":"purchasable","16":"product-type-simple"},"acf":[],"_links":{"self":[{"href":"https:\/\/defabrica.com.mx\/defabrica\/wp-json\/wp\/v2\/product\/86525","targetHints":{"allow":["GET"]}}],"collection":[{"href":"https:\/\/defabrica.com.mx\/defabrica\/wp-json\/wp\/v2\/product"}],"about":[{"href":"https:\/\/defabrica.com.mx\/defabrica\/wp-json\/wp\/v2\/types\/product"}],"replies":[{"embeddable":true,"href":"https:\/\/defabrica.com.mx\/defabrica\/wp-json\/wp\/v2\/comments?post=86525"}],"wp:featuredmedia":[{"embeddable":true,"href":"https:\/\/defabrica.com.mx\/defabrica\/wp-json\/wp\/v2\/media\/86528"}],"wp:attachment":[{"href":"https:\/\/defabrica.com.mx\/defabrica\/wp-json\/wp\/v2\/media?parent=86525"}],"wp:term":[{"taxonomy":"product_brand","embeddable":true,"href":"https:\/\/defabrica.com.mx\/defabrica\/wp-json\/wp\/v2\/product_brand?post=86525"},{"taxonomy":"product_cat","embeddable":true,"href":"https:\/\/defabrica.com.mx\/defabrica\/wp-json\/wp\/v2\/product_cat?post=86525"},{"taxonomy":"product_tag","embeddable":true,"href":"https:\/\/defabrica.com.mx\/defabrica\/wp-json\/wp\/v2\/product_tag?post=86525"}],"curies":[{"name":"wp","href":"https:\/\/api.w.org\/{rel}","templated":true}]}}