{"id":86486,"date":"2022-07-04T19:34:06","date_gmt":"2022-07-05T00:34:06","guid":{"rendered":"https:\/\/defabrica.com.mx\/defabrica\/?post_type=product&#038;p=86486"},"modified":"2023-01-17T13:42:02","modified_gmt":"2023-01-17T19:42:02","slug":"instant-pot-olla-a-presion-electrica-8qt-pro-negro","status":"publish","type":"product","link":"https:\/\/defabrica.com.mx\/defabrica\/producto\/instant-pot-olla-a-presion-electrica-8qt-pro-negro\/","title":{"rendered":"Instant Pot &#8211; Olla a presi\u00f3n el\u00e9ctrica 8Qt Pro &#8211; Negro"},"content":{"rendered":"<div class=\"embedded-component-container lv product-description\">\n<div>\n<div id=\"shop-product-description-6318338\" class=\"_none\" data-version=\"1.3.45\">\n<div class=\"shop-product-description\">\n<section class=\"align-heading-left\" data-reactroot=\"\">\n<div class=\"long-description-container body-copy \">\n<div class=\"html-fragment\">Experimente la pr\u00f3xima generaci\u00f3n de conveniencia con Instant Pot\u00ae Pro.\u00a0Comienza con 28 programas de cocina inteligente y agrega 5 nuevas configuraciones de programas favoritos.\u00a0Pase menos tiempo en la cocina con un precalentamiento un 20 % m\u00e1s r\u00e1pido y una cocci\u00f3n general hasta un 70 % m\u00e1s r\u00e1pida.\u00a0Reemplaza 10 electrodom\u00e9sticos de cocina: olla de cocci\u00f3n lenta, olla a presi\u00f3n, sous vide, sart\u00e9n, esterilizador, yogurtera, calentador de alimentos, pastelera y vaporera.\u00a0La liberaci\u00f3n de vapor suave mejorada es m\u00e1s silenciosa y menos desordenada con la cubierta difusora.\u00a0Y el Pro est\u00e1 repleto de extras bien pensados, como manijas Easy Grip en la olla interior, una pantalla LCD grande que es f\u00e1cil de leer y una tapa con cierre autom\u00e1tico.\u00a0Instant Pot Pro ofrece la calidad, la comodidad y la versatilidad que espera de Instant: descubra lo incre\u00edble.<\/div>\n<\/div>\n<\/section>\n<\/div>\n<\/div>\n<\/div>\n<\/div>\n<div class=\"embedded-component-container lv product-features\">\n<h3><\/h3>\n<h3 class=\"heading-5 v-fw-regular feature-heading\">Caracter\u00edsticas<\/h3>\n<ul>\n<li><strong>Electrodom\u00e9sticos de cocina 10 en 1<\/strong><br \/>\nOlla a presi\u00f3n, olla de cocci\u00f3n lenta, sous vide, sart\u00e9n para saltear, esterilizador, yogurtera, calentador de alimentos, pastelera y vaporera<\/li>\n<li><strong>Cocina personalizable<\/strong><br \/>\nLos 28 ajustes de programa son perfectos para una selecci\u00f3n de comidas esenciales<\/li>\n<li><strong>M\u00e1s de 11 funciones de seguridad<\/strong><br \/>\nIncluye protecci\u00f3n contra sobrecalentamiento y tapa de bloqueo seguro<\/li>\n<li><strong>Convenientes favoritos<\/strong><br \/>\n5 configuraciones programables para sus propias recetas especiales<\/li>\n<li><strong>R\u00e1pido o lento<\/strong><br \/>\nCocine a presi\u00f3n para ahorrar tiempo y retener m\u00e1s sabor, o cocine a fuego lento para recetas tradicionales<\/li>\n<li><strong>capacidad para 8 porciones<\/strong><br \/>\nPerfecto para familias numerosas, preparaci\u00f3n de comidas y cocci\u00f3n por lotes.<\/li>\n<li><strong>Liberaci\u00f3n suave de vapor<\/strong><br \/>\nLa cubierta difusora reduce el ruido y evita salpicaduras en la encimera.<\/li>\n<\/ul>\n<\/div>\n","protected":false},"excerpt":{"rendered":"<p>Experimente la pr\u00f3xima generaci\u00f3n de conveniencia con Instant Pot\u00ae Pro.\u00a0Comienza con 28 programas de cocina inteligente y agrega 5 nuevas configuraciones de programas favoritos.\u00a0Pase menos tiempo en la cocina con<\/p>\n","protected":false},"featured_media":86489,"comment_status":"open","ping_status":"closed","template":"","meta":{"_acf_changed":false,"_joinchat":[]},"product_brand":[],"product_cat":[336,337,338,950],"product_tag":[],"class_list":{"0":"post-86486","1":"product","2":"type-product","3":"status-publish","4":"has-post-thumbnail","6":"product_cat-hogar","7":"product_cat-cocina","8":"product_cat-electrodomesticos","9":"product_cat-freidoras","11":"first","12":"instock","13":"sale","14":"shipping-taxable","15":"purchasable","16":"product-type-simple"},"acf":[],"_links":{"self":[{"href":"https:\/\/defabrica.com.mx\/defabrica\/wp-json\/wp\/v2\/product\/86486","targetHints":{"allow":["GET"]}}],"collection":[{"href":"https:\/\/defabrica.com.mx\/defabrica\/wp-json\/wp\/v2\/product"}],"about":[{"href":"https:\/\/defabrica.com.mx\/defabrica\/wp-json\/wp\/v2\/types\/product"}],"replies":[{"embeddable":true,"href":"https:\/\/defabrica.com.mx\/defabrica\/wp-json\/wp\/v2\/comments?post=86486"}],"wp:featuredmedia":[{"embeddable":true,"href":"https:\/\/defabrica.com.mx\/defabrica\/wp-json\/wp\/v2\/media\/86489"}],"wp:attachment":[{"href":"https:\/\/defabrica.com.mx\/defabrica\/wp-json\/wp\/v2\/media?parent=86486"}],"wp:term":[{"taxonomy":"product_brand","embeddable":true,"href":"https:\/\/defabrica.com.mx\/defabrica\/wp-json\/wp\/v2\/product_brand?post=86486"},{"taxonomy":"product_cat","embeddable":true,"href":"https:\/\/defabrica.com.mx\/defabrica\/wp-json\/wp\/v2\/product_cat?post=86486"},{"taxonomy":"product_tag","embeddable":true,"href":"https:\/\/defabrica.com.mx\/defabrica\/wp-json\/wp\/v2\/product_tag?post=86486"}],"curies":[{"name":"wp","href":"https:\/\/api.w.org\/{rel}","templated":true}]}}