{"id":86464,"date":"2022-07-04T19:30:07","date_gmt":"2022-07-05T00:30:07","guid":{"rendered":"https:\/\/defabrica.com.mx\/defabrica\/?post_type=product&#038;p=86464"},"modified":"2023-01-17T14:21:58","modified_gmt":"2023-01-17T20:21:58","slug":"breville-1-1-cu-pie-microondas-de-conveccion-acero-inoxidable-cepillado","status":"publish","type":"product","link":"https:\/\/defabrica.com.mx\/defabrica\/producto\/breville-1-1-cu-pie-microondas-de-conveccion-acero-inoxidable-cepillado\/","title":{"rendered":"Breville &#8211; 1.1 Cu. Pie. Microondas de convecci\u00f3n &#8211; Acero inoxidable cepillado"},"content":{"rendered":"<p>Aseg\u00farese de que las comidas se cocinen uniformemente con este microondas 3 en 1 Breville La ola combinada. Las funciones de parrilla, horno de convecci\u00f3n y microondas brindan una variedad de opciones de cocci\u00f3n, mientras que la tecnolog\u00eda Element IQ brinda con precisi\u00f3n la temperatura de cocci\u00f3n adecuada para obtener resultados \u00f3ptimos.\u00a0Este microondas Breville La ola combinada 3 en 1 cuenta con un inversor suavizado de energ\u00eda\u00a0para el ajuste autom\u00e1tico de la potencia para permitir una distribuci\u00f3n uniforme del calor.<\/p>\n<h3 class=\"heading-5 v-fw-regular feature-heading\"><strong>Caracter\u00edsticas<\/strong><\/h3>\n<ul>\n<li><strong>La carcasa de acero inoxidable cepillado brinda durabilidad y estilo<\/strong><br \/>\nEl exterior ofrece un complemento atractivo para la decoraci\u00f3n de su cocina existente.<\/li>\n<li><strong>El plato giratorio grande de 12,4&#8243; mantiene la comida girando<\/strong><br \/>\nAl voltear los alimentos a medida que se preparan, el plato giratorio garantiza una cocci\u00f3n uniforme y completa.<\/li>\n<li><strong>1400 W para una potente cocci\u00f3n en microondas<\/strong><br \/>\nDescongele, cocine y recaliente sus comidas y bebidas favoritas, de manera uniforme y r\u00e1pida.<\/li>\n<li><strong>Una variedad de programas de cocci\u00f3n para satisfacer sus necesidades<\/strong><br \/>\nDescongele, recaliente, pescado, tocino, palomitas de ma\u00edz, pizza, arroz, pollo, carne, pastel y mantequilla\/chocolate.<\/li>\n<li><strong>Funci\u00f3n combinada<\/strong><br \/>\nCocina m\u00e1s r\u00e1pido alternando entre funciones de cocci\u00f3n.<\/li>\n<li><strong>Sistema Element iQ<\/strong><br \/>\nAlgoritmos inteligentes y control de temperatura preciso.<\/li>\n<li><strong>funci\u00f3n de descongelaci\u00f3n<\/strong><br \/>\nDescongela r\u00e1pida y eficientemente art\u00edculos congelados.<\/li>\n<li><strong>Disfrute de comidas calentadas uniformemente con un sabor constante<\/strong><br \/>\nLa tecnolog\u00eda de convecci\u00f3n utiliza un ventilador para hacer circular el calor durante el proceso de cocci\u00f3n, lo que minimiza de manera efectiva la cantidad de puntos calientes y puntos fr\u00edos.<\/li>\n<li><strong>Compacto 1.1 cu. el interior de pies ofrece suficiente espacio para bocadillos<\/strong><br \/>\nVuelva a calentar una peque\u00f1a porci\u00f3n de las sobras o cocine una delicia, como palomitas de ma\u00edz.<\/li>\n<li><b>Inversor Suavizado de energ\u00eda\u00a0<\/b><br \/>\nAjusta autom\u00e1ticamente la intensidad de la energ\u00eda para una distribuci\u00f3n uniforme del calor.<\/li>\n<li><strong>Parrilla\u00a0<\/strong><b>el\u00e9ctrica<\/b><br \/>\nEl elemento de parrilla cocina alimentos crujientes, incluida la pizza, utilizando 1100 W de potencia de la parrilla.<\/li>\n<\/ul>\n","protected":false},"excerpt":{"rendered":"<p>Aseg\u00farese de que las comidas se cocinen uniformemente con este microondas 3 en 1 Breville La ola combinada. Las funciones de parrilla, horno de convecci\u00f3n y microondas brindan una variedad<\/p>\n","protected":false},"featured_media":86476,"comment_status":"open","ping_status":"closed","template":"","meta":{"_acf_changed":false,"_joinchat":[]},"product_brand":[],"product_cat":[336,337,338,950],"product_tag":[],"class_list":{"0":"post-86464","1":"product","2":"type-product","3":"status-publish","4":"has-post-thumbnail","6":"product_cat-hogar","7":"product_cat-cocina","8":"product_cat-electrodomesticos","9":"product_cat-freidoras","11":"first","12":"instock","13":"sale","14":"shipping-taxable","15":"purchasable","16":"product-type-simple"},"acf":[],"_links":{"self":[{"href":"https:\/\/defabrica.com.mx\/defabrica\/wp-json\/wp\/v2\/product\/86464","targetHints":{"allow":["GET"]}}],"collection":[{"href":"https:\/\/defabrica.com.mx\/defabrica\/wp-json\/wp\/v2\/product"}],"about":[{"href":"https:\/\/defabrica.com.mx\/defabrica\/wp-json\/wp\/v2\/types\/product"}],"replies":[{"embeddable":true,"href":"https:\/\/defabrica.com.mx\/defabrica\/wp-json\/wp\/v2\/comments?post=86464"}],"wp:featuredmedia":[{"embeddable":true,"href":"https:\/\/defabrica.com.mx\/defabrica\/wp-json\/wp\/v2\/media\/86476"}],"wp:attachment":[{"href":"https:\/\/defabrica.com.mx\/defabrica\/wp-json\/wp\/v2\/media?parent=86464"}],"wp:term":[{"taxonomy":"product_brand","embeddable":true,"href":"https:\/\/defabrica.com.mx\/defabrica\/wp-json\/wp\/v2\/product_brand?post=86464"},{"taxonomy":"product_cat","embeddable":true,"href":"https:\/\/defabrica.com.mx\/defabrica\/wp-json\/wp\/v2\/product_cat?post=86464"},{"taxonomy":"product_tag","embeddable":true,"href":"https:\/\/defabrica.com.mx\/defabrica\/wp-json\/wp\/v2\/product_tag?post=86464"}],"curies":[{"name":"wp","href":"https:\/\/api.w.org\/{rel}","templated":true}]}}