{"id":86455,"date":"2022-07-04T19:04:19","date_gmt":"2022-07-05T00:04:19","guid":{"rendered":"https:\/\/defabrica.com.mx\/defabrica\/?post_type=product&#038;p=86455"},"modified":"2023-01-17T14:22:19","modified_gmt":"2023-01-17T20:22:19","slug":"freidora-de-aire-breville-smart-oven-acero-inoxidable-cepillado","status":"publish","type":"product","link":"https:\/\/defabrica.com.mx\/defabrica\/producto\/freidora-de-aire-breville-smart-oven-acero-inoxidable-cepillado\/","title":{"rendered":"Freidora de aire Breville Smart Oven &#8211; Acero inoxidable cepillado"},"content":{"rendered":"<p>La freidora de aire Smart Oven impulsada por nuestro sistema Element iQ ofrece el m\u00e1ximo rendimiento y versatilidad.\u00a0Los algoritmos inteligentes replican el entorno de cocci\u00f3n ideal para fre\u00edr al aire y 10 t\u00e9cnicas de cocci\u00f3n adicionales.\u00a0Las temperaturas m\u00e1s altas y la s\u00faper convecci\u00f3n aceleran el tiempo de cocci\u00f3n con una gran nitidez.<\/p>\n<h3 class=\"heading-5 v-fw-regular feature-heading\"><strong>Caracter\u00edsticas<\/strong><\/h3>\n<ul>\n<li><strong>CONFIGURACI\u00d3N ESPEC\u00cdFICA PARA FRE\u00cdR CON AIRE<\/strong><br \/>\n\u00bfPor qu\u00e9 comprar una freidora de aire independiente cuando la Smart Oven Air Fryer puede producir papas fritas, alitas de pollo, los favoritos de la familia y mucho m\u00e1s sin culpa? Las temperaturas m\u00e1s altas combinadas con la s\u00faper convecci\u00f3n (flujo de aire maximizado) brindan alimentos fritos con aire dorado, crujientes y deliciosos.<\/li>\n<li><strong>SISTEMA ELEMENT IQ<\/strong><br \/>\nLos algoritmos inteligentes dirigen la energ\u00eda hacia donde y cuando se necesita para crear el entorno de cocci\u00f3n ideal, para una variedad de t\u00e9cnicas de cocci\u00f3n diferentes. Con detecci\u00f3n y control de temperatura PID digital, elimina los puntos fr\u00edos para una cocci\u00f3n precisa y uniforme.<\/li>\n<li><strong>S\u00daPER VERS\u00c1TIL<\/strong><br \/>\n11 funciones de cocci\u00f3n para guiarlo a la perfecci\u00f3n: tostar 6 rebanadas, bagel, asar, hornear, asar, calentar, pizza, fre\u00edr al aire, recalentar, galletas y cocci\u00f3n lenta para tiempos de cocci\u00f3n prolongados, a bajas temperaturas.<\/li>\n<li><strong>CONVECCI\u00d3N DE VELOCIDAD DOBLE<\/strong><br \/>\nLa convecci\u00f3n puede reducir el tiempo de cocci\u00f3n hasta en un 30%. Acelera el proceso de cocci\u00f3n elevando el aire m\u00e1s caliente y hundiendo el aire m\u00e1s fr\u00edo y menos denso para un calentamiento m\u00e1s r\u00e1pido. Super Convenci\u00f3n ofrece un flujo de aire extremo, ideal para Air Fry.<\/li>\n<li><strong>PANTALLA LCD<\/strong><br \/>\nPantalla LCD para acceder f\u00e1cilmente a la funcionalidad inteligente integrada, elija entre 11 funciones de cocina inteligente. La pantalla LCD tambi\u00e9n indica cu\u00e1ndo se ha completado el precalentamiento y autom\u00e1ticamente comienza la cuenta regresiva del tiempo de cocci\u00f3n para obtener resultados perfectos.<\/li>\n<\/ul>\n","protected":false},"excerpt":{"rendered":"<p>La freidora de aire Smart Oven impulsada por nuestro sistema Element iQ ofrece el m\u00e1ximo rendimiento y versatilidad.\u00a0Los algoritmos inteligentes replican el entorno de cocci\u00f3n ideal para fre\u00edr al aire<\/p>\n","protected":false},"featured_media":86457,"comment_status":"open","ping_status":"closed","template":"","meta":{"_acf_changed":false,"_joinchat":[]},"product_brand":[],"product_cat":[336,337,338,950],"product_tag":[],"class_list":{"0":"post-86455","1":"product","2":"type-product","3":"status-publish","4":"has-post-thumbnail","6":"product_cat-hogar","7":"product_cat-cocina","8":"product_cat-electrodomesticos","9":"product_cat-freidoras","11":"first","12":"instock","13":"sale","14":"shipping-taxable","15":"purchasable","16":"product-type-simple"},"acf":[],"_links":{"self":[{"href":"https:\/\/defabrica.com.mx\/defabrica\/wp-json\/wp\/v2\/product\/86455","targetHints":{"allow":["GET"]}}],"collection":[{"href":"https:\/\/defabrica.com.mx\/defabrica\/wp-json\/wp\/v2\/product"}],"about":[{"href":"https:\/\/defabrica.com.mx\/defabrica\/wp-json\/wp\/v2\/types\/product"}],"replies":[{"embeddable":true,"href":"https:\/\/defabrica.com.mx\/defabrica\/wp-json\/wp\/v2\/comments?post=86455"}],"wp:featuredmedia":[{"embeddable":true,"href":"https:\/\/defabrica.com.mx\/defabrica\/wp-json\/wp\/v2\/media\/86457"}],"wp:attachment":[{"href":"https:\/\/defabrica.com.mx\/defabrica\/wp-json\/wp\/v2\/media?parent=86455"}],"wp:term":[{"taxonomy":"product_brand","embeddable":true,"href":"https:\/\/defabrica.com.mx\/defabrica\/wp-json\/wp\/v2\/product_brand?post=86455"},{"taxonomy":"product_cat","embeddable":true,"href":"https:\/\/defabrica.com.mx\/defabrica\/wp-json\/wp\/v2\/product_cat?post=86455"},{"taxonomy":"product_tag","embeddable":true,"href":"https:\/\/defabrica.com.mx\/defabrica\/wp-json\/wp\/v2\/product_tag?post=86455"}],"curies":[{"name":"wp","href":"https:\/\/api.w.org\/{rel}","templated":true}]}}