{"id":86330,"date":"2022-07-02T23:36:10","date_gmt":"2022-07-03T04:36:10","guid":{"rendered":"https:\/\/defabrica.com.mx\/defabrica\/?post_type=product&#038;p=86330"},"modified":"2023-01-17T13:38:16","modified_gmt":"2023-01-17T19:38:16","slug":"dji-camara-de-accion-action-2-power-combo-4k","status":"publish","type":"product","link":"https:\/\/defabrica.com.mx\/defabrica\/producto\/dji-camara-de-accion-action-2-power-combo-4k\/","title":{"rendered":"DJI &#8211; C\u00e1mara de acci\u00f3n Action 2 Power Combo 4K"},"content":{"rendered":"<div class=\"embedded-component-container lv product-description\">\n<div>\n<div id=\"shop-product-description-42046783\" class=\"_none\" data-version=\"1.3.45\">\n<div class=\"shop-product-description\">\n<section class=\"align-heading-left\" data-reactroot=\"\">\n<div class=\"long-description-container body-copy \">\n<div class=\"html-fragment\">DJI Action 2 no solo es ultravers\u00e1til, tambi\u00e9n es nuestra c\u00e1mara de acci\u00f3n m\u00e1s poderosa hasta el momento.\u00a0El innovador dise\u00f1o magn\u00e9tico le permite intercambiar accesorios sin esfuerzo mientras captura la vida en movimiento.\u00a0Desde parkour hasta paseos por el parque, rompa el molde con DJI Action 2. DJI Action 2 Power Combo incluye una unidad de c\u00e1mara, un m\u00f3dulo de alimentaci\u00f3n, un cord\u00f3n magn\u00e9tico, un soporte de adaptador magn\u00e9tico y un cable de alimentaci\u00f3n.\u00a0Es una opci\u00f3n con una excelente relaci\u00f3n calidad-precio que ofrece una mayor duraci\u00f3n de la bater\u00eda, accesorios port\u00e1tiles y una gran capacidad de expansi\u00f3n.<\/div>\n<\/div>\n<\/section>\n<\/div>\n<\/div>\n<\/div>\n<\/div>\n<div class=\"embedded-component-container lv product-features\">\n<h3><\/h3>\n<h3 class=\"heading-5 v-fw-regular feature-heading\"><strong>Caracter\u00edsticas<\/strong><\/h3>\n<ul>\n<li><strong>Versatilidad magn\u00e9tica<\/strong><br \/>\nEl innovador dise\u00f1o magn\u00e9tico le permite intercambiar accesorios sin esfuerzo mientras captura la vida en movimiento. Desde parkour hasta paseos por el parque, rompe moldes con DJI Action 2.<\/li>\n<li><strong>4K\/120fps<\/strong><br \/>\nGraba secuencias asombrosamente fluidas con ricos detalles que se destacan del resto. DJI Action 2 alcanza alturas nunca antes vistas con su capacidad para disparar 4K\/120 fps.<\/li>\n<li><strong>FOV s\u00faper amplio<\/strong><br \/>\nMejore su perspectiva y obtenga una mayor profundidad de campo con un FOV ultra amplio de 155\u00b0. La lente asf\u00e9rica personalizada de Action 2 agudiza los bordes y reduce la distorsi\u00f3n de la imagen.<\/li>\n<li><strong>Port\u00e1til y usable<\/strong><br \/>\nAction 2 te permite permanecer en el momento mientras capturas lo espectacular. Con el cord\u00f3n magn\u00e9tico y la banda magn\u00e9tica para la cabeza, puede usar c\u00f3modamente Action 2 en el pecho o la cabeza, mantener las manos libres y filmar en FPV.<\/li>\n<li><strong>HorizonteEstable<\/strong><br \/>\nHorizonSteady mantiene el nivel de su metraje, sin importar qu\u00e9 tan salvaje sea la acci\u00f3n. Desde karts hasta motos de cross, el \u00faltimo algoritmo de estabilizaci\u00f3n incorporado de DJI detecta y corrige el movimiento y la rotaci\u00f3n de la c\u00e1mara en tiempo real.<\/li>\n<li><strong>10m impermeable<\/strong><br \/>\nConstruida resistente, la unidad de c\u00e1mara Action 2 es a prueba de ca\u00eddas, a prueba de polvo e impermeable a profundidades de hasta 10 metros. Y con una pantalla t\u00e1ctil y una lente construida con Gorilla Glass, es lo suficientemente resistente para cualquier aventura.<\/li>\n<li><strong>Lapso de tiempo<\/strong><br \/>\nMuestra tu estilo creativo con un lapso de tiempo espectacular. Capture el bullicio de la ciudad o las nubes de tormenta que se acercan con un paso acelerado del tiempo.<\/li>\n<li><strong>8x c\u00e1mara lenta<\/strong><br \/>\nUn cuasi accidente, el momento del impacto o el rompimiento de una ola son a\u00fan m\u00e1s \u00e9picos en c\u00e1mara lenta. Con Action 2, incluso puede habilitar o deshabilitar la c\u00e1mara lenta durante el disparo para obtener una sincronizaci\u00f3n precisa y m\u00e1s libertad.<\/li>\n<li><strong>Zoom digital<\/strong><br \/>\nCambie sin problemas de primeros planos a tomas a distancia, incluso mientras dispara, para agregar mayor profundidad a su metraje.<\/li>\n<li><strong>editor de IA<\/strong><br \/>\nEl contenido digno de compartir est\u00e1 a solo unos toques de distancia. La aplicaci\u00f3n DJI Mimo selecciona y combina autom\u00e1ticamente tus momentos \u00e9picos con transiciones impecables y m\u00fasica alegre.<\/li>\n<\/ul>\n<\/div>\n","protected":false},"excerpt":{"rendered":"<p>DJI Action 2 no solo es ultravers\u00e1til, tambi\u00e9n es nuestra c\u00e1mara de acci\u00f3n m\u00e1s poderosa hasta el momento.\u00a0El innovador dise\u00f1o magn\u00e9tico le permite intercambiar accesorios sin esfuerzo mientras captura la<\/p>\n","protected":false},"featured_media":86331,"comment_status":"open","ping_status":"closed","template":"","meta":{"_acf_changed":false,"_joinchat":[]},"product_brand":[],"product_cat":[1516,442,284,444],"product_tag":[],"class_list":{"0":"post-86330","1":"product","2":"type-product","3":"status-publish","4":"has-post-thumbnail","6":"product_cat-ofertas-camaras","7":"product_cat-camaras","8":"product_cat-camaras-y-lentes","9":"product_cat-todas-las-camaras-y-lentes","11":"first","12":"instock","13":"sale","14":"shipping-taxable","15":"purchasable","16":"product-type-simple"},"acf":[],"_links":{"self":[{"href":"https:\/\/defabrica.com.mx\/defabrica\/wp-json\/wp\/v2\/product\/86330","targetHints":{"allow":["GET"]}}],"collection":[{"href":"https:\/\/defabrica.com.mx\/defabrica\/wp-json\/wp\/v2\/product"}],"about":[{"href":"https:\/\/defabrica.com.mx\/defabrica\/wp-json\/wp\/v2\/types\/product"}],"replies":[{"embeddable":true,"href":"https:\/\/defabrica.com.mx\/defabrica\/wp-json\/wp\/v2\/comments?post=86330"}],"wp:featuredmedia":[{"embeddable":true,"href":"https:\/\/defabrica.com.mx\/defabrica\/wp-json\/wp\/v2\/media\/86331"}],"wp:attachment":[{"href":"https:\/\/defabrica.com.mx\/defabrica\/wp-json\/wp\/v2\/media?parent=86330"}],"wp:term":[{"taxonomy":"product_brand","embeddable":true,"href":"https:\/\/defabrica.com.mx\/defabrica\/wp-json\/wp\/v2\/product_brand?post=86330"},{"taxonomy":"product_cat","embeddable":true,"href":"https:\/\/defabrica.com.mx\/defabrica\/wp-json\/wp\/v2\/product_cat?post=86330"},{"taxonomy":"product_tag","embeddable":true,"href":"https:\/\/defabrica.com.mx\/defabrica\/wp-json\/wp\/v2\/product_tag?post=86330"}],"curies":[{"name":"wp","href":"https:\/\/api.w.org\/{rel}","templated":true}]}}