{"id":86283,"date":"2022-07-02T23:04:50","date_gmt":"2022-07-03T04:04:50","guid":{"rendered":"https:\/\/defabrica.com.mx\/defabrica\/?post_type=product&#038;p=86283"},"modified":"2023-01-17T13:34:47","modified_gmt":"2023-01-17T19:34:47","slug":"gopro-camara-de-accion-negra-hero10","status":"publish","type":"product","link":"https:\/\/defabrica.com.mx\/defabrica\/producto\/gopro-camara-de-accion-negra-hero10\/","title":{"rendered":"GoPro &#8211; C\u00e1mara de acci\u00f3n negra HERO10"},"content":{"rendered":"<div class=\"embedded-component-container lv product-description\">\n<div>\n<div id=\"shop-product-description-59475723\" class=\"_none\" data-version=\"1.3.45\">\n<div class=\"shop-product-description\">\n<section class=\"align-heading-left\" data-reactroot=\"\">\n<div class=\"long-description-container body-copy \">\n<div class=\"html-fragment\">Capture vlogs de calidad con esta c\u00e1mara negra GoPro HERO10.\u00a0La bater\u00eda recargable extra\u00edble de 1720 mAh ofrece largos per\u00edodos de disparo, mientras que el dise\u00f1o resistente e impermeable permite un uso flexible en diferentes terrenos.\u00a0Esta c\u00e1mara GoPro HERO10 cuenta con una pantalla de 1,4 pulgadas para encuadrar tomas sin problemas, y el sensor de 23MP captura videos de 5,3K sin esfuerzo.<\/div>\n<\/div>\n<\/section>\n<\/div>\n<\/div>\n<\/div>\n<\/div>\n<div class=\"embedded-component-container lv product-features\">\n<h3><\/h3>\n<h3 class=\"heading-5 v-fw-regular feature-heading\"><strong>Caracter\u00edsticas<\/strong><\/h3>\n<ul>\n<li><strong>v\u00eddeo de 5,3 K<\/strong><br \/>\nGraba videos de calidad con una resoluci\u00f3n de hasta 5.3K a 60 fps, perfecto para mantener detalles serios incluso cuando haces zoom. incre\u00edble.<\/li>\n<li><strong>Fotos de 23,0 MP<\/strong><br \/>\nPuede disparar con detalles finos, texturas realistas y un contraste fant\u00e1stico, incluso con poca luz.<\/li>\n<li><strong>Pantalla frontal y pantalla t\u00e1ctil trasera<\/strong><br \/>\nEncuadrar tus tomas para vlogs y selfies es mejor con la pantalla LCD frontal de alta calidad que presenta una velocidad de fotogramas fluida y detalles n\u00edtidos. Los controles t\u00e1ctiles tambi\u00e9n son \u00e1giles, por lo que el obturador responde mejor.<\/li>\n<li><strong>procesador GP2<\/strong><br \/>\nOfrece un rendimiento \u00e1gil, controles t\u00e1ctiles receptivos y el doble de velocidad de fotogramas para un metraje incre\u00edblemente fluido.<\/li>\n<li><strong>Estabilizaci\u00f3n de v\u00eddeo HyperSmooth 4.0<\/strong><br \/>\nObtenga un rendimiento con poca luz y nivelaci\u00f3n del horizonte a\u00fan mejores con el l\u00edmite de inclinaci\u00f3n alto, para que sus im\u00e1genes se vean perfectamente rectas cuando lo desee.<\/li>\n<li><strong>Detecci\u00f3n de rostro, sonrisa, parpadeo y escena<\/strong><br \/>\nHERO10 Black reconoce sonrisas, parpadeos y m\u00e1s. La aplicaci\u00f3n GoPro usa esos detalles para elegir de manera inteligente tus mejores fotos y videos para crear asombrosas historias en video.<\/li>\n<li><strong>Cubierta de lente resistente a los ara\u00f1azos<\/strong><br \/>\nBrinda protecci\u00f3n adicional y se puede reemplazar f\u00e1cilmente si es necesario.<\/li>\n<li><strong>Dise\u00f1o resistente<\/strong><br \/>\nLa calidad de construcci\u00f3n robusta puede soportar una paliza y continuar, ya sea que est\u00e9 arrasando con barro, nieve o agua hasta 33&#8242;.<\/li>\n<li><strong>Preajustes para cualquier situaci\u00f3n<\/strong><br \/>\nLa HERO10 Black viene con los modos Est\u00e1ndar, Actividad y Cinem\u00e1tico. Incluso puede crear preajustes personalizados para acceder r\u00e1pidamente a sus configuraciones favoritas.<\/li>\n<li><strong>Pegatinas de rendimiento GPS<\/strong><br \/>\nObtenga superposiciones animadas en tiempo real que muestran su velocidad, altitud, posici\u00f3n de pista y fuerzas G.<\/li>\n<li><strong>Modo c\u00e1mara web<\/strong><br \/>\nConecta la HERO10 Black a tu computadora para transmitir en 1080p Full HD.<\/li>\n<li><strong>Control de voz<\/strong><br \/>\nVaya manos libres con 14 comandos de voz en 11 idiomas y 6 acentos.<\/li>\n<li><strong>formato de v\u00eddeo HEVC<\/strong><br \/>\nUse la codificaci\u00f3n de video de alta eficiencia (HEVC) para reducir el tama\u00f1o de los archivos sin perder calidad de imagen.<\/li>\n<li><strong>Bater\u00eda de larga duraci\u00f3n<\/strong><br \/>\nSu bater\u00eda recargable de iones de litio tiene una capacidad de 1720 mAh, por lo que puede pasar m\u00e1s tiempo disparando y menos tiempo cambiando las bater\u00edas.<\/li>\n<li><strong>Conectividad r\u00e1pida y confiable<\/strong><br \/>\nTransferir fotos y videos desde tu GoPro conectado a la nube a tu tel\u00e9fono es simple y vers\u00e1til, con tu elecci\u00f3n de carga inal\u00e1mbrica sin esfuerzo a trav\u00e9s de la aplicaci\u00f3n Quik o una conexi\u00f3n por cable r\u00e1pida a trav\u00e9s de USB.<\/li>\n<\/ul>\n<\/div>\n","protected":false},"excerpt":{"rendered":"<p>Capture vlogs de calidad con esta c\u00e1mara negra GoPro HERO10.\u00a0La bater\u00eda recargable extra\u00edble de 1720 mAh ofrece largos per\u00edodos de disparo, mientras que el dise\u00f1o resistente e impermeable permite un<\/p>\n","protected":false},"featured_media":86286,"comment_status":"open","ping_status":"closed","template":"","meta":{"_acf_changed":false,"_joinchat":[]},"product_brand":[],"product_cat":[1516,442,284,444],"product_tag":[],"class_list":{"0":"post-86283","1":"product","2":"type-product","3":"status-publish","4":"has-post-thumbnail","6":"product_cat-ofertas-camaras","7":"product_cat-camaras","8":"product_cat-camaras-y-lentes","9":"product_cat-todas-las-camaras-y-lentes","11":"first","12":"instock","13":"sale","14":"shipping-taxable","15":"purchasable","16":"product-type-simple"},"acf":[],"_links":{"self":[{"href":"https:\/\/defabrica.com.mx\/defabrica\/wp-json\/wp\/v2\/product\/86283","targetHints":{"allow":["GET"]}}],"collection":[{"href":"https:\/\/defabrica.com.mx\/defabrica\/wp-json\/wp\/v2\/product"}],"about":[{"href":"https:\/\/defabrica.com.mx\/defabrica\/wp-json\/wp\/v2\/types\/product"}],"replies":[{"embeddable":true,"href":"https:\/\/defabrica.com.mx\/defabrica\/wp-json\/wp\/v2\/comments?post=86283"}],"wp:featuredmedia":[{"embeddable":true,"href":"https:\/\/defabrica.com.mx\/defabrica\/wp-json\/wp\/v2\/media\/86286"}],"wp:attachment":[{"href":"https:\/\/defabrica.com.mx\/defabrica\/wp-json\/wp\/v2\/media?parent=86283"}],"wp:term":[{"taxonomy":"product_brand","embeddable":true,"href":"https:\/\/defabrica.com.mx\/defabrica\/wp-json\/wp\/v2\/product_brand?post=86283"},{"taxonomy":"product_cat","embeddable":true,"href":"https:\/\/defabrica.com.mx\/defabrica\/wp-json\/wp\/v2\/product_cat?post=86283"},{"taxonomy":"product_tag","embeddable":true,"href":"https:\/\/defabrica.com.mx\/defabrica\/wp-json\/wp\/v2\/product_tag?post=86283"}],"curies":[{"name":"wp","href":"https:\/\/api.w.org\/{rel}","templated":true}]}}