{"id":86265,"date":"2022-07-02T22:53:55","date_gmt":"2022-07-03T03:53:55","guid":{"rendered":"https:\/\/defabrica.com.mx\/defabrica\/?post_type=product&#038;p=86265"},"modified":"2023-01-17T13:25:44","modified_gmt":"2023-01-17T19:25:44","slug":"gopro-camara-de-accion-de-transmision-de-5k-y-20-mp-hero9-black-negro","status":"publish","type":"product","link":"https:\/\/defabrica.com.mx\/defabrica\/producto\/gopro-camara-de-accion-de-transmision-de-5k-y-20-mp-hero9-black-negro\/","title":{"rendered":"GoPro &#8211; C\u00e1mara de acci\u00f3n de transmisi\u00f3n de 5K y 20 MP HERO9 Black &#8211; Negro"},"content":{"rendered":"<div class=\"embedded-component-container lv product-description\">\n<div>\n<div id=\"shop-product-description-29435276\" class=\"_none\" data-version=\"1.3.45\">\n<div class=\"shop-product-description\">\n<section class=\"align-heading-left\" data-reactroot=\"\">\n<div class=\"long-description-container body-copy \">\n<div class=\"html-fragment\">Graba vlogs cautivadores y toma fotos brillantes con esta c\u00e1mara negra GoPro HERO9.\u00a0El sensor CMOS de alta calidad captura videos de 5K e im\u00e1genes de hasta 20.0MP para una claridad asombrosa, y la compatibilidad con una tarjeta microSD ofrece espacio de almacenamiento personalizable.\u00a0Esta c\u00e1mara GoPro HERO9 resistente al agua permite su uso en la playa o la piscina.<\/div>\n<\/div>\n<\/section>\n<\/div>\n<\/div>\n<\/div>\n<\/div>\n<div class=\"embedded-component-container lv product-features\">\n<h3><\/h3>\n<h3 class=\"heading-5 v-fw-regular feature-heading\"><strong>Caracter\u00edsticas<\/strong><\/h3>\n<ul>\n<li><strong>V\u00eddeo 5K<\/strong><br \/>\nGraba videos asombrosos con una resoluci\u00f3n de hasta 5K, perfectos para mantener detalles serios incluso cuando haces zoom. Con un nuevo sensor de 23.6MP que es una potencia absoluta, la HERO9 Black brinda nitidez de imagen realista, movimiento fluido y nivelaci\u00f3n del horizonte en la c\u00e1mara que siempre impresiona.<\/li>\n<li><strong>Foto de 20MP con SuperFoto<\/strong><br \/>\nCapture fotos n\u00edtidas y de calidad profesional con una claridad de 20 MP. Y con SuperPhoto, la HERO9 Black puede elegir autom\u00e1ticamente el mejor procesamiento de im\u00e1genes para ti, por lo que es muy f\u00e1cil lograr la toma perfecta.<\/li>\n<li><strong>Montaje incorporado<\/strong><br \/>\nNo m\u00e1s llevar un marco separado. Simplemente levante los dedos plegables, conecte su c\u00e1mara a cualquier soporte y listo.<\/li>\n<li><strong>Pantalla frontal + pantalla t\u00e1ctil trasera<\/strong><br \/>\nUna pantalla t\u00e1ctil trasera nueva y m\u00e1s grande con zoom t\u00e1ctil en la HERO9 Black deber\u00eda sentirse instant\u00e1neamente familiar y una nueva y deslumbrante pantalla frontal facilita el encuadre y el control intuitivo de la c\u00e1mara.<\/li>\n<li><strong>Potente bater\u00eda<\/strong><br \/>\nLa bater\u00eda dura un 30 % m\u00e1s gracias a una bater\u00eda m\u00e1s grande de 1720 mAh. Esto le permite disparar m\u00e1s sin tener que cambiar las bater\u00edas y contiene suficiente energ\u00eda para alimentar su c\u00e1mara a trav\u00e9s del fr\u00edo.<\/li>\n<li><strong>Hipersuave 3.0<\/strong><br \/>\nExperimente la m\u00e1xima suavidad con nuestra estabilizaci\u00f3n de video m\u00e1s avanzada. HyperSmooth 3.0 permite la nivelaci\u00f3n del horizonte en la c\u00e1mara y el impulso en todas las configuraciones.<\/li>\n<li><strong>Nivelaci\u00f3n de horizonte<\/strong><br \/>\nLa nivelaci\u00f3n del horizonte en la c\u00e1mara (hasta un 45 % de inclinaci\u00f3n) ahora es posible con la nueva lente digital Linear + Horizon Leveling, que ayuda a que su metraje se mantenga estable y recto.<\/li>\n<li><strong>Time Warp 3.0<\/strong><br \/>\nGraba fascinantes escenas de lapso de tiempo mientras te mueves por la carretera, a pie o en cualquier otro lugar. TimeWarp 3.0 condensa el tiempo, capturando momentos como ninguna otra cosa. Speed \u200b\u200bRamp es una nueva capacidad que le permite seleccionar Real Speed \u200b\u200b(ahora con audio) o Half Speed \u200b\u200bdurante la grabaci\u00f3n.<\/li>\n<li><strong>Pantalla t\u00e1ctil intuitiva<\/strong><br \/>\nSea un buen operador. Con una pantalla t\u00e1ctil, es f\u00e1cil controlar su c\u00e1mara. O encuadre su toma, reproduzca im\u00e1genes y tome una selfie en el modo HERO.<\/li>\n<li><strong>Transmisi\u00f3n en vivo en 1080p<\/strong><br \/>\nTransmita en vivo en 1080p en las redes sociales, obtenga la estabilizaci\u00f3n HyperSmooth mientras transmite a trav\u00e9s de la aplicaci\u00f3n GoPro y guarde el metraje en su tarjeta SD para verlo m\u00e1s tarde.<\/li>\n<li><strong>Modo c\u00e1mara web<\/strong><br \/>\nConecta la HERO9 Black a tu computadora para transmitir en Full HD de 1080p. Utilice monturas GoPro para crear su configuraci\u00f3n de c\u00e1mara web ideal.<\/li>\n<li><strong>Robusto + Resistente al agua<\/strong><br \/>\nDispara en las condiciones m\u00e1s complicadas imaginables. La HERO9 Black puede soportarlo. Es resistente como un clavo y resistente al agua hasta 33 pies desde el primer momento.<\/li>\n<li><strong>Herramientas el\u00e9ctricas<\/strong><br \/>\nHERO9 Black viene con Power Tools, un conjunto completo de configuraciones de captura inteligente que ampl\u00edan las opciones de captura m\u00e1s all\u00e1 de simplemente presionar el bot\u00f3n del obturador. Las herramientas el\u00e9ctricas incluyen HindSight, LiveBurst, Captura programada y Captura de duraci\u00f3n.<\/li>\n<li><strong>V\u00eddeo de lapso de noche<\/strong><br \/>\nGraba asombrosos videos de lapso de tiempo por la noche en 4K, 2.7 4:3, 1440p o 1080p, todo procesado en la c\u00e1mara.<\/li>\n<li><strong>Lentes digitales<\/strong><br \/>\nLas tomas \u00e9picas son tan f\u00e1ciles como tocar una lente digital. Ahora puede cambiar entre Narrow, Linear, Wide, SuperView y Linear + Horizon Leveling.<\/li>\n<li><strong>Control de voz<\/strong><br \/>\nVaya manos libres con 14 comandos de voz como \u00abGoPro, toma una foto\u00bb. Incluso si la c\u00e1mara est\u00e1 apagada, puedes decir \u00abGoPro, enci\u00e9ndela\u00bb. HERO9 Black entiende ingl\u00e9s (EE. UU., Reino Unido, AU e India), franc\u00e9s, espa\u00f1ol (UE y NA) y m\u00e1s.<\/li>\n<li><strong>Orientaci\u00f3n Vertical<\/strong><br \/>\nCapture fotos y videos en orientaci\u00f3n vertical, perfectos para sus Historias de Snapchat e Instagram.<\/li>\n<li><strong>Foto RAW<\/strong><br \/>\nEl modo RAW ofrece la mayor flexibilidad, est\u00e1 disponible para fotos de lapso de tiempo y r\u00e1faga, adem\u00e1s funciona en secuencias de una o varias tomas.<\/li>\n<li><strong>8x c\u00e1mara lenta<\/strong><br \/>\nTodo se ve \u00e9pico en c\u00e1mara lenta. El video de 1080p con velocidad de cuadro ultra alta, con estabilizaci\u00f3n HyperSmooth 3.0, permite una c\u00e1mara lenta de hasta 8x para este efecto siempre popular.<\/li>\n<li><strong>Descarga de USB-C a dispositivos Android<\/strong><br \/>\nTransfiere fotos y videos r\u00e1pidamente a trav\u00e9s del cable USB-C. Perfecto para cuando quieres esa conexi\u00f3n de la vieja escuela. Compatible con dispositivos Android.<\/li>\n<li><strong>formato de v\u00eddeo HEVC<\/strong><br \/>\nNo acapares toda la tarjeta SD. Use la codificaci\u00f3n de video de alta eficiencia (HEVC) para reducir el tama\u00f1o de los archivos sin perder calidad de imagen.<\/li>\n<li><strong>Superposiciones de datos + GPS<\/strong><br \/>\nMuestre su ubicaci\u00f3n, altitud y velocidad en la pantalla agregando superposiciones de datos a sus videos en la aplicaci\u00f3n GoPro. Las opciones incluyen veloc\u00edmetro, logotipo de GoPro, ruta de GPS, altitud, mapa, gr\u00e1fico de velocidad y G-Force.<\/li>\n<li><strong>Rostro, Sonrisa, Parpadeo + Detecci\u00f3n de escena<\/strong><br \/>\nHERO9 Black reconoce sonrisas, parpadeos y m\u00e1s. La aplicaci\u00f3n GoPro usa esos detalles para seleccionar de manera inteligente tus mejores fotos y videos para crear asombrosas historias en video.<\/li>\n<li><strong>Aplicaci\u00f3n GoPro<\/strong><br \/>\nLa aplicaci\u00f3n le permite controlar su c\u00e1mara de forma remota, iniciar y detener la grabaci\u00f3n y descargar medios. Adem\u00e1s, puede realizar ediciones de uno o varios clips y compartir todo desde su tel\u00e9fono.<\/li>\n<li><strong>Compatible con monturas y accesorios GoPro<\/strong><br \/>\nCaptura tu mundo con 45 monturas y accesorios compatibles, incluidas modificaciones para crear tu potencia port\u00e1til HERO9 Black.<\/li>\n<\/ul>\n<\/div>\n","protected":false},"excerpt":{"rendered":"<p>Graba vlogs cautivadores y toma fotos brillantes con esta c\u00e1mara negra GoPro HERO9.\u00a0El sensor CMOS de alta calidad captura videos de 5K e im\u00e1genes de hasta 20.0MP para una claridad<\/p>\n","protected":false},"featured_media":86267,"comment_status":"open","ping_status":"closed","template":"","meta":{"_acf_changed":false,"_joinchat":[]},"product_brand":[],"product_cat":[1516,442,284,444],"product_tag":[],"class_list":{"0":"post-86265","1":"product","2":"type-product","3":"status-publish","4":"has-post-thumbnail","6":"product_cat-ofertas-camaras","7":"product_cat-camaras","8":"product_cat-camaras-y-lentes","9":"product_cat-todas-las-camaras-y-lentes","11":"first","12":"instock","13":"sale","14":"shipping-taxable","15":"purchasable","16":"product-type-simple"},"acf":[],"_links":{"self":[{"href":"https:\/\/defabrica.com.mx\/defabrica\/wp-json\/wp\/v2\/product\/86265","targetHints":{"allow":["GET"]}}],"collection":[{"href":"https:\/\/defabrica.com.mx\/defabrica\/wp-json\/wp\/v2\/product"}],"about":[{"href":"https:\/\/defabrica.com.mx\/defabrica\/wp-json\/wp\/v2\/types\/product"}],"replies":[{"embeddable":true,"href":"https:\/\/defabrica.com.mx\/defabrica\/wp-json\/wp\/v2\/comments?post=86265"}],"wp:featuredmedia":[{"embeddable":true,"href":"https:\/\/defabrica.com.mx\/defabrica\/wp-json\/wp\/v2\/media\/86267"}],"wp:attachment":[{"href":"https:\/\/defabrica.com.mx\/defabrica\/wp-json\/wp\/v2\/media?parent=86265"}],"wp:term":[{"taxonomy":"product_brand","embeddable":true,"href":"https:\/\/defabrica.com.mx\/defabrica\/wp-json\/wp\/v2\/product_brand?post=86265"},{"taxonomy":"product_cat","embeddable":true,"href":"https:\/\/defabrica.com.mx\/defabrica\/wp-json\/wp\/v2\/product_cat?post=86265"},{"taxonomy":"product_tag","embeddable":true,"href":"https:\/\/defabrica.com.mx\/defabrica\/wp-json\/wp\/v2\/product_tag?post=86265"}],"curies":[{"name":"wp","href":"https:\/\/api.w.org\/{rel}","templated":true}]}}