{"id":86237,"date":"2022-07-02T22:33:00","date_gmt":"2022-07-03T03:33:00","guid":{"rendered":"https:\/\/defabrica.com.mx\/defabrica\/?post_type=product&#038;p=86237"},"modified":"2023-01-17T13:23:52","modified_gmt":"2023-01-17T19:23:52","slug":"panasonic-cuerpo-de-camara-fotografica-digital-4k-sin-espejo-lumix-g7-con-lente-de-14-42-mm-f3-5-5-6-ii-dmc-g7kk-negro","status":"publish","type":"product","link":"https:\/\/defabrica.com.mx\/defabrica\/producto\/panasonic-cuerpo-de-camara-fotografica-digital-4k-sin-espejo-lumix-g7-con-lente-de-14-42-mm-f3-5-5-6-ii-dmc-g7kk-negro\/","title":{"rendered":"Panasonic &#8211; Cuerpo de c\u00e1mara fotogr\u00e1fica digital 4K sin espejo LUMIX G7 con lente de 14-42 mm f3.5-5.6 II &#8211; DMC-G7KK &#8211; Negro"},"content":{"rendered":"<p>Cuerpo de c\u00e1mara fotogr\u00e1fica digital 4K sin espejo Panasonic LUMIX G7 con lente de 14-42 mm f3.5-5.6 II: Tomar fotograf\u00edas durante las vacaciones, crear retratos y capturar momentos especiales es f\u00e1cil gracias a un sensor Live MOS de 16.0 megap\u00edxeles y la lente de 14-42 mm incluida con estabilizaci\u00f3n de imagen \u00f3ptica.\u00a0.\u00a0.<\/p>\n<h3><\/h3>\n<h3 class=\"heading-5 v-fw-regular feature-heading\"><strong>Caracter\u00edsticas<\/strong><\/h3>\n<ul>\n<li><strong>Lente LUMIX G VARIO 14-42 mm f\/3.5-5.6 II ASPH.\/MEGA OIS<\/strong><br \/>\nCapture im\u00e1genes detalladas en una variedad de escenarios de disparo. La estabilizaci\u00f3n de imagen promueve im\u00e1genes fluidas y fotos claras.<\/li>\n<li><strong>El sensor Live MOS de 16,0 megap\u00edxeles ofrece im\u00e1genes n\u00edtidas y detalladas<\/strong><br \/>\nCree im\u00e1genes de alta resoluci\u00f3n con hasta 4592 x 3448 p\u00edxeles. El filtro de colores primarios produce tonos realistas y un filtro de ondas supers\u00f3nicas ayuda a mantener el sensor libre de polvo.<\/li>\n<li><strong>ISO 200 &#8211; 25.600 (ampliable a 100)<\/strong><br \/>\nEl amplio rango permite capturar im\u00e1genes n\u00edtidas en condiciones de poca luz.<\/li>\n<li><strong>Nunca te pierdas una toma con disparos en r\u00e1faga de alta velocidad de 8 fps<\/strong><br \/>\nLa c\u00e1mara captura im\u00e1genes continuamente, para que pueda fotografiar eventos deportivos y otras acciones de r\u00e1pido movimiento.<\/li>\n<li><strong>El monitor t\u00e1ctil TFT-LCD de 3,0&#8243; simplifica las tomas<\/strong><br \/>\nEl monitor trasero grande y n\u00edtido ofrece un amplio \u00e1ngulo de visi\u00f3n, una resoluci\u00f3n de 1040 000 puntos y una cobertura de aproximadamente el 100 % para ayudarlo a encuadrar y revisar las tomas.<\/li>\n<li><strong>Capture pel\u00edculas brillantes en resoluci\u00f3n 4K Ultra HD<\/strong><br \/>\nEl modo de video de alta definici\u00f3n graba im\u00e1genes deslumbrantes con una resoluci\u00f3n de hasta 3840 x 2160. Tambi\u00e9n admite resoluciones de 1920 x 1080, 1280 x 720 y 640 x 480 para opciones de disparo flexibles.<\/li>\n<li><strong>Obtenga una vista previa de una toma antes de tomarla con un visor OLED Live View<\/strong><br \/>\nAumento de aproximadamente 1,4x y campo de visi\u00f3n del 100% para obtener detalles n\u00edtidos y un \u00e1rea de cobertura amplia.<\/li>\n<li><strong>Flash emergente incorporado TTL (a trav\u00e9s de la lente)<\/strong><br \/>\nLos modos autom\u00e1tico, de encendido y apagado forzado y de sincronizaci\u00f3n lenta lo ayudan a crear condiciones de iluminaci\u00f3n \u00f3ptimas, y la reducci\u00f3n de ojos rojos reproduce ojos de aspecto natural en los retratos.<\/li>\n<li><strong>Los controles de balance de blancos producen tonos realistas en diversas condiciones de iluminaci\u00f3n.<\/strong><br \/>\nLos ajustes incluyen autom\u00e1tico, luz de d\u00eda, nublado, sombra, incandescente, flash, conjunto de blancos (1 &#8211; 4) y temperatura de color para mayor versatilidad.<\/li>\n<li><strong>Wi-Fi facilita la transferencia inal\u00e1mbrica de im\u00e1genes<\/strong><br \/>\nComparte tus fotos y videos con otros dispositivos conectados.*<\/li>\n<li><strong>Interfaz USB 2.0 para conectividad simple<\/strong><br \/>\nAdmite la conexi\u00f3n a una variedad de dispositivos habilitados.<\/li>\n<li><strong>Comienza a disparar de inmediato<\/strong><br \/>\nLa c\u00e1mara incluye todo lo que necesita para comenzar, incluida una bater\u00eda de iones de litio, un cargador de bater\u00eda, una tapa para la zapata de accesorios, una tapa para el cuerpo, un parasol para la lente, tapas para la lente, cables USB y de CA y una correa para el hombro.<\/li>\n<li><strong>Ranura de memoria multiformato para almacenar o transferir datos<\/strong><br \/>\nAcepta tarjetas SD, SDHC y SDXC. Tarjetas de memoria no incluidas.<\/li>\n<\/ul>\n","protected":false},"excerpt":{"rendered":"<p>Cuerpo de c\u00e1mara fotogr\u00e1fica digital 4K sin espejo Panasonic LUMIX G7 con lente de 14-42 mm f3.5-5.6 II: Tomar fotograf\u00edas durante las vacaciones, crear retratos y capturar momentos especiales es<\/p>\n","protected":false},"featured_media":86238,"comment_status":"open","ping_status":"closed","template":"","meta":{"_acf_changed":false,"_joinchat":[]},"product_brand":[],"product_cat":[442,284,444],"product_tag":[],"class_list":{"0":"post-86237","1":"product","2":"type-product","3":"status-publish","4":"has-post-thumbnail","6":"product_cat-camaras","7":"product_cat-camaras-y-lentes","8":"product_cat-todas-las-camaras-y-lentes","10":"first","11":"instock","12":"sale","13":"shipping-taxable","14":"purchasable","15":"product-type-simple"},"acf":[],"_links":{"self":[{"href":"https:\/\/defabrica.com.mx\/defabrica\/wp-json\/wp\/v2\/product\/86237","targetHints":{"allow":["GET"]}}],"collection":[{"href":"https:\/\/defabrica.com.mx\/defabrica\/wp-json\/wp\/v2\/product"}],"about":[{"href":"https:\/\/defabrica.com.mx\/defabrica\/wp-json\/wp\/v2\/types\/product"}],"replies":[{"embeddable":true,"href":"https:\/\/defabrica.com.mx\/defabrica\/wp-json\/wp\/v2\/comments?post=86237"}],"wp:featuredmedia":[{"embeddable":true,"href":"https:\/\/defabrica.com.mx\/defabrica\/wp-json\/wp\/v2\/media\/86238"}],"wp:attachment":[{"href":"https:\/\/defabrica.com.mx\/defabrica\/wp-json\/wp\/v2\/media?parent=86237"}],"wp:term":[{"taxonomy":"product_brand","embeddable":true,"href":"https:\/\/defabrica.com.mx\/defabrica\/wp-json\/wp\/v2\/product_brand?post=86237"},{"taxonomy":"product_cat","embeddable":true,"href":"https:\/\/defabrica.com.mx\/defabrica\/wp-json\/wp\/v2\/product_cat?post=86237"},{"taxonomy":"product_tag","embeddable":true,"href":"https:\/\/defabrica.com.mx\/defabrica\/wp-json\/wp\/v2\/product_tag?post=86237"}],"curies":[{"name":"wp","href":"https:\/\/api.w.org\/{rel}","templated":true}]}}