{"id":86218,"date":"2022-07-02T22:17:50","date_gmt":"2022-07-03T03:17:50","guid":{"rendered":"https:\/\/defabrica.com.mx\/defabrica\/?post_type=product&#038;p=86218"},"modified":"2022-12-12T12:39:25","modified_gmt":"2022-12-12T18:39:25","slug":"moza-air-2s-professional-kit-gimbal-stabilizer-con-ifocus-m-para-camaras-de-cine-dslr-sin-espejo","status":"publish","type":"product","link":"https:\/\/defabrica.com.mx\/defabrica\/producto\/moza-air-2s-professional-kit-gimbal-stabilizer-con-ifocus-m-para-camaras-de-cine-dslr-sin-espejo\/","title":{"rendered":"Moza &#8211; Air 2S Professional Kit Gimbal Stabilizer con iFocus-M para c\u00e1maras de cine DSLR sin espejo"},"content":{"rendered":"<div class=\"embedded-component-container lv product-description\">\n<div>\n<div id=\"shop-product-description-56009146\" class=\"_none\" data-version=\"1.3.45\">\n<div class=\"shop-product-description\">\n<section class=\"align-heading-left\" data-reactroot=\"\">\n<div class=\"long-description-container body-copy \">\n<div class=\"html-fragment\">Moza Air 2S principalmente quiere traer tres conceptos de dise\u00f1o a sus clientes.\u00a0Creemos que tanto el enfoque como el movimiento de la lente requieren un funcionamiento preciso y continuo.\u00a0El volante com\u00fan puede lograr una operaci\u00f3n precisa, pero el \u00e1ngulo de rotaci\u00f3n es limitado.\u00a0Por lo tanto, a\u00f1adimos un mango al volante para mejorar su profesionalismo pero manteniendo un concepto m\u00e1s simple y confiable.\u00a0Los usuarios pueden hacer ideas creativas para cada extensi\u00f3n de interfaz de Air S2 a bricolaje.\u00a0La creatividad de sus usuarios siempre nos ha sorprendido.<\/div>\n<\/div>\n<\/section>\n<\/div>\n<\/div>\n<\/div>\n<\/div>\n<div class=\"embedded-component-container lv product-features\">\n<h3><\/h3>\n<h3 class=\"heading-5 v-fw-regular feature-heading\"><strong>Caracter\u00edsticas<\/strong><\/h3>\n<ul>\n<li><strong>Volante micro inteligente<\/strong><br \/>\nMoza Air 2S cuenta con un micro volante inteligente para brindar sensibilidad ajustable y controles de precisi\u00f3n con una suavidad incomparable. Pone a su alcance un control completo de las funciones esenciales generales, como la panor\u00e1mica, la inclinaci\u00f3n, el zoom, el enfoque de la lente y el enfoque de seguimiento.<\/li>\n<li><strong>Moza chispa sistema de fuente de alimentaci\u00f3n 3.0<\/strong><br \/>\nGrabaci\u00f3n de todo el d\u00eda con desperdicio: capacidad de bater\u00eda de 3200 mAh, carga r\u00e1pida de 2 horas, fuente de alimentaci\u00f3n externa ilimitada con una duraci\u00f3n de bater\u00eda de 16 horas.<\/li>\n<li><strong>Potente arsenal de extensiones<\/strong><br \/>\nMoza Air 2S tiene un arsenal de ecosistema de accesorios innovadores con un Arri Rosette, extensiones de zapata fr\u00eda y orificio de montaje M4. Los micr\u00f3fonos, la luz adicional, los controles deslizantes, los monitores y otros accesorios se pueden montar con Air 2S para mejorar la versatilidad y la flexibilidad.<\/li>\n<li><strong>Balanceo en un solo paso<\/strong><br \/>\nMoza Air 2S hereda el dise\u00f1o cl\u00e1sico del equilibrio de un solo paso. El sistema de liberaci\u00f3n r\u00e1pida es compatible con las placas de liberaci\u00f3n r\u00e1pida de Manfrotto y ofrece un equilibrio de un solo paso mediante un tope incorporado. \u00a1Puedes pasar de un tr\u00edpode a una c\u00e1mara de mano o un card\u00e1n en segundos!<\/li>\n<li><strong>Dise\u00f1o de bloqueo de tres ejes con configuraci\u00f3n r\u00e1pida y f\u00e1cil<\/strong><br \/>\nEl nuevo dise\u00f1o de bloqueo de tres ejes de Moza Air 2S permite un f\u00e1cil acceso a configuraciones de equilibrio personalizadas y tambi\u00e9n se utiliza para un almacenamiento m\u00e1s seguro.<\/li>\n<li><strong>Sintonizaci\u00f3n autom\u00e1tica<\/strong><br \/>\nEl algoritmo intuitivo de inteligencia artificial puede calcular los par\u00e1metros m\u00e1s \u00f3ptimos para la configuraci\u00f3n de su c\u00e1mara. Di adi\u00f3s a las molestas vibraciones.<\/li>\n<li><strong>Configuraci\u00f3n de perfil<\/strong><br \/>\nSe pueden guardar tres conjuntos de datos de usuario en el Moza Air 2S. Puede guardar perfiles individuales para c\u00e1maras de uso com\u00fan, por lo que no necesita volver a configurar su configuraci\u00f3n cada vez.<\/li>\n<li><strong>Modo de inicio<\/strong><br \/>\nCuenta con rotaci\u00f3n autom\u00e1tica, ajustes de velocidad y control de \u00e1ngulo para liberarlo del control manual del joystick durante el disparo.<\/li>\n<li><strong>Modo FPV<\/strong><br \/>\nLogre un movimiento de rango sincr\u00f3nico completo de 360.<\/li>\n<li><strong>Modo deportivo<\/strong><br \/>\nEl modo de equipo deportivo permite al usuario capturar deportes de acci\u00f3n y movimientos r\u00e1pidos con facilidad.<\/li>\n<li><strong>Imitar el control de movimiento<\/strong><br \/>\nCon un tel\u00e9fono inteligente, puede controlar el movimiento de Moza Air 2S a trav\u00e9s del dispositivo con el interruptor somatosensorial interno, por lo que cada eje se puede controlar de forma independiente para imitar el movimiento desde su tel\u00e9fono.<\/li>\n<li><strong>seguimiento de objetos<\/strong><br \/>\nMonte el tel\u00e9fono inteligente sobre la c\u00e1mara y coordine con la aplicaci\u00f3n para que la vista del tel\u00e9fono inteligente sea consistente con la c\u00e1mara. Seleccione el objetivo en la interfaz de la aplicaci\u00f3n del tel\u00e9fono para el seguimiento de objetos.<\/li>\n<\/ul>\n<\/div>\n","protected":false},"excerpt":{"rendered":"<p>Moza Air 2S principalmente quiere traer tres conceptos de dise\u00f1o a sus clientes.\u00a0Creemos que tanto el enfoque como el movimiento de la lente requieren un funcionamiento preciso y continuo.\u00a0El volante<\/p>\n","protected":false},"featured_media":86219,"comment_status":"open","ping_status":"closed","template":"","meta":{"_acf_changed":false,"_joinchat":[]},"product_brand":[],"product_cat":[442,284,444],"product_tag":[],"class_list":{"0":"post-86218","1":"product","2":"type-product","3":"status-publish","4":"has-post-thumbnail","6":"product_cat-camaras","7":"product_cat-camaras-y-lentes","8":"product_cat-todas-las-camaras-y-lentes","10":"first","11":"instock","12":"sale","13":"shipping-taxable","14":"purchasable","15":"product-type-simple"},"acf":[],"_links":{"self":[{"href":"https:\/\/defabrica.com.mx\/defabrica\/wp-json\/wp\/v2\/product\/86218","targetHints":{"allow":["GET"]}}],"collection":[{"href":"https:\/\/defabrica.com.mx\/defabrica\/wp-json\/wp\/v2\/product"}],"about":[{"href":"https:\/\/defabrica.com.mx\/defabrica\/wp-json\/wp\/v2\/types\/product"}],"replies":[{"embeddable":true,"href":"https:\/\/defabrica.com.mx\/defabrica\/wp-json\/wp\/v2\/comments?post=86218"}],"wp:featuredmedia":[{"embeddable":true,"href":"https:\/\/defabrica.com.mx\/defabrica\/wp-json\/wp\/v2\/media\/86219"}],"wp:attachment":[{"href":"https:\/\/defabrica.com.mx\/defabrica\/wp-json\/wp\/v2\/media?parent=86218"}],"wp:term":[{"taxonomy":"product_brand","embeddable":true,"href":"https:\/\/defabrica.com.mx\/defabrica\/wp-json\/wp\/v2\/product_brand?post=86218"},{"taxonomy":"product_cat","embeddable":true,"href":"https:\/\/defabrica.com.mx\/defabrica\/wp-json\/wp\/v2\/product_cat?post=86218"},{"taxonomy":"product_tag","embeddable":true,"href":"https:\/\/defabrica.com.mx\/defabrica\/wp-json\/wp\/v2\/product_tag?post=86218"}],"curies":[{"name":"wp","href":"https:\/\/api.w.org\/{rel}","templated":true}]}}