{"id":86174,"date":"2022-07-02T21:48:58","date_gmt":"2022-07-03T02:48:58","guid":{"rendered":"https:\/\/defabrica.com.mx\/defabrica\/?post_type=product&#038;p=86174"},"modified":"2023-01-17T13:19:26","modified_gmt":"2023-01-17T19:19:26","slug":"canon-camara-reflex-digital-eos-rebel-t8i-con-lente-ef-s-18-55-mm-negro","status":"publish","type":"product","link":"https:\/\/defabrica.com.mx\/defabrica\/producto\/canon-camara-reflex-digital-eos-rebel-t8i-con-lente-ef-s-18-55-mm-negro\/","title":{"rendered":"Canon &#8211; C\u00e1mara r\u00e9flex digital EOS Rebel T8i con lente EF-S 18-55 mm &#8211; Negro"},"content":{"rendered":"<div class=\"embedded-component-container lv product-description\">\n<div>\n<div id=\"shop-product-description-9879897\" class=\"_none\" data-version=\"1.3.45\">\n<div class=\"shop-product-description\">\n<section class=\"align-heading-left\" data-reactroot=\"\">\n<div class=\"long-description-container body-copy \">\n<div class=\"html-fragment\">No te pierdas ni un momento de la acci\u00f3n con este kit de c\u00e1mara digital Canon EOS Rebel.\u00a0El amplio rango de sensibilidad es ideal para usar en casi todas las condiciones de iluminaci\u00f3n, mientras que el sistema de enfoque autom\u00e1tico de detecci\u00f3n de rostros de 45 puntos garantiza im\u00e1genes de alta calidad.\u00a0Este kit de c\u00e1mara digital Canon EOS Rebel cuenta con conectividad Bluetooth y Wi-Fi integrada para transferir sin esfuerzo sus archivos sin procesar a dispositivos inteligentes compatibles.<\/div>\n<\/div>\n<\/section>\n<\/div>\n<\/div>\n<\/div>\n<\/div>\n<div class=\"embedded-component-container lv product-features\">\n<h3><\/h3>\n<h3 class=\"heading-5 v-fw-regular feature-heading\"><strong>Caracter\u00edsticas<\/strong><\/h3>\n<ul>\n<li><strong>Lente zoom est\u00e1ndar EF-S 18-55 mm f\/4-5.6 IS STM<\/strong><br \/>\nOfrece un rango de zoom vers\u00e1til y un funcionamiento silencioso para potencia sobre la marcha, y su estabilizaci\u00f3n de imagen de calidad puede dar como resultado fotograf\u00edas m\u00e1s n\u00edtidas con un desenfoque m\u00ednimo, incluso en condiciones de poca luz.<\/li>\n<li><strong>El sensor CMOS APS-C de 24,1 MP ofrece detalles sorprendentes y magn\u00edficas ampliaciones<\/strong><br \/>\nCree ampliaciones hasta impresiones de tama\u00f1o p\u00f3ster, o recorte agresivamente para enmarcar una toma perfecta con un detalle glorioso.<\/li>\n<li><strong>Rango ISO de 100 a 25 600 para fotograf\u00edas n\u00edtidas y claras incluso con luz ultrabaja<\/strong><br \/>\nMejora el disparo en situaciones de iluminaci\u00f3n variadas y que cambian r\u00e1pidamente.<\/li>\n<li><strong>Velocidad m\u00e1xima de disparo de hasta 7 fps<\/strong><br \/>\nLa c\u00e1mara dispara hasta 7 fotogramas por segundo a 24,1 MP de resoluci\u00f3n completa, para que puedas capturarlo todo, desde sonrisas conmovedoras hasta goles para ganar un partido.<\/li>\n<li><strong>Sistema AF tipo cruz de 45 puntos<\/strong><br \/>\nLe permite capturar todo con confianza, desde deportes de acci\u00f3n r\u00e1pida hasta vida silvestre en movimiento. Los modos de \u00e1rea de enfoque autom\u00e1tico lo ayudan a seleccionar la configuraci\u00f3n que mejor se adapte a su situaci\u00f3n.<\/li>\n<li><strong>Grabaci\u00f3n de v\u00eddeo avanzada<\/strong><br \/>\nOfrece capacidad de video 4K 24p y soporte de video vertical, lo que facilita la captura de videos de alta calidad que se pueden cargar y compartir.<\/li>\n<li><strong>Conectividad Wi-Fi y Bluetooth incorporada<\/strong><br \/>\nHabilita una serie de funciones, desde una f\u00e1cil transferencia de im\u00e1genes hasta tomas remotas, agregando informaci\u00f3n de GPS a sus fotograf\u00edas, videos y m\u00e1s.* La compatibilidad con PictBridge le permite imprimir fotograf\u00edas sin una PC.<\/li>\n<li><strong>La pantalla t\u00e1ctil LCD de 3&#8243; simplifica el encuadre de la toma<\/strong><br \/>\nPuede componer y disparar desde casi cualquier \u00e1ngulo. Canon hace selfies sin esfuerzo, lo que permite que su pantalla LCD se pliegue cuando no est\u00e1 en uso.<\/li>\n<li><strong>El motor de procesamiento de im\u00e1genes DIGIC 8 ofrece una velocidad y un rendimiento incre\u00edbles<\/strong><br \/>\nDesde tomar im\u00e1genes y videos hasta reproducir y transferir datos, este procesador maneja incluso las tareas m\u00e1s exigentes con facilidad.<\/li>\n<li><strong>La salida HDMI hace que la reproducci\u00f3n sea en televisores compatibles<\/strong><br \/>\nSimplemente conecte su c\u00e1mara a un televisor para reproducir pel\u00edculas inmediatamente. Se requiere el cable HDMI, se vende por separado.<\/li>\n<li><strong>Ranura de memoria multiformato para almacenar o transferir datos<\/strong><br \/>\nAcepta formatos SD, SDHC y SDXC. Tarjeta de memoria no incluida.<\/li>\n<\/ul>\n<\/div>\n","protected":false},"excerpt":{"rendered":"<p>No te pierdas ni un momento de la acci\u00f3n con este kit de c\u00e1mara digital Canon EOS Rebel.\u00a0El amplio rango de sensibilidad es ideal para usar en casi todas las<\/p>\n","protected":false},"featured_media":86176,"comment_status":"open","ping_status":"closed","template":"","meta":{"_acf_changed":false,"_joinchat":[]},"product_brand":[],"product_cat":[442,284,285,444],"product_tag":[],"class_list":{"0":"post-86174","1":"product","2":"type-product","3":"status-publish","4":"has-post-thumbnail","6":"product_cat-camaras","7":"product_cat-camaras-y-lentes","8":"product_cat-camaras-dslr","9":"product_cat-todas-las-camaras-y-lentes","11":"first","12":"instock","13":"sale","14":"shipping-taxable","15":"purchasable","16":"product-type-simple"},"acf":[],"_links":{"self":[{"href":"https:\/\/defabrica.com.mx\/defabrica\/wp-json\/wp\/v2\/product\/86174","targetHints":{"allow":["GET"]}}],"collection":[{"href":"https:\/\/defabrica.com.mx\/defabrica\/wp-json\/wp\/v2\/product"}],"about":[{"href":"https:\/\/defabrica.com.mx\/defabrica\/wp-json\/wp\/v2\/types\/product"}],"replies":[{"embeddable":true,"href":"https:\/\/defabrica.com.mx\/defabrica\/wp-json\/wp\/v2\/comments?post=86174"}],"wp:featuredmedia":[{"embeddable":true,"href":"https:\/\/defabrica.com.mx\/defabrica\/wp-json\/wp\/v2\/media\/86176"}],"wp:attachment":[{"href":"https:\/\/defabrica.com.mx\/defabrica\/wp-json\/wp\/v2\/media?parent=86174"}],"wp:term":[{"taxonomy":"product_brand","embeddable":true,"href":"https:\/\/defabrica.com.mx\/defabrica\/wp-json\/wp\/v2\/product_brand?post=86174"},{"taxonomy":"product_cat","embeddable":true,"href":"https:\/\/defabrica.com.mx\/defabrica\/wp-json\/wp\/v2\/product_cat?post=86174"},{"taxonomy":"product_tag","embeddable":true,"href":"https:\/\/defabrica.com.mx\/defabrica\/wp-json\/wp\/v2\/product_tag?post=86174"}],"curies":[{"name":"wp","href":"https:\/\/api.w.org\/{rel}","templated":true}]}}