{"id":86119,"date":"2022-07-02T20:47:15","date_gmt":"2022-07-03T01:47:15","guid":{"rendered":"https:\/\/defabrica.com.mx\/defabrica\/?post_type=product&#038;p=86119"},"modified":"2023-01-17T13:15:44","modified_gmt":"2023-01-17T19:15:44","slug":"canon-camara-dslr-eos-5d-mark-iv-solo-cuerpo-negro","status":"publish","type":"product","link":"https:\/\/defabrica.com.mx\/defabrica\/producto\/canon-camara-dslr-eos-5d-mark-iv-solo-cuerpo-negro\/","title":{"rendered":"Canon &#8211; C\u00e1mara DSLR EOS 5D Mark IV (solo cuerpo) &#8211; Negro"},"content":{"rendered":"<p>Mejore su fotograf\u00eda con el cuerpo Canon EOS 5D Mark IV.\u00a0Tiene un sensor CMOS de fotograma completo de 30,4 megap\u00edxeles y un rango de ISO de 100 a 32 000 que te permite tomar fotos grandes, n\u00edtidas y brillantes.\u00a0El cuerpo de la EOS 5D Mark IV de Canon es ideal para tomar fotos de acci\u00f3n con velocidades de hasta siete fotogramas por segundo.<\/p>\n<h3><\/h3>\n<h3 class=\"heading-5 v-fw-regular feature-heading\"><strong>Caracter\u00edsticas<\/strong><\/h3>\n<ul>\n<li><strong>Sensor CMOS de fotograma completo de 30,4 megap\u00edxeles<\/strong><br \/>\nPara tomas vers\u00e1tiles con casi cualquier iluminaci\u00f3n.<\/li>\n<li><strong>Rango ISO de 100-32 000 (ampliable hasta 50-102 400) para fotos n\u00edtidas y claras incluso con poca luz<\/strong><br \/>\nDispara con confianza sin sacrificar los detalles, incluso con muy poca luz.<\/li>\n<li><strong>Nunca te pierdas una toma con 7 fps ultrarr\u00e1pidos (fotogramas por segundo)<\/strong><br \/>\nDispara hasta 7 fotogramas por segundo a resoluci\u00f3n completa de 30,4 megap\u00edxeles, para que puedas capturarlo todo, desde sonrisas conmovedoras hasta goles para ganar un partido.<\/li>\n<li><strong>61 puntos de enfoque autom\u00e1tico (41 de tipo cruzado) con cobertura vertical ampliada<\/strong><br \/>\nProporcione un impresionante rendimiento de enfoque autom\u00e1tico con resultados precisos.<\/li>\n<li><strong>Capture pel\u00edculas espectaculares en 4K 2160p Motion JPEG<\/strong><br \/>\nLa elecci\u00f3n de velocidades de fotogramas incluye 30p fluidos o 24p cinem\u00e1ticos. Las m\u00faltiples opciones de video incluyen Full HD hasta 60p y HD hasta 120p.<\/li>\n<li><strong>Wi-Fi incorporado para compartir instant\u00e1neamente sus im\u00e1genes<\/strong><br \/>\nCargue, env\u00ede por correo electr\u00f3nico o env\u00ede fotos por mensaje de texto desde su DSLR a trav\u00e9s de su tel\u00e9fono inteligente o tableta.* Su dispositivo inteligente tambi\u00e9n puede actuar como un segundo monitor y como control remoto. Dispositivo inteligente no incluido.<\/li>\n<li><strong>GPS incorporado<\/strong><br \/>\nProporciona informaci\u00f3n de etiquetas geogr\u00e1ficas, incluida la sincronizaci\u00f3n autom\u00e1tica de la hora con el c\u00f3digo de tiempo universal (UTC) a trav\u00e9s de sat\u00e9lites.<\/li>\n<li><strong>El gran monitor LCD facilita el encuadre de la toma<\/strong><br \/>\nLe permite obtener una vista previa precisa de la toma antes de tomarla. Proporciona una interfaz de pantalla t\u00e1ctil completa, incluida la selecci\u00f3n del \u00e1rea AF.<\/li>\n<li><strong>Procesador de imagen DIGIC 6+<\/strong><br \/>\nofrece una velocidad y un rendimiento incre\u00edbles. Este sistema de procesamiento le brinda un enfoque ultrarr\u00e1pido y una reducci\u00f3n de ruido superior a valores ISO altos.<\/li>\n<li><strong>Visor \u00f3ptico<\/strong><br \/>\nEl visor brillante y de alto contraste lo ayuda a enmarcar la toma.<\/li>\n<li><strong>Magn\u00edfico sistema Dual Pixel CMOS AF<\/strong><br \/>\nOfrece AF sensible y suave durante la captura de video o Live View.<\/li>\n<li><strong>Sensor de medici\u00f3n RGB+IR de 150 000 p\u00edxeles<\/strong><br \/>\nAyuda a proporcionar una medici\u00f3n precisa de la exposici\u00f3n, ayuda a detectar luces parpadeantes y permite un reconocimiento de escena mejorado y capacidades de detecci\u00f3n de rostros.<\/li>\n<li><strong>Ranuras para tarjetas de memoria duales para almacenar o transferir datos<\/strong><br \/>\nAcepta tarjetas de memoria CF y SD, SDHC y SDXC. .<\/li>\n<\/ul>\n","protected":false},"excerpt":{"rendered":"<p>Mejore su fotograf\u00eda con el cuerpo Canon EOS 5D Mark IV.\u00a0Tiene un sensor CMOS de fotograma completo de 30,4 megap\u00edxeles y un rango de ISO de 100 a 32 000<\/p>\n","protected":false},"featured_media":86120,"comment_status":"open","ping_status":"closed","template":"","meta":{"_acf_changed":false,"_joinchat":[]},"product_brand":[],"product_cat":[442,284,285],"product_tag":[],"class_list":{"0":"post-86119","1":"product","2":"type-product","3":"status-publish","4":"has-post-thumbnail","6":"product_cat-camaras","7":"product_cat-camaras-y-lentes","8":"product_cat-camaras-dslr","10":"first","11":"instock","12":"sale","13":"shipping-taxable","14":"purchasable","15":"product-type-simple"},"acf":[],"_links":{"self":[{"href":"https:\/\/defabrica.com.mx\/defabrica\/wp-json\/wp\/v2\/product\/86119","targetHints":{"allow":["GET"]}}],"collection":[{"href":"https:\/\/defabrica.com.mx\/defabrica\/wp-json\/wp\/v2\/product"}],"about":[{"href":"https:\/\/defabrica.com.mx\/defabrica\/wp-json\/wp\/v2\/types\/product"}],"replies":[{"embeddable":true,"href":"https:\/\/defabrica.com.mx\/defabrica\/wp-json\/wp\/v2\/comments?post=86119"}],"wp:featuredmedia":[{"embeddable":true,"href":"https:\/\/defabrica.com.mx\/defabrica\/wp-json\/wp\/v2\/media\/86120"}],"wp:attachment":[{"href":"https:\/\/defabrica.com.mx\/defabrica\/wp-json\/wp\/v2\/media?parent=86119"}],"wp:term":[{"taxonomy":"product_brand","embeddable":true,"href":"https:\/\/defabrica.com.mx\/defabrica\/wp-json\/wp\/v2\/product_brand?post=86119"},{"taxonomy":"product_cat","embeddable":true,"href":"https:\/\/defabrica.com.mx\/defabrica\/wp-json\/wp\/v2\/product_cat?post=86119"},{"taxonomy":"product_tag","embeddable":true,"href":"https:\/\/defabrica.com.mx\/defabrica\/wp-json\/wp\/v2\/product_tag?post=86119"}],"curies":[{"name":"wp","href":"https:\/\/api.w.org\/{rel}","templated":true}]}}