{"id":86076,"date":"2022-07-02T20:20:30","date_gmt":"2022-07-03T01:20:30","guid":{"rendered":"https:\/\/defabrica.com.mx\/defabrica\/?post_type=product&#038;p=86076"},"modified":"2023-01-17T13:13:10","modified_gmt":"2023-01-17T19:13:10","slug":"canon-camara-sin-espejo-eos-r5-con-lente-rf-24-105-mm-f-4l-is-usm-negro","status":"publish","type":"product","link":"https:\/\/defabrica.com.mx\/defabrica\/producto\/canon-camara-sin-espejo-eos-r5-con-lente-rf-24-105-mm-f-4l-is-usm-negro\/","title":{"rendered":"Canon &#8211; C\u00e1mara sin espejo EOS R5 con lente RF 24-105 mm f\/4L IS USM &#8211; Negro"},"content":{"rendered":"<div class=\"embedded-component-container lv product-description\">\n<div>\n<div id=\"shop-product-description-89016005\" class=\"_none\" data-version=\"1.3.45\">\n<div class=\"shop-product-description\">\n<section class=\"align-heading-left\" data-reactroot=\"\">\n<div class=\"long-description-container body-copy \">\n<div class=\"html-fragment\">El nuevo sensor de fotograma completo de 45 megap\u00edxeles de Canon es el elemento central de la excelente calidad de imagen de la EOS R5, que tambi\u00e9n marca el camino para la impresionante captura de pel\u00edculas cinematogr\u00e1ficas 8K DCI con la capacidad de extraer im\u00e1genes fijas de 35,4 megap\u00edxeles.\u00a0El enfoque y la velocidad son primordiales en la EOS R5, que proporciona una captura continua impresionante a velocidades de hasta 20 fotogramas por segundo y con la capacidad Dual Pixel CMOS AF II, para seguir los movimientos de fracciones de segundo incluso de los sujetos m\u00e1s escurridizos.\u00a0Con 1053 zonas de AF autom\u00e1tico, es m\u00e1s f\u00e1cil que nunca fotografiar personas con el uso de AF de detecci\u00f3n de ojos, rostros y cabeza, o realizar un seguimiento intuitivo de todo el cuerpo, la cara o los ojos de gatos, perros o p\u00e1jaros con AF de detecci\u00f3n de animales.\u00a0La estabilizaci\u00f3n de imagen en el cuerpo de 5 ejes puede compensar eficazmente el movimiento de la c\u00e1mara con aproximadamente 8 paradas de estabilizaci\u00f3n con el uso de ambos no estabilizados,\u00a0y lentes con estabilizaci\u00f3n de imagen \u00f3ptica.\u00a0Tambi\u00e9n se incluye conectividad como Wi-Fi de 5 GHz y 2,4 GHz y Bluetooth.<\/div>\n<\/div>\n<\/section>\n<\/div>\n<\/div>\n<\/div>\n<\/div>\n<div class=\"embedded-component-container lv product-features\">\n<h3><\/h3>\n<h3 class=\"heading-5 v-fw-regular feature-heading\"><strong>Caracter\u00edsticas<\/strong><\/h3>\n<ul>\n<li><strong>Lente Canon RF 24-105 mm f\/4L IS USM<\/strong><br \/>\nUn objetivo zoom de 24-105 mm muy vers\u00e1til ofrece a los fot\u00f3grafos y cineastas un equilibrio ideal entre rendimiento, portabilidad y calidad de imagen.<\/li>\n<li><strong>Sensor CMOS de fotograma completo de 45 megap\u00edxeles<\/strong><br \/>\nLa c\u00e1mara EOS R5 cuenta con un sensor CMOS completamente nuevo desarrollado por Canon con aprox. 45 megap\u00edxeles efectivos. Emplea el procesador de im\u00e1genes DIGIC X para mejorar la velocidad de las operaciones. Esto significa un rendimiento r\u00e1pido y eficiente y una calidad de imagen fenomenal.<\/li>\n<li><strong>rango ISO de 100-51200; Ampliable a 102400*1<\/strong><br \/>\nLa EOS R5, que ofrece ISO de alto est\u00e1ndar y ampliada (para im\u00e1genes fijas) y una veintena de opciones para ayudar a mejorar el disparo en situaciones de iluminaci\u00f3n variadas y que cambian r\u00e1pidamente, puede disparar con sensibilidades ampliadas hasta ISO 50 (L) y hasta 102400 ( h).<\/li>\n<li><strong>Hasta 12 fps con obturador mec\u00e1nico<\/strong><br \/>\nCon un rendimiento incre\u00edble a velocidades de hasta 12 fps, la EOS R5 puede capturar los detalles de una fracci\u00f3n de segundo entre los movimientos de un sujeto. Tambi\u00e9n cuenta con un modo de obturador electr\u00f3nico (silencioso) seleccionable que puede capturar im\u00e1genes hasta a 20 fps.<\/li>\n<li><strong>Cobertura Dual Pixel CMOS AF Aprox. 100 % de \u00e1rea con 1053 \u00e1reas AF<\/strong><br \/>\nEl sistema Dual Pixel CMOS AF de gran capacidad de respuesta de la c\u00e1mara EOS R5 cuenta con 1053 incre\u00edbles zonas de AF autom\u00e1tico que se pueden designar como puntos focales de enfoque autom\u00e1tico (cuando se selecciona AF de prioridad de rostro + seguimiento).<\/li>\n<li><strong>RAW 8K, 4K hasta 120 fps, 4:2:2 de 10 bits con Canon Log o HDR PQ, grabaci\u00f3n interna en todos los formatos, con enfoque autom\u00e1tico<\/strong><br \/>\nCon la capacidad de procesamiento de alta velocidad del procesador de imagen DIGIC X, la EOS R5 puede grabar pel\u00edculas 8K (sin recortar, hasta 29,97 fps).<\/li>\n<li><strong>Tecnolog\u00eda Wi-Fi\u00ae^, Bluetooth\u00ae^^ integrada de 2,4\/5 GHz<\/strong><br \/>\nAdem\u00e1s de Wi-Fi\u00ae^ de 2,4 GHz, la EOS R5 ahora es compatible con Wi-Fi\u00ae^ de 5 GHz. La conectividad Bluetooth\u00ae^^ ofrece una conexi\u00f3n continua y permite que se conecte autom\u00e1ticamente a un dispositivo inteligente emparejado con la aplicaci\u00f3n Canon Camera Connect.<\/li>\n<li><strong>Pantalla t\u00e1ctil LCD de \u00e1ngulo variable<\/strong><br \/>\nLa c\u00e1mara EOS R5 cuenta con una pantalla t\u00e1ctil LCD de \u00e1ngulo variable Clear View LCD II de 3,15 pulgadas y 2,1 megap\u00edxeles. Su amplia flexibilidad facilita componer y disparar desde pr\u00e1cticamente cualquier \u00e1ngulo, simplificando las selfies y permitiendo que la pantalla LCD se pliegue cuando no est\u00e9 en uso.<\/li>\n<li><strong>Procesador de imagen DIGIC X<\/strong><br \/>\nLa c\u00e1mara EOS R5 es la primera c\u00e1mara Canon EOS, en la l\u00ednea de c\u00e1maras de la serie Mirrorless, que cuenta con un potente procesador de imagen DIGIC X, que ayuda a mejorar los detalles finos de su imagen.<\/li>\n<li><strong>EVF OLED de tipo 0,5 con aprox. 5,76 millones de puntos<\/strong><br \/>\nLa EOS R5 cuenta con un EVF OLED (diodo org\u00e1nico emisor de luz) de alta precisi\u00f3n de 0,5 pulgadas con aprox. 5,76 millones de puntos y un punto de mira de 23 mm. Visualizaci\u00f3n de una imagen brillante y amplia informaci\u00f3n de disparo que gira con la c\u00e1mara.<\/li>\n<li><strong>Cobertura del \u00e1rea AF de aprox. 100 % x 100 %^2<\/strong><br \/>\nLa EOS R5 presenta un \u00e1rea de enfoque expansiva de aprox. 100 % horizontal y 100 % vertical^2 cuando se trabaja con objetivos RF y EF seleccionados. Con objetivos EF m\u00e1s antiguos o con Extender tipos I y II, enfoca aprox. 80% horizontal y 80% vertical de la imagen.<\/li>\n<li><strong>Detecci\u00f3n de cabeza y ojos<\/strong><br \/>\nLa EOS R5 lleva la detecci\u00f3n de ojos y cabeza a un nuevo nivel. Incluso en situaciones en las que una c\u00e1mara puede tener dificultades para detectar un sujeto, puede ubicar y encontrar la cabeza o el ojo de una persona cuando la detecci\u00f3n de personas est\u00e1 configurada, lo que permite capturar videos o im\u00e1genes fijas con facilidad y precisi\u00f3n.<\/li>\n<li><strong>EV -6^3 Enfoque autom\u00e1tico con poca luz<\/strong><br \/>\nSorprendente para la fotograf\u00eda nocturna o en entornos con muy poca luz, el brillante AF de la c\u00e1mara EOS R5 puede funcionar con una luz tan tenue como una calificaci\u00f3n de luz de EV -6^3 donde otros sistemas AF pueden fallar o buscar. Se logra un AF fenomenal incluso cuando se usan lentes con n\u00fameros F altos.<\/li>\n<li><strong>El estabilizador de imagen incorporado puede proporcionar hasta 8 paradas de correcci\u00f3n de vibraci\u00f3n*<\/strong><br \/>\nLa EOS R5 es la primera c\u00e1mara de Canon en incorporar IBIS (estabilizaci\u00f3n de imagen en el cuerpo) de 5 ejes. Esto mejorar\u00e1 la capacidad de capturar im\u00e1genes fijas a velocidades de obturaci\u00f3n m\u00e1s lentas y ayudar\u00e1 a reducir el movimiento de la c\u00e1mara al grabar pel\u00edculas.<\/li>\n<li><strong>Detecci\u00f3n de animales<\/strong><br \/>\nPor primera vez en una c\u00e1mara Canon Mirrorless, es posible la detecci\u00f3n de animales. Desarrollada con tecnolog\u00eda de aprendizaje profundo, la EOS R5 puede rastrear de manera efectiva el cuerpo, la cara o los ojos de gatos, perros o p\u00e1jaros con velocidad y precisi\u00f3n, independientemente del tama\u00f1o o la postura del animal.<\/li>\n<li><strong>Panel LCD de matriz de puntos<\/strong><br \/>\nUn panel LCD en la parte superior de la c\u00e1mara presenta una pantalla de matriz de puntos que muestra informaci\u00f3n sobre el estado de la c\u00e1mara, el modo de grabaci\u00f3n y m\u00e1s. Brinda informaci\u00f3n de configuraci\u00f3n en tiempo real tanto cuando la c\u00e1mara est\u00e1 en uso como en modo de espera.<\/li>\n<li><strong>Ranuras para tarjetas dobles para tarjetas de memoria CFexpress** y UHS-II SD*** Tarjetas de memoria<\/strong><br \/>\nYa sea que est\u00e9 tomando fotos todos los d\u00edas o est\u00e9 grabando videos de 8K, la EOS R5 puede capturar una cantidad incre\u00edble de im\u00e1genes a trav\u00e9s de sus ranuras para tarjetas dobles CFexpress de alta velocidad. Adem\u00e1s, tambi\u00e9n se proporciona una ranura para tarjeta UHS-II SD***.<\/li>\n<\/ul>\n<\/div>\n","protected":false},"excerpt":{"rendered":"<p>El nuevo sensor de fotograma completo de 45 megap\u00edxeles de Canon es el elemento central de la excelente calidad de imagen de la EOS R5, que tambi\u00e9n marca el camino<\/p>\n","protected":false},"featured_media":86077,"comment_status":"open","ping_status":"closed","template":"","meta":{"_acf_changed":false,"_joinchat":[]},"product_brand":[],"product_cat":[442,284,444],"product_tag":[],"class_list":{"0":"post-86076","1":"product","2":"type-product","3":"status-publish","4":"has-post-thumbnail","6":"product_cat-camaras","7":"product_cat-camaras-y-lentes","8":"product_cat-todas-las-camaras-y-lentes","10":"first","11":"instock","12":"sale","13":"shipping-taxable","14":"purchasable","15":"product-type-simple"},"acf":[],"_links":{"self":[{"href":"https:\/\/defabrica.com.mx\/defabrica\/wp-json\/wp\/v2\/product\/86076","targetHints":{"allow":["GET"]}}],"collection":[{"href":"https:\/\/defabrica.com.mx\/defabrica\/wp-json\/wp\/v2\/product"}],"about":[{"href":"https:\/\/defabrica.com.mx\/defabrica\/wp-json\/wp\/v2\/types\/product"}],"replies":[{"embeddable":true,"href":"https:\/\/defabrica.com.mx\/defabrica\/wp-json\/wp\/v2\/comments?post=86076"}],"wp:featuredmedia":[{"embeddable":true,"href":"https:\/\/defabrica.com.mx\/defabrica\/wp-json\/wp\/v2\/media\/86077"}],"wp:attachment":[{"href":"https:\/\/defabrica.com.mx\/defabrica\/wp-json\/wp\/v2\/media?parent=86076"}],"wp:term":[{"taxonomy":"product_brand","embeddable":true,"href":"https:\/\/defabrica.com.mx\/defabrica\/wp-json\/wp\/v2\/product_brand?post=86076"},{"taxonomy":"product_cat","embeddable":true,"href":"https:\/\/defabrica.com.mx\/defabrica\/wp-json\/wp\/v2\/product_cat?post=86076"},{"taxonomy":"product_tag","embeddable":true,"href":"https:\/\/defabrica.com.mx\/defabrica\/wp-json\/wp\/v2\/product_tag?post=86076"}],"curies":[{"name":"wp","href":"https:\/\/api.w.org\/{rel}","templated":true}]}}