{"id":86062,"date":"2022-07-02T20:10:10","date_gmt":"2022-07-03T01:10:10","guid":{"rendered":"https:\/\/defabrica.com.mx\/defabrica\/?post_type=product&#038;p=86062"},"modified":"2023-01-17T13:11:58","modified_gmt":"2023-01-17T19:11:58","slug":"nikon-z50-kit-de-dos-lentes-para-camara-sin-espejo-con-lentes-nikkor-z-dx-16-50-mm-f-3-5-6-3-vr-y-nikkor-z-dx-50-250-mm-f-4-5-6-3-vr-negro","status":"publish","type":"product","link":"https:\/\/defabrica.com.mx\/defabrica\/producto\/nikon-z50-kit-de-dos-lentes-para-camara-sin-espejo-con-lentes-nikkor-z-dx-16-50-mm-f-3-5-6-3-vr-y-nikkor-z-dx-50-250-mm-f-4-5-6-3-vr-negro\/","title":{"rendered":"Nikon &#8211; Z50 Kit de dos lentes para c\u00e1mara sin espejo con lentes NIKKOR Z DX 16-50 mm f\/3.5-6.3 VR y NIKKOR Z DX 50-250 mm f\/4.5-6.3 VR &#8211; Negro"},"content":{"rendered":"<p>Cuente su historia de forma creativa con este kit de c\u00e1mara digital sin espejo Nikon Z50.\u00a0Los lentes VR de 15-60 mm y 50-250 mm incluidos en este kit le permiten capturar una variedad de escenas, mientras que el sensor de 20.9MP ofrece un rendimiento de alta velocidad y una calidad de imagen superior.\u00a0El Wi-Fi y el Bluetooth incorporados garantizan compartir fotos y videos f\u00e1cilmente.\u00a0Este kit de c\u00e1mara digital sin espejo Nikon Z50 es compacto y liviano para transportarlo.<\/p>\n<h3><\/h3>\n<h3 class=\"heading-5 v-fw-regular feature-heading\"><strong>Caracter\u00edsticas<\/strong><\/h3>\n<ul>\n<li><strong>Lentes NIKKOR Z DX 16-50 mm f\/3.5-6.3 VR y 50-250 mm f\/4.5-6.3 VR<\/strong><br \/>\nCuenta con un rango de zoom vers\u00e1til y estabilizaci\u00f3n de imagen VR, ideal para tomas de gran angular, retratos, acci\u00f3n r\u00e1pida, video HD y capacidades mejoradas con poca luz.<\/li>\n<li><strong>El sensor CMOS de 20,9 MP ofrece im\u00e1genes v\u00edvidamente detalladas y de alta resoluci\u00f3n<\/strong><br \/>\nCaptura im\u00e1genes de alta resoluci\u00f3n de hasta 5568 x 3712 p\u00edxeles.<\/li>\n<li><strong>ISO 100-51,200 (ampliable a 204,800) para fotos n\u00edtidas y claras incluso con luz ultrabaja<\/strong><br \/>\nMejora el disparo en situaciones de iluminaci\u00f3n variadas y que cambian r\u00e1pidamente, incluso con poca luz.<\/li>\n<li><strong>Nunca te pierdas una toma con 11 fps (fotogramas por segundo)<\/strong><br \/>\nDesde expresiones faciales alegres hasta acci\u00f3n deportiva vertiginosa, el modo de r\u00e1faga garantiza que obtengas la toma, incluso si solo dura una fracci\u00f3n de segundo.<\/li>\n<li><strong>Captura pel\u00edculas espectaculares en 4K Ultra HD<\/strong><br \/>\nLa elecci\u00f3n de frecuencias de cuadro incluye 30p, 25p o 24p.<\/li>\n<li><strong>Bluetooth y Wi-Fi incorporados para compartir instant\u00e1neamente sus im\u00e1genes<\/strong><br \/>\nInstale la aplicaci\u00f3n SnapBridge de Nikon en un tel\u00e9fono o tableta compatible para compartir fotos al instante, realizar copias de seguridad autom\u00e1ticas e incluso activar la c\u00e1mara de forma remota.\u00b9<\/li>\n<li><strong>El monitor LCD gran angular de 3,2&#8243; ajusta autom\u00e1ticamente el brillo para obtener colores n\u00edtidos y vivos con cualquier luz<\/strong><br \/>\nEl sensor de brillo ambiental, el control de brillo manual de 11 niveles y el indicador de horizonte virtual facilitan el encuadre y la revisi\u00f3n de las tomas.<\/li>\n<li><strong>El procesamiento de im\u00e1genes EXPEED 6 ofrece una velocidad y un rendimiento incre\u00edbles<\/strong><br \/>\nProporciona captura 4K con nitidez de rango medio, control de vi\u00f1etas, control autom\u00e1tico de distorsi\u00f3n y correcci\u00f3n de aberraci\u00f3n crom\u00e1tica lateral.<\/li>\n<li><strong>Visor OLED con balance de color<\/strong><br \/>\nEste visor brillante y de alto contraste le permite ver los resultados antes de disparar y presenta 3690K puntos para una resoluci\u00f3n incre\u00edble.<\/li>\n<li><strong>Enfoque autom\u00e1tico de 209 puntos<\/strong><br \/>\nLos sujetos se captan r\u00e1pidamente cuando entran en el encuadre y se rastrean a lo largo del encuadre, incluso hasta los bordes m\u00e1s lejanos.<\/li>\n<li><strong>Nueva montura Z<\/strong><br \/>\nPermite un rendimiento mejorado con poca luz.<\/li>\n<li><strong>Fotograf\u00eda a c\u00e1mara lenta<\/strong><br \/>\nLe permite capturar cada detalle del movimiento con 120 fps.<\/li>\n<li><strong>La salida HDMI facilita la conexi\u00f3n de HDTV<\/strong><br \/>\nConecte f\u00e1cilmente su c\u00e1mara a un HDTV para reproducir pel\u00edculas inmediatamente (se requiere el cable HDMI; se vende por separado).<\/li>\n<li><strong>Soporte de tarjeta digital segura<\/strong><br \/>\nAcepta formatos de tarjetas de memoria SD, SDHC y SDXC. Tarjetas de memoria no incluidas.<\/li>\n<\/ul>\n","protected":false},"excerpt":{"rendered":"<p>Cuente su historia de forma creativa con este kit de c\u00e1mara digital sin espejo Nikon Z50.\u00a0Los lentes VR de 15-60 mm y 50-250 mm incluidos en este kit le permiten<\/p>\n","protected":false},"featured_media":86063,"comment_status":"open","ping_status":"closed","template":"","meta":{"_acf_changed":false,"_joinchat":[]},"product_brand":[],"product_cat":[442,284,444],"product_tag":[],"class_list":{"0":"post-86062","1":"product","2":"type-product","3":"status-publish","4":"has-post-thumbnail","6":"product_cat-camaras","7":"product_cat-camaras-y-lentes","8":"product_cat-todas-las-camaras-y-lentes","10":"first","11":"instock","12":"sale","13":"shipping-taxable","14":"purchasable","15":"product-type-simple"},"acf":[],"_links":{"self":[{"href":"https:\/\/defabrica.com.mx\/defabrica\/wp-json\/wp\/v2\/product\/86062","targetHints":{"allow":["GET"]}}],"collection":[{"href":"https:\/\/defabrica.com.mx\/defabrica\/wp-json\/wp\/v2\/product"}],"about":[{"href":"https:\/\/defabrica.com.mx\/defabrica\/wp-json\/wp\/v2\/types\/product"}],"replies":[{"embeddable":true,"href":"https:\/\/defabrica.com.mx\/defabrica\/wp-json\/wp\/v2\/comments?post=86062"}],"wp:featuredmedia":[{"embeddable":true,"href":"https:\/\/defabrica.com.mx\/defabrica\/wp-json\/wp\/v2\/media\/86063"}],"wp:attachment":[{"href":"https:\/\/defabrica.com.mx\/defabrica\/wp-json\/wp\/v2\/media?parent=86062"}],"wp:term":[{"taxonomy":"product_brand","embeddable":true,"href":"https:\/\/defabrica.com.mx\/defabrica\/wp-json\/wp\/v2\/product_brand?post=86062"},{"taxonomy":"product_cat","embeddable":true,"href":"https:\/\/defabrica.com.mx\/defabrica\/wp-json\/wp\/v2\/product_cat?post=86062"},{"taxonomy":"product_tag","embeddable":true,"href":"https:\/\/defabrica.com.mx\/defabrica\/wp-json\/wp\/v2\/product_tag?post=86062"}],"curies":[{"name":"wp","href":"https:\/\/api.w.org\/{rel}","templated":true}]}}