{"id":86055,"date":"2022-07-02T20:06:31","date_gmt":"2022-07-03T01:06:31","guid":{"rendered":"https:\/\/defabrica.com.mx\/defabrica\/?post_type=product&#038;p=86055"},"modified":"2023-01-17T13:11:28","modified_gmt":"2023-01-17T19:11:28","slug":"nikon-camara-de-video-d850-dslr-4k-solo-cuerpo-negro","status":"publish","type":"product","link":"https:\/\/defabrica.com.mx\/defabrica\/producto\/nikon-camara-de-video-d850-dslr-4k-solo-cuerpo-negro\/","title":{"rendered":"Nikon &#8211; C\u00e1mara de video D850 DSLR 4k (solo cuerpo) &#8211; Negro"},"content":{"rendered":"<p>Tome fotos n\u00edtidas y de alta resoluci\u00f3n con esta c\u00e1mara Nikon DSLR.\u00a0Tiene 45,7 megap\u00edxeles para producir im\u00e1genes brillantes de hasta 9 fps, y su enfoque autom\u00e1tico preciso re\u00fane toda la luz necesaria para obtener colores precisos y vibrantes.\u00a0Esta c\u00e1mara Nikon DSLR admite la grabaci\u00f3n de pel\u00edculas 4K para videos fluidos.<\/p>\n<h3><\/h3>\n<h3 class=\"heading-5 v-fw-regular feature-heading\"><strong>Caracter\u00edsticas<\/strong><\/h3>\n<ul>\n<li><strong>Sensor CMOS de fotograma completo de formato FX de 45,7 megap\u00edxeles, 35,9 mm x 23,9 mm<\/strong><br \/>\nCree ampliaciones hasta impresiones del tama\u00f1o de un p\u00f3ster, o recorte agresivamente para enmarcar la toma perfecta con un detalle glorioso.<\/li>\n<li><strong>ISO 64-25,600 (ampliable a 32, 51,200 o 102,400)<\/strong><br \/>\nPara disparar en la mayor\u00eda de las condiciones de iluminaci\u00f3n.<\/li>\n<li><strong>Nunca te pierdas una toma con 9* fps ultrarr\u00e1pidos (fotogramas por segundo)<\/strong><br \/>\nGraba hasta 9* fotogramas por segundo a resoluci\u00f3n completa de 45,7 megap\u00edxeles, para que puedas capturarlo todo, desde sonrisas conmovedoras hasta goles para ganar un partido.<\/li>\n<li><strong>El enfoque autom\u00e1tico de 153 puntos (incluidos 99 sensores de tipo cruzado y 15 sensores compatibles con f\/8) rastrea y se fija r\u00e1pidamente en el sujeto<\/strong><br \/>\nLe permite capturar todo con confianza, desde deportes de acci\u00f3n r\u00e1pida hasta vida salvaje en r\u00e1pido movimiento.<\/li>\n<li><strong>Wi-Fi incorporado para compartir instant\u00e1neamente sus im\u00e1genes<\/strong><br \/>\nLe permite transferir fotos a su tel\u00e9fono celular, tableta u otros dispositivos compatibles con Wi-Fi.<\/li>\n<li><strong>Captura pel\u00edculas espectaculares en 4K Ultra HD<\/strong><br \/>\nUn sensor de imagen inteligente lee las im\u00e1genes de las pel\u00edculas a velocidades m\u00e1s r\u00e1pidas que nunca, lo que reduce significativamente la distorsi\u00f3n del obturador que puede ocurrir al realizar una panor\u00e1mica o capturar sujetos que se mueven r\u00e1pidamente.<\/li>\n<li><strong>LCD TFT sensible al tacto de 3,2&#8243;<\/strong><br \/>\nCuenta con una visualizaci\u00f3n de 170\u00b0 y ofrece im\u00e1genes brillantes y n\u00edtidas, adem\u00e1s de visualizaci\u00f3n en vivo precisa y grabaci\u00f3n de pel\u00edculas, lo que le permite obtener una vista previa precisa de la toma antes de tomarla.<\/li>\n<li><strong>El motor de procesamiento de im\u00e1genes EXPEED 5 ofrece una velocidad y un rendimiento incre\u00edbles<\/strong><br \/>\nDesde tomar im\u00e1genes y videos hasta reproducir y transferir datos, este procesador maneja incluso las tareas m\u00e1s exigentes con facilidad.<\/li>\n<li><strong>El visor r\u00e9flex de lente \u00fanica con pentaprisma a nivel de los ojos proporciona una representaci\u00f3n de imagen pr\u00e1cticamente real<\/strong><br \/>\nCon una cobertura de encuadre horizontal y vertical de aproximadamente el 100 %, puede componer la toma viendo pr\u00e1cticamente la misma toma que ve el objetivo.<\/li>\n<li><strong>Medici\u00f3n de exposici\u00f3n TTL (a trav\u00e9s de la lente)<\/strong><br \/>\nCon autom\u00e1tico programado con programa flexible, manual, prioridad de apertura, prioridad de obturador y control de imagen<\/li>\n<li><strong>El primer sensor de fotograma completo retroiluminado (BSI) de Nikon sin filtro \u00f3ptico de paso bajo<\/strong><br \/>\nUna maravilla del ingenio, logra una calidad de imagen extraordinaria, una mayor eficiencia de captaci\u00f3n de luz, una lectura de datos m\u00e1s r\u00e1pida y un color m\u00e1s real.<\/li>\n<li><strong>La salida HDMI tipo C facilita la conexi\u00f3n de HDTV<\/strong><br \/>\nConecte f\u00e1cilmente su c\u00e1mara a un HDTV para reproducir pel\u00edculas de inmediato. Requiere cable HDMI, se vende por separado.<\/li>\n<li><strong>Ranuras para tarjetas de memoria duales para almacenar o transferir datos<\/strong><br \/>\nAcepta tarjetas XQD y Secure Digital (SD). .<\/li>\n<\/ul>\n","protected":false},"excerpt":{"rendered":"<p>Tome fotos n\u00edtidas y de alta resoluci\u00f3n con esta c\u00e1mara Nikon DSLR.\u00a0Tiene 45,7 megap\u00edxeles para producir im\u00e1genes brillantes de hasta 9 fps, y su enfoque autom\u00e1tico preciso re\u00fane toda la<\/p>\n","protected":false},"featured_media":86057,"comment_status":"open","ping_status":"closed","template":"","meta":{"_acf_changed":false,"_joinchat":[]},"product_brand":[],"product_cat":[442,284,444],"product_tag":[],"class_list":{"0":"post-86055","1":"product","2":"type-product","3":"status-publish","4":"has-post-thumbnail","6":"product_cat-camaras","7":"product_cat-camaras-y-lentes","8":"product_cat-todas-las-camaras-y-lentes","10":"first","11":"instock","12":"sale","13":"shipping-taxable","14":"purchasable","15":"product-type-simple"},"acf":[],"_links":{"self":[{"href":"https:\/\/defabrica.com.mx\/defabrica\/wp-json\/wp\/v2\/product\/86055","targetHints":{"allow":["GET"]}}],"collection":[{"href":"https:\/\/defabrica.com.mx\/defabrica\/wp-json\/wp\/v2\/product"}],"about":[{"href":"https:\/\/defabrica.com.mx\/defabrica\/wp-json\/wp\/v2\/types\/product"}],"replies":[{"embeddable":true,"href":"https:\/\/defabrica.com.mx\/defabrica\/wp-json\/wp\/v2\/comments?post=86055"}],"wp:featuredmedia":[{"embeddable":true,"href":"https:\/\/defabrica.com.mx\/defabrica\/wp-json\/wp\/v2\/media\/86057"}],"wp:attachment":[{"href":"https:\/\/defabrica.com.mx\/defabrica\/wp-json\/wp\/v2\/media?parent=86055"}],"wp:term":[{"taxonomy":"product_brand","embeddable":true,"href":"https:\/\/defabrica.com.mx\/defabrica\/wp-json\/wp\/v2\/product_brand?post=86055"},{"taxonomy":"product_cat","embeddable":true,"href":"https:\/\/defabrica.com.mx\/defabrica\/wp-json\/wp\/v2\/product_cat?post=86055"},{"taxonomy":"product_tag","embeddable":true,"href":"https:\/\/defabrica.com.mx\/defabrica\/wp-json\/wp\/v2\/product_tag?post=86055"}],"curies":[{"name":"wp","href":"https:\/\/api.w.org\/{rel}","templated":true}]}}