{"id":86041,"date":"2022-07-02T18:56:43","date_gmt":"2022-07-02T23:56:43","guid":{"rendered":"https:\/\/defabrica.com.mx\/defabrica\/?post_type=product&#038;p=86041"},"modified":"2023-01-17T13:09:32","modified_gmt":"2023-01-17T19:09:32","slug":"nikon-z50-camara-de-video-4k-sin-espejo-con-lente-nikkor-z-dx-16-50mm-f-3-5-6-3-vr-negro","status":"publish","type":"product","link":"https:\/\/defabrica.com.mx\/defabrica\/producto\/nikon-z50-camara-de-video-4k-sin-espejo-con-lente-nikkor-z-dx-16-50mm-f-3-5-6-3-vr-negro\/","title":{"rendered":"Nikon &#8211; Z50 C\u00e1mara de video 4K sin espejo con lente NIKKOR Z DX 16-50mm f\/3.5-6.3 VR &#8211; Negro"},"content":{"rendered":"<p>Realice un seguimiento de sus momentos m\u00e1s preciados con este kit de c\u00e1mara sin espejo de formato DX de Nikon.\u00a0El sellado contra la intemperie y la construcci\u00f3n duradera brindan protecci\u00f3n y un servicio duradero, mientras que el Wi-Fi y el Bluetooth incorporados le permiten compartir fotos y videos.\u00a0Este kit de c\u00e1mara digital sin espejo de formato DX de Nikon cuenta con un lente NIKKOR DZ 16-50 mm f\/3.5-6.3 para enfocar una variedad de sujetos.<\/p>\n<h3><\/h3>\n<h3 class=\"heading-5 v-fw-regular feature-heading\"><strong>Caracter\u00edsticas<\/strong><\/h3>\n<ul>\n<li><strong>Objetivo zoom est\u00e1ndar NIKKOR Z DX 16-50 mm f\/3.5-6.3 VR<\/strong><br \/>\nIdeal para tomas cotidianas, que incluyen todo, desde hermosos paisajes hasta primeros planos excepcionales.<\/li>\n<li><strong>El sensor CMOS de 20,9 MP ofrece im\u00e1genes v\u00edvidamente detalladas y de alta resoluci\u00f3n<\/strong><br \/>\nCaptura im\u00e1genes de alta resoluci\u00f3n de hasta 5568 x 3712 p\u00edxeles.<\/li>\n<li><strong>ISO 100-51,200 (ampliable a 204,800) para fotos n\u00edtidas y claras incluso con luz ultrabaja<\/strong><br \/>\nMejora el disparo en situaciones de iluminaci\u00f3n variadas y que cambian r\u00e1pidamente, incluso con poca luz.<\/li>\n<li><strong>Nunca te pierdas una toma con 11 fps (fotogramas por segundo)<\/strong><br \/>\nDesde expresiones faciales alegres hasta acci\u00f3n deportiva vertiginosa, el modo de r\u00e1faga garantiza que obtengas la toma, incluso si solo dura una fracci\u00f3n de segundo.<\/li>\n<li><strong>Captura pel\u00edculas espectaculares en 4K Ultra HD<\/strong><br \/>\nLa elecci\u00f3n de frecuencias de cuadro incluye 30p, 25p o 24p.<\/li>\n<li><strong>Bluetooth y Wi-Fi incorporados para compartir instant\u00e1neamente sus im\u00e1genes<\/strong><br \/>\nInstale la aplicaci\u00f3n SnapBridge de Nikon en un tel\u00e9fono o tableta compatible para compartir fotos al instante, realizar copias de seguridad autom\u00e1ticas e incluso activar la c\u00e1mara de forma remota.\u00b9<\/li>\n<li><strong>El monitor LCD gran angular de 3,2&#8243; ajusta autom\u00e1ticamente el brillo para obtener colores n\u00edtidos y vivos con cualquier luz<\/strong><br \/>\nEl sensor de brillo ambiental, el control de brillo manual de 11 niveles y el indicador de horizonte virtual facilitan el encuadre y la revisi\u00f3n de las tomas.<\/li>\n<li><strong>El procesamiento de im\u00e1genes EXPEED 6 ofrece una velocidad y un rendimiento incre\u00edbles<\/strong><br \/>\nProporciona captura 4K con nitidez de rango medio, control de vi\u00f1etas, control autom\u00e1tico de distorsi\u00f3n y correcci\u00f3n de aberraci\u00f3n crom\u00e1tica lateral.<\/li>\n<li><strong>Visor OLED con balance de color<\/strong><br \/>\nEste visor brillante y de alto contraste le permite ver los resultados antes de disparar y presenta 3690K puntos para una resoluci\u00f3n incre\u00edble.<\/li>\n<li><strong>Enfoque autom\u00e1tico de 209 puntos<\/strong><br \/>\nLos sujetos se captan r\u00e1pidamente cuando entran en el encuadre y se rastrean a lo largo del encuadre, incluso hasta los bordes m\u00e1s lejanos.<\/li>\n<li><strong>Nueva montura Z<\/strong><br \/>\nPermite un rendimiento mejorado con poca luz.<\/li>\n<li><strong>Fotograf\u00eda a c\u00e1mara lenta<\/strong><br \/>\nLe permite capturar cada detalle del movimiento con 120 fps.<\/li>\n<li><strong>La salida HDMI facilita la conexi\u00f3n de HDTV<\/strong><br \/>\nConecte f\u00e1cilmente su c\u00e1mara a un HDTV para reproducir pel\u00edculas inmediatamente (se requiere el cable HDMI; se vende por separado).<\/li>\n<li><strong>Soporte de tarjeta digital segura<\/strong><br \/>\nAcepta formatos de tarjetas de memoria SD, SDHC y SDXC. Tarjetas de memoria no incluidas.<\/li>\n<\/ul>\n","protected":false},"excerpt":{"rendered":"<p>Realice un seguimiento de sus momentos m\u00e1s preciados con este kit de c\u00e1mara sin espejo de formato DX de Nikon.\u00a0El sellado contra la intemperie y la construcci\u00f3n duradera brindan protecci\u00f3n<\/p>\n","protected":false},"featured_media":86043,"comment_status":"open","ping_status":"closed","template":"","meta":{"_acf_changed":false,"_joinchat":[]},"product_brand":[],"product_cat":[442,444],"product_tag":[],"class_list":{"0":"post-86041","1":"product","2":"type-product","3":"status-publish","4":"has-post-thumbnail","6":"product_cat-camaras","7":"product_cat-todas-las-camaras-y-lentes","9":"first","10":"instock","11":"sale","12":"shipping-taxable","13":"purchasable","14":"product-type-simple"},"acf":[],"_links":{"self":[{"href":"https:\/\/defabrica.com.mx\/defabrica\/wp-json\/wp\/v2\/product\/86041","targetHints":{"allow":["GET"]}}],"collection":[{"href":"https:\/\/defabrica.com.mx\/defabrica\/wp-json\/wp\/v2\/product"}],"about":[{"href":"https:\/\/defabrica.com.mx\/defabrica\/wp-json\/wp\/v2\/types\/product"}],"replies":[{"embeddable":true,"href":"https:\/\/defabrica.com.mx\/defabrica\/wp-json\/wp\/v2\/comments?post=86041"}],"wp:featuredmedia":[{"embeddable":true,"href":"https:\/\/defabrica.com.mx\/defabrica\/wp-json\/wp\/v2\/media\/86043"}],"wp:attachment":[{"href":"https:\/\/defabrica.com.mx\/defabrica\/wp-json\/wp\/v2\/media?parent=86041"}],"wp:term":[{"taxonomy":"product_brand","embeddable":true,"href":"https:\/\/defabrica.com.mx\/defabrica\/wp-json\/wp\/v2\/product_brand?post=86041"},{"taxonomy":"product_cat","embeddable":true,"href":"https:\/\/defabrica.com.mx\/defabrica\/wp-json\/wp\/v2\/product_cat?post=86041"},{"taxonomy":"product_tag","embeddable":true,"href":"https:\/\/defabrica.com.mx\/defabrica\/wp-json\/wp\/v2\/product_tag?post=86041"}],"curies":[{"name":"wp","href":"https:\/\/api.w.org\/{rel}","templated":true}]}}