{"id":86033,"date":"2022-07-02T18:52:40","date_gmt":"2022-07-02T23:52:40","guid":{"rendered":"https:\/\/defabrica.com.mx\/defabrica\/?post_type=product&#038;p=86033"},"modified":"2023-01-17T13:04:25","modified_gmt":"2023-01-17T19:04:25","slug":"nikon-camara-sin-espejo-de-video-4k-z-7-ii-solo-cuerpo-negro","status":"publish","type":"product","link":"https:\/\/defabrica.com.mx\/defabrica\/producto\/nikon-camara-sin-espejo-de-video-4k-z-7-ii-solo-cuerpo-negro\/","title":{"rendered":"Nikon &#8211; C\u00e1mara sin espejo de video 4k Z 7 II (solo cuerpo) &#8211; Negro"},"content":{"rendered":"<div class=\"embedded-component-container lv product-description\">\n<div>\n<div id=\"shop-product-description-324921\" class=\"_none\" data-version=\"1.3.45\">\n<div class=\"shop-product-description\">\n<section class=\"align-heading-left\" data-reactroot=\"\">\n<div class=\"long-description-container body-copy \">\n<div class=\"html-fragment\">Esta es la c\u00e1mara sin espejo de fotograma completo para aquellos que se preocupan por cada peque\u00f1o detalle.\u00a0Est\u00e1 la resoluci\u00f3n ultra alta de 45,7 megap\u00edxeles sin filtro \u00f3ptico de paso bajo.\u00a0El poder de los procesadores duales.\u00a0V\u00eddeo 4K Ultra HD a 60p.\u00a0El sistema de enfoque autom\u00e1tico de 493 puntos de \u00faltima generaci\u00f3n.\u00a0Disparos a alta velocidad con la capacidad de b\u00fafer correspondiente.\u00a0Dos ranuras para tarjetas.\u00a0Toneladas de caracter\u00edsticas creativas.\u00a0Opciones de energ\u00eda flexibles.\u00a0Compatibilidad con una empu\u00f1adura de bater\u00eda vertical.\u00a0Conectividad inal\u00e1mbrica con smartphones y port\u00e1tiles y mucho m\u00e1s.<\/div>\n<\/div>\n<\/section>\n<\/div>\n<\/div>\n<\/div>\n<\/div>\n<div class=\"embedded-component-container lv product-features\">\n<h3><\/h3>\n<h3 class=\"heading-5 v-fw-regular feature-heading\"><strong>Caracter\u00edsticas<\/strong><\/h3>\n<ul>\n<li><strong>El sensor CMOS de 45,7 megap\u00edxeles ofrece detalles incre\u00edbles y magn\u00edficas ampliaciones<\/strong><br \/>\nCree ampliaciones hasta impresiones de tama\u00f1o p\u00f3ster, o recorte agresivamente para enmarcar la toma perfecta con un detalle glorioso<\/li>\n<li><strong>ISO 64 &#8211; 25 600 (ampliable a 102 400) para fotos claras y n\u00edtidas incluso con muy poca luz<\/strong><br \/>\nMejora el disparo en situaciones de iluminaci\u00f3n variadas y que cambian r\u00e1pidamente, incluso con poca luz<\/li>\n<li><strong>Capture tomas de acci\u00f3n r\u00e1pida a hasta 10 fps (fotogramas por segundo)<\/strong><br \/>\nDesde expresiones faciales alegres hasta acci\u00f3n deportiva vertiginosa, el modo continuo alto garantiza que obtengas la toma, incluso si solo dura una fracci\u00f3n de segundo.<\/li>\n<li><strong>Enfoque autom\u00e1tico de 493 puntos<\/strong><br \/>\nLos sujetos se captan r\u00e1pidamente cuando entran en el encuadre y se rastrean a lo largo del encuadre, incluso hasta los bordes m\u00e1s lejanos<\/li>\n<li><strong>Capture pel\u00edculas espectaculares en 4K Ultra-HD<\/strong><br \/>\nLa elecci\u00f3n de velocidades de cuadro incluye 60p, 50p, 30p, 25p, 24p<\/li>\n<li><strong>Bluetooth y Wi-Fi incorporados para compartir instant\u00e1neamente sus im\u00e1genes<\/strong><br \/>\nInstale la aplicaci\u00f3n SnapBridge de Nikon en un tel\u00e9fono o tableta compatible para compartir fotos al instante, copias de seguridad autom\u00e1ticas, geoetiquetado e incluso activaci\u00f3n remota de la c\u00e1mara<\/li>\n<li><strong>LCD TFT inclinable y t\u00e1ctil de 3,2&#8243;<\/strong><br \/>\nEl monitor LCD de 2100.000 puntos facilita el encuadre de la toma y ofrece im\u00e1genes brillantes y n\u00edtidas, adem\u00e1s de visualizaci\u00f3n precisa en vivo y grabaci\u00f3n de pel\u00edculas.<\/li>\n<li><strong>Procesadores de imagen doble EXPEED 6<\/strong><br \/>\nTrabajando juntos, los motores de procesamiento dual EXPEED 6 brindan un procesamiento de im\u00e1genes m\u00e1s r\u00e1pido, m\u00e1s capacidad de b\u00fafer y m\u00e1s velocidad general<\/li>\n<li><strong>Visor OLED con balance de color<\/strong><br \/>\nEl visor brillante y de alto contraste le permite ver los resultados antes de disparar y cuenta con 3690K puntos para una resoluci\u00f3n incre\u00edble<\/li>\n<li><strong>Enfoque autom\u00e1tico mejorado con poca luz<\/strong><br \/>\nLa Z 7II puede encontrar su sujeto con la mitad de la luz disponible que su predecesora. (El rango de detecci\u00f3n de AF comienza en -4.5 EV)<\/li>\n<li><strong>Rotaci\u00f3n de enfoque inverso.<\/strong><br \/>\nSi ha estado usando lentes que no son de Nikon para trabajar con videos, la Z 7II le permite invertir la rotaci\u00f3n del anillo de enfoque en los lentes NIKKOR Z.<\/li>\n<li><strong>Un cable USB tipo C universal lo hace todo<\/strong><br \/>\nProporcione energ\u00eda constante a la Z 7II, cargue su bater\u00eda, transmita im\u00e1genes y transfiera fotos y videos. Cuando grabe lapsos de tiempo lejos de una fuente de alimentaci\u00f3n, obtenga tiempo de grabaci\u00f3n adicional con un banco de energ\u00eda port\u00e1til.<\/li>\n<li><strong>Ranuras para tarjetas de memoria duales<\/strong><br \/>\nUna ranura acepta tarjetas CF Express (Tipo B) y XQD. La otra ranura acepta tarjetas SD est\u00e1ndar.<\/li>\n<\/ul>\n<\/div>\n","protected":false},"excerpt":{"rendered":"<p>Esta es la c\u00e1mara sin espejo de fotograma completo para aquellos que se preocupan por cada peque\u00f1o detalle.\u00a0Est\u00e1 la resoluci\u00f3n ultra alta de 45,7 megap\u00edxeles sin filtro \u00f3ptico de paso<\/p>\n","protected":false},"featured_media":86036,"comment_status":"open","ping_status":"closed","template":"","meta":{"_acf_changed":false,"_joinchat":[]},"product_brand":[],"product_cat":[442,284,444],"product_tag":[],"class_list":{"0":"post-86033","1":"product","2":"type-product","3":"status-publish","4":"has-post-thumbnail","6":"product_cat-camaras","7":"product_cat-camaras-y-lentes","8":"product_cat-todas-las-camaras-y-lentes","10":"first","11":"instock","12":"sale","13":"shipping-taxable","14":"purchasable","15":"product-type-simple"},"acf":[],"_links":{"self":[{"href":"https:\/\/defabrica.com.mx\/defabrica\/wp-json\/wp\/v2\/product\/86033","targetHints":{"allow":["GET"]}}],"collection":[{"href":"https:\/\/defabrica.com.mx\/defabrica\/wp-json\/wp\/v2\/product"}],"about":[{"href":"https:\/\/defabrica.com.mx\/defabrica\/wp-json\/wp\/v2\/types\/product"}],"replies":[{"embeddable":true,"href":"https:\/\/defabrica.com.mx\/defabrica\/wp-json\/wp\/v2\/comments?post=86033"}],"wp:featuredmedia":[{"embeddable":true,"href":"https:\/\/defabrica.com.mx\/defabrica\/wp-json\/wp\/v2\/media\/86036"}],"wp:attachment":[{"href":"https:\/\/defabrica.com.mx\/defabrica\/wp-json\/wp\/v2\/media?parent=86033"}],"wp:term":[{"taxonomy":"product_brand","embeddable":true,"href":"https:\/\/defabrica.com.mx\/defabrica\/wp-json\/wp\/v2\/product_brand?post=86033"},{"taxonomy":"product_cat","embeddable":true,"href":"https:\/\/defabrica.com.mx\/defabrica\/wp-json\/wp\/v2\/product_cat?post=86033"},{"taxonomy":"product_tag","embeddable":true,"href":"https:\/\/defabrica.com.mx\/defabrica\/wp-json\/wp\/v2\/product_tag?post=86033"}],"curies":[{"name":"wp","href":"https:\/\/api.w.org\/{rel}","templated":true}]}}