{"id":86026,"date":"2022-07-02T18:48:25","date_gmt":"2022-07-02T23:48:25","guid":{"rendered":"https:\/\/defabrica.com.mx\/defabrica\/?post_type=product&#038;p=86026"},"modified":"2023-01-17T13:04:01","modified_gmt":"2023-01-17T19:04:01","slug":"nikon-camara-de-video-sin-espejo-z-6-ii-4k-solo-cuerpo-negro","status":"publish","type":"product","link":"https:\/\/defabrica.com.mx\/defabrica\/producto\/nikon-camara-de-video-sin-espejo-z-6-ii-4k-solo-cuerpo-negro\/","title":{"rendered":"Nikon &#8211; C\u00e1mara de video sin espejo Z 6 II 4k (solo cuerpo) &#8211; Negro"},"content":{"rendered":"<div class=\"embedded-component-container lv product-description\">\n<div id=\"shop-product-description-9811488\" class=\"_none\" data-version=\"1.3.45\">\n<div class=\"shop-product-description\">\n<section class=\"align-heading-left\" data-reactroot=\"\">\n<div class=\"long-description-container body-copy \">\n<div class=\"html-fragment\"><\/div>\n<\/div>\n<\/section>\n<\/div>\n<\/div>\n<\/div>\n<div class=\"embedded-component-container lv product-features\">\n<div class=\"embedded-component-container lv product-description\">\n<div>\n<div id=\"shop-product-description-37335611\" class=\"_none\" data-version=\"1.3.45\">\n<div class=\"shop-product-description\">\n<section class=\"align-heading-left\" data-reactroot=\"\">\n<div class=\"long-description-container body-copy \">\n<div class=\"html-fragment\">Esto es lo que debe ser una c\u00e1mara sin espejo h\u00edbrida de fotograf\u00eda y video.\u00a0Sensor BSI de 24,5 MP y captura de alta velocidad con la capacidad de b\u00fafer correspondiente.\u00a0V\u00eddeo 4K Ultra HD a 60p*.\u00a0Excelentes capacidades con poca luz.\u00a0Enfoque autom\u00e1tico de \u00faltima generaci\u00f3n.\u00a0El poder de los procesadores duales.\u00a0Dos ranuras para tarjetas.\u00a0Toneladas de caracter\u00edsticas creativas.\u00a0Opciones de energ\u00eda flexibles.\u00a0Compatibilidad con una empu\u00f1adura de bater\u00eda vertical.\u00a0Conectividad inal\u00e1mbrica con tel\u00e9fonos inteligentes y computadoras port\u00e1tiles y mucho m\u00e1s.*Solo modo de recorte DX y de 8 bits<\/div>\n<\/div>\n<\/section>\n<\/div>\n<\/div>\n<\/div>\n<\/div>\n<div class=\"embedded-component-container lv product-features\">\n<h3><\/h3>\n<h3 class=\"heading-5 v-fw-regular feature-heading\"><strong>Caracter\u00edsticas<\/strong><\/h3>\n<ul>\n<li><strong>El sensor CMOS de 24,5 megap\u00edxeles ofrece detalles incre\u00edbles y magn\u00edficas ampliaciones<\/strong><br \/>\nCree ampliaciones hasta impresiones de tama\u00f1o p\u00f3ster, o recorte agresivamente para enmarcar la toma perfecta con un detalle glorioso<\/li>\n<li><strong>ISO 100 &#8211; 51 200 (ampliable a 204 800) para fotos n\u00edtidas y claras incluso con muy poca luz<\/strong><br \/>\nMejora el disparo en situaciones de iluminaci\u00f3n variadas y que cambian r\u00e1pidamente, incluso con poca luz<\/li>\n<li><strong>Capture tomas de acci\u00f3n r\u00e1pida a hasta 14 fps (fotogramas por segundo)<\/strong><br \/>\nDesde expresiones faciales alegres hasta acci\u00f3n deportiva vertiginosa, el modo continuo alto garantiza que obtengas la toma, incluso si solo dura una fracci\u00f3n de segundo.<\/li>\n<li><strong>Enfoque autom\u00e1tico de 273 puntos<\/strong><br \/>\nLos sujetos se captan r\u00e1pidamente cuando entran en el encuadre y se rastrean a lo largo del encuadre, incluso hasta los bordes m\u00e1s lejanos<\/li>\n<li><strong>Capture pel\u00edculas espectaculares en 4K Ultra-HD<\/strong><br \/>\nLa elecci\u00f3n de frecuencias de cuadro incluye 30p, 25p, 24p<\/li>\n<li><strong>Bluetooth y Wi-Fi incorporados para compartir instant\u00e1neamente sus im\u00e1genes<\/strong><br \/>\nInstale la aplicaci\u00f3n SnapBridge de Nikon en un tel\u00e9fono o tableta compatible para compartir fotos al instante, copias de seguridad autom\u00e1ticas, geoetiquetado e incluso activaci\u00f3n remota de la c\u00e1mara<\/li>\n<li><strong>LCD TFT inclinable y t\u00e1ctil de 3,2&#8243;<\/strong><br \/>\nEl monitor LCD de 2100.000 puntos facilita el encuadre de la toma y ofrece im\u00e1genes brillantes y n\u00edtidas, adem\u00e1s de visualizaci\u00f3n precisa en vivo y grabaci\u00f3n de pel\u00edculas.<\/li>\n<li><strong>Procesadores de imagen doble EXPEED 6<\/strong><br \/>\nTrabajando juntos, los motores de procesamiento dual EXPEED 6 brindan un procesamiento de im\u00e1genes m\u00e1s r\u00e1pido, m\u00e1s capacidad de b\u00fafer y m\u00e1s velocidad general<\/li>\n<li><strong>Visor OLED con balance de color<\/strong><br \/>\nEl visor brillante y de alto contraste le permite ver los resultados antes de disparar y cuenta con 3690K puntos para una resoluci\u00f3n incre\u00edble<\/li>\n<li><strong>Enfoque autom\u00e1tico mejorado con poca luz<\/strong><br \/>\nLa Z 6II puede encontrar su sujeto con la mitad de la luz disponible que su predecesora. (El rango de detecci\u00f3n de AF comienza en -4.5 EV)<\/li>\n<li><strong>Rotaci\u00f3n de enfoque inverso.<\/strong><br \/>\nSi ha estado usando lentes que no son de Nikon para trabajar con videos, la Z 6II le permite invertir la rotaci\u00f3n del anillo de enfoque en los lentes NIKKOR Z.<\/li>\n<li><strong>Un cable USB tipo C universal lo hace todo<\/strong><br \/>\nProporcione energ\u00eda constante a la Z 6II, cargue su bater\u00eda, transmita im\u00e1genes y transfiera fotos y videos. Cuando grabe lapsos de tiempo lejos de una fuente de alimentaci\u00f3n, obtenga tiempo de grabaci\u00f3n adicional con un banco de energ\u00eda port\u00e1til.<\/li>\n<li><strong>Ranuras para tarjetas de memoria duales<\/strong><br \/>\nUna ranura acepta tarjetas CF Express (Tipo B) y XQD. La otra ranura acepta tarjetas SD est\u00e1ndar.<\/li>\n<\/ul>\n<\/div>\n<\/div>\n","protected":false},"excerpt":{"rendered":"<p>Esto es lo que debe ser una c\u00e1mara sin espejo h\u00edbrida de fotograf\u00eda y video.\u00a0Sensor BSI de 24,5 MP y captura de alta velocidad con la capacidad de b\u00fafer correspondiente.\u00a0V\u00eddeo<\/p>\n","protected":false},"featured_media":86028,"comment_status":"open","ping_status":"closed","template":"","meta":{"_acf_changed":false,"_joinchat":[]},"product_brand":[],"product_cat":[442,284,444],"product_tag":[],"class_list":{"0":"post-86026","1":"product","2":"type-product","3":"status-publish","4":"has-post-thumbnail","6":"product_cat-camaras","7":"product_cat-camaras-y-lentes","8":"product_cat-todas-las-camaras-y-lentes","10":"first","11":"instock","12":"sale","13":"shipping-taxable","14":"purchasable","15":"product-type-simple"},"acf":[],"_links":{"self":[{"href":"https:\/\/defabrica.com.mx\/defabrica\/wp-json\/wp\/v2\/product\/86026","targetHints":{"allow":["GET"]}}],"collection":[{"href":"https:\/\/defabrica.com.mx\/defabrica\/wp-json\/wp\/v2\/product"}],"about":[{"href":"https:\/\/defabrica.com.mx\/defabrica\/wp-json\/wp\/v2\/types\/product"}],"replies":[{"embeddable":true,"href":"https:\/\/defabrica.com.mx\/defabrica\/wp-json\/wp\/v2\/comments?post=86026"}],"wp:featuredmedia":[{"embeddable":true,"href":"https:\/\/defabrica.com.mx\/defabrica\/wp-json\/wp\/v2\/media\/86028"}],"wp:attachment":[{"href":"https:\/\/defabrica.com.mx\/defabrica\/wp-json\/wp\/v2\/media?parent=86026"}],"wp:term":[{"taxonomy":"product_brand","embeddable":true,"href":"https:\/\/defabrica.com.mx\/defabrica\/wp-json\/wp\/v2\/product_brand?post=86026"},{"taxonomy":"product_cat","embeddable":true,"href":"https:\/\/defabrica.com.mx\/defabrica\/wp-json\/wp\/v2\/product_cat?post=86026"},{"taxonomy":"product_tag","embeddable":true,"href":"https:\/\/defabrica.com.mx\/defabrica\/wp-json\/wp\/v2\/product_tag?post=86026"}],"curies":[{"name":"wp","href":"https:\/\/api.w.org\/{rel}","templated":true}]}}