{"id":86013,"date":"2022-07-02T18:38:16","date_gmt":"2022-07-02T23:38:16","guid":{"rendered":"https:\/\/defabrica.com.mx\/defabrica\/?post_type=product&#038;p=86013"},"modified":"2023-01-17T13:03:09","modified_gmt":"2023-01-17T19:03:09","slug":"sony-camara-video-sin-espejo-alpha-a7-iii-con-lente-fe-28-70-mm-f3-5-5-6-oss-negro","status":"publish","type":"product","link":"https:\/\/defabrica.com.mx\/defabrica\/producto\/sony-camara-video-sin-espejo-alpha-a7-iii-con-lente-fe-28-70-mm-f3-5-5-6-oss-negro\/","title":{"rendered":"Sony &#8211; C\u00e1mara [Video] sin espejo Alpha a7 III con lente FE 28-70 mm F3.5-5.6 OSS &#8211; Negro"},"content":{"rendered":"<p>Capture impresionantes retratos y bellas tomas de acci\u00f3n con esta c\u00e1mara sin espejo de fotograma completo Sony a7 III con lente de zoom est\u00e1ndar FE de 28-70 mm.\u00a0La estabilizaci\u00f3n de imagen SteadyShot \u00f3ptico ofrece im\u00e1genes n\u00edtidas y sin desenfoque, mientras que la apertura circular de siete hojas ofrece efectos bokeh de aspecto m\u00e1s natural.\u00a0Con su dise\u00f1o resistente al polvo y la humedad, esta c\u00e1mara es ideal para sesiones de fotos tanto en interiores como en exteriores.<\/p>\n<h3><\/h3>\n<h3 class=\"heading-5 v-fw-regular feature-heading\"><strong>Caracter\u00edsticas<\/strong><\/h3>\n<ul>\n<li><strong>Lente de zoom est\u00e1ndar FE 28-70 mm F3.5-5.6 OSS<\/strong><br \/>\nEste rango focal es excelente para tomas cotidianas, que incluyen todo, desde paisajes espectaculares hasta primeros planos excepcionales.<\/li>\n<li><strong>La resoluci\u00f3n de 24,2 MP ofrece magn\u00edficas tomas con detalles realistas<\/strong><br \/>\nEl sensor CMOS de cuadro completo Exmor R produce fotos de alta resoluci\u00f3n con una claridad intensa.<\/li>\n<li><strong>ISO 100-51,200 (ampliable a 50-204,800)<\/strong><br \/>\nToma fotos y videos n\u00edtidos en casi cualquier condici\u00f3n de iluminaci\u00f3n, para que puedas capturar amaneceres, atardeceres e im\u00e1genes nocturnas brillantes.<\/li>\n<li><strong>No te pierdas ni un tiro con el disparo continuo de alta velocidad<\/strong><br \/>\nTome fotos a hasta 10 fps para crear f\u00e1cilmente fotos detalladas de eventos deportivos y otras acciones de movimiento r\u00e1pido.<\/li>\n<li><strong>AF h\u00edbrido r\u00e1pido con detecci\u00f3n de fase 693 y puntos de enfoque de detecci\u00f3n de contraste 425<\/strong><br \/>\nGarantiza un seguimiento preciso y los modos de enfoque autom\u00e1tico, de disparo \u00fanico, continuo, manual directo y manual brindan flexibilidad.<\/li>\n<li><strong>V\u00eddeos 4K HDR de alta resoluci\u00f3n<\/strong><br \/>\nLa c\u00e1mara cuenta con un nuevo perfil de imagen HLG (Hybrid Log-Gamma), que admite un flujo de trabajo HDR instant\u00e1neo que ofrece un amplio rango din\u00e1mico para im\u00e1genes de pel\u00edculas muy precisas y realistas sin gradaci\u00f3n de color.<\/li>\n<li><strong>Transmita de forma inal\u00e1mbrica im\u00e1genes fijas y pel\u00edculas a un tel\u00e9fono inteligente, PC o TV<\/strong><br \/>\nEl Wi-Fi incorporado permite una conectividad simple.* La tecnolog\u00eda NFC (Near-Field Communication) admite la operaci\u00f3n remota a trav\u00e9s de un dispositivo compatible.<\/li>\n<li><strong>Monitor de pantalla t\u00e1ctil TFT de 2,95&#8243;<\/strong><br \/>\nLa resoluci\u00f3n de 921,600 puntos y el control de brillo de cinco pasos ofrecen im\u00e1genes claras para enmarcar o revisar tomas, y el dise\u00f1o inclinable facilita encontrar el \u00e1ngulo correcto.<\/li>\n<li><strong>Nuevo procesador de imagen frontal LSI y BIONZ X<\/strong><br \/>\nEstos potentes componentes trabajan juntos para permitir que la c\u00e1mara dispare a velocidades m\u00e1s r\u00e1pidas y, al mismo tiempo, habilita su impresionante rango ISO y su enorme rango din\u00e1mico de 15 pasos con configuraciones de baja sensibilidad.<\/li>\n<li><strong>El visor electr\u00f3nico facilita el encuadre de las tomas<\/strong><br \/>\nEl visor OLED XGA con resoluci\u00f3n de 2 359 296 puntos, control de brillo autom\u00e1tico y manual, control de temperatura de color manual de cinco pasos y cobertura del 100 % brindan una excelente vista.<\/li>\n<li><strong>Control de preflash TTL (a trav\u00e9s de la lente)<\/strong><br \/>\nLo ayuda a lograr condiciones de iluminaci\u00f3n \u00f3ptimas con un flash externo compatible (no incluido).<\/li>\n<li><strong>Mecanismo de desplazamiento del sensor de imagen con compensaci\u00f3n de cinco ejes<\/strong><br \/>\nAyuda a contrarrestar los efectos del movimiento y la vibraci\u00f3n de la c\u00e1mara para videos de calidad.<\/li>\n<li><strong>Detecci\u00f3n de rostros y ojos AF<\/strong><br \/>\nEsta c\u00e1mara detecta hasta ocho rostros individuales, y su enfoque autom\u00e1tico ocular r\u00e1pido y preciso garantiza retratos sorprendentes.<\/li>\n<li><strong>La salida HDMI permite una f\u00e1cil conexi\u00f3n a HDTV<\/strong><br \/>\nConecte f\u00e1cilmente su c\u00e1mara a un HDTV para reproducir pel\u00edculas de inmediato. Se requiere un cable HDMI (se vende por separado).<\/li>\n<li><strong>Dos ranuras para tarjetas multimedia para almacenar y transferir im\u00e1genes<\/strong><br \/>\nAcepta tarjetas de memoria Memory Stick PRO Duo, Memory Stick PRO-HG Duo, Memory Stick Micro (M2), SD, SDHC, SDXC, microSD, microSDHC, microSDXC (no incluidas).<\/li>\n<\/ul>\n","protected":false},"excerpt":{"rendered":"<p>Capture impresionantes retratos y bellas tomas de acci\u00f3n con esta c\u00e1mara sin espejo de fotograma completo Sony a7 III con lente de zoom est\u00e1ndar FE de 28-70 mm.\u00a0La estabilizaci\u00f3n de<\/p>\n","protected":false},"featured_media":86014,"comment_status":"open","ping_status":"closed","template":"","meta":{"_acf_changed":false,"_joinchat":[]},"product_brand":[],"product_cat":[442,284,444],"product_tag":[],"class_list":{"0":"post-86013","1":"product","2":"type-product","3":"status-publish","4":"has-post-thumbnail","6":"product_cat-camaras","7":"product_cat-camaras-y-lentes","8":"product_cat-todas-las-camaras-y-lentes","10":"first","11":"instock","12":"sale","13":"shipping-taxable","14":"purchasable","15":"product-type-simple"},"acf":[],"_links":{"self":[{"href":"https:\/\/defabrica.com.mx\/defabrica\/wp-json\/wp\/v2\/product\/86013","targetHints":{"allow":["GET"]}}],"collection":[{"href":"https:\/\/defabrica.com.mx\/defabrica\/wp-json\/wp\/v2\/product"}],"about":[{"href":"https:\/\/defabrica.com.mx\/defabrica\/wp-json\/wp\/v2\/types\/product"}],"replies":[{"embeddable":true,"href":"https:\/\/defabrica.com.mx\/defabrica\/wp-json\/wp\/v2\/comments?post=86013"}],"wp:featuredmedia":[{"embeddable":true,"href":"https:\/\/defabrica.com.mx\/defabrica\/wp-json\/wp\/v2\/media\/86014"}],"wp:attachment":[{"href":"https:\/\/defabrica.com.mx\/defabrica\/wp-json\/wp\/v2\/media?parent=86013"}],"wp:term":[{"taxonomy":"product_brand","embeddable":true,"href":"https:\/\/defabrica.com.mx\/defabrica\/wp-json\/wp\/v2\/product_brand?post=86013"},{"taxonomy":"product_cat","embeddable":true,"href":"https:\/\/defabrica.com.mx\/defabrica\/wp-json\/wp\/v2\/product_cat?post=86013"},{"taxonomy":"product_tag","embeddable":true,"href":"https:\/\/defabrica.com.mx\/defabrica\/wp-json\/wp\/v2\/product_tag?post=86013"}],"curies":[{"name":"wp","href":"https:\/\/api.w.org\/{rel}","templated":true}]}}