{"id":85998,"date":"2022-07-02T18:30:59","date_gmt":"2022-07-02T23:30:59","guid":{"rendered":"https:\/\/defabrica.com.mx\/defabrica\/?post_type=product&#038;p=85998"},"modified":"2023-01-17T13:02:15","modified_gmt":"2023-01-17T19:02:15","slug":"sony-camara-de-video-sin-espejo-de-cuadro-completo-alpha-a7-ii-con-lente-de-28-70-mm-negro","status":"publish","type":"product","link":"https:\/\/defabrica.com.mx\/defabrica\/producto\/sony-camara-de-video-sin-espejo-de-cuadro-completo-alpha-a7-ii-con-lente-de-28-70-mm-negro\/","title":{"rendered":"Sony &#8211; C\u00e1mara de video sin espejo de cuadro completo Alpha a7 II con lente de 28-70 mm &#8211; Negro"},"content":{"rendered":"<p>Con estabilizaci\u00f3n de imagen en el cuerpo de 5 ejes, esta c\u00e1mara sin espejo Sony a7 II le permite tomar im\u00e1genes n\u00edtidas y deslumbrantes mientras viaja.\u00a0La TFT-LCD inclinable de 3&#8243; y el EVF OLED de alto contraste facilitan el encuadre preciso de la toma. .<\/p>\n<h3><\/h3>\n<h3 class=\"heading-5 v-fw-regular feature-heading\"><strong>Caracter\u00edsticas<\/strong><\/h3>\n<ul>\n<li><strong>Sensor CMOS Exmor de fotograma completo de 24,3 megap\u00edxeles<\/strong><br \/>\nCon un dise\u00f1o de lente en chip sin espacios, captura im\u00e1genes de alta resoluci\u00f3n.<\/li>\n<li><strong>Lente de 28-70 mm f\/3.5-5.6 incluida<\/strong><br \/>\nPara detalles de imagen intrincados. Se adapta a la mayor\u00eda de los lentes Sony E-Mount y otros lentes con el uso de adaptadores.<\/li>\n<li><strong>LCD TFT de 3&#8243;<\/strong><br \/>\nSe puede inclinar hacia arriba o hacia abajo, por lo que puede lograr f\u00e1cilmente un encuadre de \u00e1ngulo alto o bajo.<\/li>\n<li><strong>Modo de pel\u00edcula de alta definici\u00f3n<\/strong><br \/>\nLe permite grabar clips con una resoluci\u00f3n de 1920 x 1080 a 60p o con una resoluci\u00f3n de 1280 x 720 a 120p, lo que simplifica la captura de momentos especiales con detalles n\u00edtidos y fluidos.<\/li>\n<li><strong>Modo de r\u00e1faga<\/strong><br \/>\nLe permite tomar hasta 5 fps para una captura din\u00e1mica y de acci\u00f3n r\u00e1pida.<\/li>\n<li><strong>ISO 100-25,600<\/strong><br \/>\nPermite disparar en la mayor\u00eda de las condiciones de iluminaci\u00f3n.<\/li>\n<li><strong>Enfoque autom\u00e1tico h\u00edbrido r\u00e1pido<\/strong><br \/>\nCon detecci\u00f3n de fase le permite capturar im\u00e1genes n\u00edtidas y sin desenfoque.<\/li>\n<li><strong>EVF (visor electr\u00f3nico) OLED de alto contraste<\/strong><br \/>\nCon 2,4 millones de puntos, permite encuadrar a la altura de los ojos.<\/li>\n<li><strong>Montaje de flash externo<\/strong><br \/>\nLe permite conectar un flash compatible (no incluido) a trav\u00e9s de la zapata de interfaz m\u00faltiple, para que pueda lograr tomas brillantes y bien iluminadas.<\/li>\n<li><strong>Estabilizaci\u00f3n de imagen en el cuerpo de 5 ejes<\/strong><br \/>\nJunto con SteadyShot \u00f3ptico ayuda a eliminar el movimiento de la c\u00e1mara y el desenfoque tanto en im\u00e1genes fijas como en pel\u00edculas.<\/li>\n<li><strong>Detecci\u00f3n de rostro<\/strong><br \/>\nDetecta hasta 8 caras, lo que facilita la toma de impresionantes fotos grupales.<\/li>\n<li><strong>Wi-Fi integrado de 2,4 GHz (802.11b\/g\/n)<\/strong><br \/>\nPermite compartir im\u00e1genes de forma inal\u00e1mbrica. NFC (comunicaci\u00f3n de campo cercano) permite la transferencia de im\u00e1genes con un solo toque con dispositivos seleccionados.<\/li>\n<\/ul>\n","protected":false},"excerpt":{"rendered":"<p>Con estabilizaci\u00f3n de imagen en el cuerpo de 5 ejes, esta c\u00e1mara sin espejo Sony a7 II le permite tomar im\u00e1genes n\u00edtidas y deslumbrantes mientras viaja.\u00a0La TFT-LCD inclinable de 3&#8243;<\/p>\n","protected":false},"featured_media":86001,"comment_status":"open","ping_status":"closed","template":"","meta":{"_acf_changed":false,"_joinchat":[]},"product_brand":[],"product_cat":[442,284,444],"product_tag":[],"class_list":{"0":"post-85998","1":"product","2":"type-product","3":"status-publish","4":"has-post-thumbnail","6":"product_cat-camaras","7":"product_cat-camaras-y-lentes","8":"product_cat-todas-las-camaras-y-lentes","10":"first","11":"instock","12":"sale","13":"shipping-taxable","14":"purchasable","15":"product-type-simple"},"acf":[],"_links":{"self":[{"href":"https:\/\/defabrica.com.mx\/defabrica\/wp-json\/wp\/v2\/product\/85998","targetHints":{"allow":["GET"]}}],"collection":[{"href":"https:\/\/defabrica.com.mx\/defabrica\/wp-json\/wp\/v2\/product"}],"about":[{"href":"https:\/\/defabrica.com.mx\/defabrica\/wp-json\/wp\/v2\/types\/product"}],"replies":[{"embeddable":true,"href":"https:\/\/defabrica.com.mx\/defabrica\/wp-json\/wp\/v2\/comments?post=85998"}],"wp:featuredmedia":[{"embeddable":true,"href":"https:\/\/defabrica.com.mx\/defabrica\/wp-json\/wp\/v2\/media\/86001"}],"wp:attachment":[{"href":"https:\/\/defabrica.com.mx\/defabrica\/wp-json\/wp\/v2\/media?parent=85998"}],"wp:term":[{"taxonomy":"product_brand","embeddable":true,"href":"https:\/\/defabrica.com.mx\/defabrica\/wp-json\/wp\/v2\/product_brand?post=85998"},{"taxonomy":"product_cat","embeddable":true,"href":"https:\/\/defabrica.com.mx\/defabrica\/wp-json\/wp\/v2\/product_cat?post=85998"},{"taxonomy":"product_tag","embeddable":true,"href":"https:\/\/defabrica.com.mx\/defabrica\/wp-json\/wp\/v2\/product_tag?post=85998"}],"curies":[{"name":"wp","href":"https:\/\/api.w.org\/{rel}","templated":true}]}}