{"id":85973,"date":"2022-07-02T18:14:21","date_gmt":"2022-07-02T23:14:21","guid":{"rendered":"https:\/\/defabrica.com.mx\/defabrica\/?post_type=product&#038;p=85973"},"modified":"2023-01-17T12:57:13","modified_gmt":"2023-01-17T18:57:13","slug":"sony-g-master-fe-24-70-mm-f2-8-gm-lente-de-zoom-estandar-con-montura-e-de-cuadro-completo-negro","status":"publish","type":"product","link":"https:\/\/defabrica.com.mx\/defabrica\/producto\/sony-g-master-fe-24-70-mm-f2-8-gm-lente-de-zoom-estandar-con-montura-e-de-cuadro-completo-negro\/","title":{"rendered":"Sony &#8211; G Master FE 24-70 mm F2.8 GM Lente de zoom est\u00e1ndar con montura E de cuadro completo &#8211; Negro"},"content":{"rendered":"<p>Sony G Master FE 24-70 mm F2.8 GM Lente de zoom est\u00e1ndar con montura E de cuadro completo: Explore la versatilidad que esta lente de c\u00e1mara Sony 24-70 mm F2.8 GM le brinda a su fotograf\u00eda, ya sea que la tome por diversi\u00f3n o por ganancias.\u00a0Esta lente de fotograma completo cuenta con una apertura m\u00e1xima constante para que puedas tomar acci\u00f3n incre\u00edble.\u00a0Direct Drive SSM ofrece un funcionamiento silencioso que es ideal para video y le permite enfocar r\u00e1pidamente este lente de c\u00e1mara est\u00e1ndar Sony 24-70mm F2.8 GM.<\/p>\n<h3><\/h3>\n<h3 class=\"heading-5 v-fw-regular feature-heading\"><strong>Caracter\u00edsticas<\/strong><\/h3>\n<ul>\n<li><strong>Compatible con la mayor\u00eda de las c\u00e1maras Sony Alpha E-mount<\/strong><br \/>\nPara usar con su c\u00e1mara actual.<\/li>\n<li><strong>Lente de zoom est\u00e1ndar para un uso vers\u00e1til<\/strong><br \/>\nConsiga la toma que desea con este objetivo de uso diario que ofrece una variedad de distancias focales para satisfacer la mayor\u00eda de sus necesidades fotogr\u00e1ficas.<\/li>\n<li><strong>Distancia focal de 24-70 mm<\/strong><br \/>\nEl rango medio es excelente para muchos temas, desde personas hasta paisajes.<\/li>\n<li><strong>apertura m\u00e1xima f\/2.8<\/strong><br \/>\nCrea im\u00e1genes n\u00edtidas y detalladas con poca profundidad de campo y fondo suavemente borroso. Funciona mejor en entornos de luz moderada a brillante o al aire libre en d\u00edas nublados.<\/li>\n<li><strong>aumento de 0,24x<\/strong><br \/>\nLa ampliaci\u00f3n garantiza que sus im\u00e1genes salgan como usted desea.<\/li>\n<li><strong>Elementos de lente Super-ED y ED (dispersi\u00f3n ultrabaja)<\/strong><br \/>\nCorrige eficazmente la aberraci\u00f3n crom\u00e1tica, como la borrosidad y las franjas de color, para obtener una excelente calidad de imagen en todo el rango del zoom. Tambi\u00e9n minimiza las im\u00e1genes fantasma y ayuda al balance de color.<\/li>\n<li><strong>Recubrimiento Nano AR<\/strong><br \/>\nSuprime los reflejos espurios que pueden causar destellos e im\u00e1genes fantasma, especialmente en situaciones de contraluz.<\/li>\n<\/ul>\n","protected":false},"excerpt":{"rendered":"<p>Sony G Master FE 24-70 mm F2.8 GM Lente de zoom est\u00e1ndar con montura E de cuadro completo: Explore la versatilidad que esta lente de c\u00e1mara Sony 24-70 mm F2.8<\/p>\n","protected":false},"featured_media":85974,"comment_status":"open","ping_status":"closed","template":"","meta":{"_acf_changed":false,"_joinchat":[]},"product_brand":[],"product_cat":[442,450,456],"product_tag":[],"class_list":{"0":"post-85973","1":"product","2":"type-product","3":"status-publish","4":"has-post-thumbnail","6":"product_cat-camaras","7":"product_cat-accesorios-camaras","8":"product_cat-todos-los-accesorios-de-camaras","10":"first","11":"instock","12":"sale","13":"shipping-taxable","14":"purchasable","15":"product-type-simple"},"acf":[],"_links":{"self":[{"href":"https:\/\/defabrica.com.mx\/defabrica\/wp-json\/wp\/v2\/product\/85973","targetHints":{"allow":["GET"]}}],"collection":[{"href":"https:\/\/defabrica.com.mx\/defabrica\/wp-json\/wp\/v2\/product"}],"about":[{"href":"https:\/\/defabrica.com.mx\/defabrica\/wp-json\/wp\/v2\/types\/product"}],"replies":[{"embeddable":true,"href":"https:\/\/defabrica.com.mx\/defabrica\/wp-json\/wp\/v2\/comments?post=85973"}],"wp:featuredmedia":[{"embeddable":true,"href":"https:\/\/defabrica.com.mx\/defabrica\/wp-json\/wp\/v2\/media\/85974"}],"wp:attachment":[{"href":"https:\/\/defabrica.com.mx\/defabrica\/wp-json\/wp\/v2\/media?parent=85973"}],"wp:term":[{"taxonomy":"product_brand","embeddable":true,"href":"https:\/\/defabrica.com.mx\/defabrica\/wp-json\/wp\/v2\/product_brand?post=85973"},{"taxonomy":"product_cat","embeddable":true,"href":"https:\/\/defabrica.com.mx\/defabrica\/wp-json\/wp\/v2\/product_cat?post=85973"},{"taxonomy":"product_tag","embeddable":true,"href":"https:\/\/defabrica.com.mx\/defabrica\/wp-json\/wp\/v2\/product_tag?post=85973"}],"curies":[{"name":"wp","href":"https:\/\/api.w.org\/{rel}","templated":true}]}}