{"id":85964,"date":"2022-07-02T18:07:55","date_gmt":"2022-07-02T23:07:55","guid":{"rendered":"https:\/\/defabrica.com.mx\/defabrica\/?post_type=product&#038;p=85964"},"modified":"2023-01-17T12:56:01","modified_gmt":"2023-01-17T18:56:01","slug":"sony-flash-externo","status":"publish","type":"product","link":"https:\/\/defabrica.com.mx\/defabrica\/producto\/sony-flash-externo\/","title":{"rendered":"Sony &#8211; Flash externo"},"content":{"rendered":"<div class=\"embedded-component-container lv product-description\">\n<div>\n<div id=\"shop-product-description-93804912\" class=\"_none\" data-version=\"1.3.45\">\n<div class=\"shop-product-description\">\n<section class=\"align-heading-left\" data-reactroot=\"\">\n<div class=\"long-description-container body-copy \">\n<div class=\"html-fragment\">Ilumine sus sujetos f\u00e1cilmente con este flash externo Sony HVLF32M que cuenta con flash electr\u00f3nico autom\u00e1tico con medici\u00f3n de preflash para simplificar la operaci\u00f3n.\u00a0La reducci\u00f3n de ojos rojos ayuda a minimizar la aparici\u00f3n de ojos rojos en los sujetos.<\/div>\n<\/div>\n<\/section>\n<\/div>\n<\/div>\n<\/div>\n<\/div>\n<div class=\"embedded-component-container lv product-features\">\n<h3><\/h3>\n<h3 class=\"heading-5 v-fw-regular feature-heading\"><strong>Caracter\u00edsticas<\/strong><\/h3>\n<ul>\n<li><strong>funci\u00f3n de rebote<\/strong><br \/>\nLe permite inclinar el flash 90\u00b0 hacia arriba, 8\u00b0 hacia abajo, 90\u00b0 hacia la izquierda y 180\u00b0 hacia la derecha para brindar iluminaci\u00f3n natural al sujeto<\/li>\n<li><strong>reducci\u00f3n de ojos rojos<\/strong><br \/>\nAyuda a minimizar la aparici\u00f3n de ojos rojos en los sujetos<\/li>\n<li><strong>Compatible con c\u00e1maras Sony seleccionadas<\/strong><br \/>\nIncluye modelos sin espejo de fotograma completo a7, a7R y a7S para usar con su c\u00e1mara actual<\/li>\n<li><strong>Materiales PC y ABS<\/strong><br \/>\nPara un dise\u00f1o duradero<\/li>\n<li><strong>Dise\u00f1o alimentado por bater\u00eda<\/strong><br \/>\nRequiere 2 pilas AA y entrega aprox. 120 flashes con pilas alcalinas (no incluidas)<\/li>\n<li><strong>Flash electr\u00f3nico autom\u00e1tico con medici\u00f3n de preflash<\/strong><br \/>\nLe permite proporcionar una amplia iluminaci\u00f3n para su pr\u00f3xima sesi\u00f3n de fotograf\u00eda.<\/li>\n<\/ul>\n<\/div>\n","protected":false},"excerpt":{"rendered":"<p>Ilumine sus sujetos f\u00e1cilmente con este flash externo Sony HVLF32M que cuenta con flash electr\u00f3nico autom\u00e1tico con medici\u00f3n de preflash para simplificar la operaci\u00f3n.\u00a0La reducci\u00f3n de ojos rojos ayuda a<\/p>\n","protected":false},"featured_media":85966,"comment_status":"open","ping_status":"closed","template":"","meta":{"_acf_changed":false,"_joinchat":[]},"product_brand":[],"product_cat":[442,450,454],"product_tag":[],"class_list":{"0":"post-85964","1":"product","2":"type-product","3":"status-publish","4":"has-post-thumbnail","6":"product_cat-camaras","7":"product_cat-accesorios-camaras","8":"product_cat-flashes-e-iluminacion","10":"first","11":"instock","12":"sale","13":"shipping-taxable","14":"purchasable","15":"product-type-simple"},"acf":[],"_links":{"self":[{"href":"https:\/\/defabrica.com.mx\/defabrica\/wp-json\/wp\/v2\/product\/85964","targetHints":{"allow":["GET"]}}],"collection":[{"href":"https:\/\/defabrica.com.mx\/defabrica\/wp-json\/wp\/v2\/product"}],"about":[{"href":"https:\/\/defabrica.com.mx\/defabrica\/wp-json\/wp\/v2\/types\/product"}],"replies":[{"embeddable":true,"href":"https:\/\/defabrica.com.mx\/defabrica\/wp-json\/wp\/v2\/comments?post=85964"}],"wp:featuredmedia":[{"embeddable":true,"href":"https:\/\/defabrica.com.mx\/defabrica\/wp-json\/wp\/v2\/media\/85966"}],"wp:attachment":[{"href":"https:\/\/defabrica.com.mx\/defabrica\/wp-json\/wp\/v2\/media?parent=85964"}],"wp:term":[{"taxonomy":"product_brand","embeddable":true,"href":"https:\/\/defabrica.com.mx\/defabrica\/wp-json\/wp\/v2\/product_brand?post=85964"},{"taxonomy":"product_cat","embeddable":true,"href":"https:\/\/defabrica.com.mx\/defabrica\/wp-json\/wp\/v2\/product_cat?post=85964"},{"taxonomy":"product_tag","embeddable":true,"href":"https:\/\/defabrica.com.mx\/defabrica\/wp-json\/wp\/v2\/product_tag?post=85964"}],"curies":[{"name":"wp","href":"https:\/\/api.w.org\/{rel}","templated":true}]}}