{"id":85946,"date":"2022-07-02T17:58:30","date_gmt":"2022-07-02T22:58:30","guid":{"rendered":"https:\/\/defabrica.com.mx\/defabrica\/?post_type=product&#038;p=85946"},"modified":"2023-01-17T12:54:36","modified_gmt":"2023-01-17T18:54:36","slug":"sony-alpha-wireless-radio-control-external-flash","status":"publish","type":"product","link":"https:\/\/defabrica.com.mx\/defabrica\/producto\/sony-alpha-wireless-radio-control-external-flash\/","title":{"rendered":"Sony &#8211; Alpha Wireless Radio Control External Flash"},"content":{"rendered":"<div class=\"embedded-component-container lv product-description\">\n<div>\n<div id=\"shop-product-description-71310293\" class=\"_none\" data-version=\"1.3.45\">\n<div class=\"shop-product-description\">\n<section class=\"align-heading-left\" data-reactroot=\"\">\n<div class=\"long-description-container body-copy \">\n<div class=\"html-fragment\">Flash externo Sony Alpha con control remoto inal\u00e1mbrico y alimentaci\u00f3n GN46 para c\u00e1maras sin espejo<\/div>\n<\/div>\n<\/section>\n<\/div>\n<\/div>\n<\/div>\n<\/div>\n<div class=\"embedded-component-container lv product-features\">\n<h3><\/h3>\n<h3 class=\"heading-5 v-fw-regular feature-heading\"><strong>Caracter\u00edsticas<\/strong><\/h3>\n<ul>\n<li><strong>Compatible con las c\u00e1maras de la serie Alpha de Sony<\/strong><br \/>\nPara usar con su modelo existente.<\/li>\n<li><strong>Precisi\u00f3n del balance de blancos autom\u00e1tico<\/strong><br \/>\nTransfiere datos de temperatura de color a la c\u00e1mara utilizada para ajustar con precisi\u00f3n el balance de blancos; los colores se renderizan de forma natural<\/li>\n<li><strong>Disparo con flash continuo estable a alta velocidad<\/strong><br \/>\nProporcione flash continuamente para hasta 60 fotogramas en r\u00e1fagas de alta velocidad de hasta 10 fps<\/li>\n<li><strong>Tipos de distribuci\u00f3n flash seleccionables<\/strong><br \/>\nTres tipos de distribuci\u00f3n de flash seleccionables: est\u00e1ndar (STD), prioridad GN (CENTRO), prioridad gran angular (EVEN)<\/li>\n<li><strong>Resistencia al polvo y la humedad<\/strong><br \/>\nEl dise\u00f1o mejorado contribuye a una alta confiabilidad en condiciones al aire libre<\/li>\n<li><strong>Comunicaci\u00f3n inal\u00e1mbrica por radio vers\u00e1til<\/strong><br \/>\nComunicaci\u00f3n de radio inal\u00e1mbrica estable para distancias de hasta 98,4 pies (30 m); se logra una comunicaci\u00f3n confiable sin errores alrededor de reflectores y obst\u00e1culos<\/li>\n<li><strong>Control de radio inal\u00e1mbrico incorporado<\/strong><br \/>\nCapacidad para controlar hasta 15 flashes o unidades receptoras en grupos de cinco<\/li>\n<li><strong>Conexi\u00f3n multi\/micro USB<\/strong><br \/>\nTerminal incorporado que permite la conexi\u00f3n a una computadora para actualizaciones de software<\/li>\n<\/ul>\n<\/div>\n","protected":false},"excerpt":{"rendered":"<p>Flash externo Sony Alpha con control remoto inal\u00e1mbrico y alimentaci\u00f3n GN46 para c\u00e1maras sin espejo Caracter\u00edsticas Compatible con las c\u00e1maras de la serie Alpha de Sony Para usar con su<\/p>\n","protected":false},"featured_media":85947,"comment_status":"open","ping_status":"closed","template":"","meta":{"_acf_changed":false,"_joinchat":[]},"product_brand":[],"product_cat":[442,450,454],"product_tag":[],"class_list":{"0":"post-85946","1":"product","2":"type-product","3":"status-publish","4":"has-post-thumbnail","6":"product_cat-camaras","7":"product_cat-accesorios-camaras","8":"product_cat-flashes-e-iluminacion","10":"first","11":"instock","12":"sale","13":"shipping-taxable","14":"purchasable","15":"product-type-simple"},"acf":[],"_links":{"self":[{"href":"https:\/\/defabrica.com.mx\/defabrica\/wp-json\/wp\/v2\/product\/85946","targetHints":{"allow":["GET"]}}],"collection":[{"href":"https:\/\/defabrica.com.mx\/defabrica\/wp-json\/wp\/v2\/product"}],"about":[{"href":"https:\/\/defabrica.com.mx\/defabrica\/wp-json\/wp\/v2\/types\/product"}],"replies":[{"embeddable":true,"href":"https:\/\/defabrica.com.mx\/defabrica\/wp-json\/wp\/v2\/comments?post=85946"}],"wp:featuredmedia":[{"embeddable":true,"href":"https:\/\/defabrica.com.mx\/defabrica\/wp-json\/wp\/v2\/media\/85947"}],"wp:attachment":[{"href":"https:\/\/defabrica.com.mx\/defabrica\/wp-json\/wp\/v2\/media?parent=85946"}],"wp:term":[{"taxonomy":"product_brand","embeddable":true,"href":"https:\/\/defabrica.com.mx\/defabrica\/wp-json\/wp\/v2\/product_brand?post=85946"},{"taxonomy":"product_cat","embeddable":true,"href":"https:\/\/defabrica.com.mx\/defabrica\/wp-json\/wp\/v2\/product_cat?post=85946"},{"taxonomy":"product_tag","embeddable":true,"href":"https:\/\/defabrica.com.mx\/defabrica\/wp-json\/wp\/v2\/product_tag?post=85946"}],"curies":[{"name":"wp","href":"https:\/\/api.w.org\/{rel}","templated":true}]}}