{"id":85929,"date":"2022-07-02T17:47:33","date_gmt":"2022-07-02T22:47:33","guid":{"rendered":"https:\/\/defabrica.com.mx\/defabrica\/?post_type=product&#038;p=85929"},"modified":"2022-12-12T12:18:54","modified_gmt":"2022-12-12T18:18:54","slug":"sunpak-platinumplus-5858d-58-tripod-black","status":"publish","type":"product","link":"https:\/\/defabrica.com.mx\/defabrica\/producto\/sunpak-platinumplus-5858d-58-tripod-black\/","title":{"rendered":"Sunpak &#8211; PlatinumPlus 5858D 58&#8243; Tripod &#8211; Black"},"content":{"rendered":"<div class=\"product-description\">Este tr\u00edpode Sunpak PlatinumPlus 5858D 620-585BB estabiliza su c\u00e1mara o videoc\u00e1mara cuando toma autorretratos, fotos familiares y m\u00e1s para garantizar im\u00e1genes n\u00edtidas y detalladas.\u00a0El cabezal panor\u00e1mico de 3 v\u00edas permite ajustes sencillos, para que pueda encuadrar las tomas a su gusto.<\/div>\n<div class=\"product-description-banners-lv\">\n<div class=\"product-description-banner\" data-track=\"description-html-asset:Explore the gear you need for content creation.\">\n<h3><\/h3>\n<h3 class=\"heading-5 v-fw-regular feature-heading\"><strong>Caracter\u00edsticas<\/strong><\/h3>\n<div class=\"feature-body-container\">\n<div class=\"features-list-container\">\n<div class=\"features-list all-features\">\n<div class=\"list-row\">\n<ul>\n<li><strong>Compatible con c\u00e1maras y videoc\u00e1maras seleccionadas<\/strong><br \/>\nPara mantener su dispositivo estable, permitiendo im\u00e1genes y videos claros y n\u00edtidos.<\/li>\n<li><strong>Materiales de aluminio, pl\u00e1stico, caucho y acero.<\/strong><br \/>\nGarantizar un dise\u00f1o duradero.<\/li>\n<li><strong>Espuma para piernas<\/strong><br \/>\nPermite un f\u00e1cil manejo sin guantes en climas c\u00e1lidos o fr\u00edos.<\/li>\n<li><strong>cabezal panor\u00e1mico de 3 v\u00edas<\/strong><br \/>\nPermite un encuadre preciso y facilita el seguimiento de la acci\u00f3n.<\/li>\n<li><strong>Columna central engranada<\/strong><br \/>\nLe permite hacer peque\u00f1os ajustes hacia arriba y hacia abajo.<\/li>\n<li><strong>Nivel de ojo de buey incorporado en el chasis<\/strong><br \/>\nPara una nivelaci\u00f3n sencilla y precisa.<\/li>\n<li><strong>Placa de liberaci\u00f3n r\u00e1pida<\/strong><br \/>\nFacilita el montaje de una c\u00e1mara o videoc\u00e1mara compatible.<\/li>\n<\/ul>\n<\/div>\n<\/div>\n<\/div>\n<\/div>\n<\/div>\n<\/div>\n","protected":false},"excerpt":{"rendered":"<p>Este tr\u00edpode Sunpak PlatinumPlus 5858D 620-585BB estabiliza su c\u00e1mara o videoc\u00e1mara cuando toma autorretratos, fotos familiares y m\u00e1s para garantizar im\u00e1genes n\u00edtidas y detalladas.\u00a0El cabezal panor\u00e1mico de 3 v\u00edas permite<\/p>\n","protected":false},"featured_media":85930,"comment_status":"open","ping_status":"closed","template":"","meta":{"_acf_changed":false,"_joinchat":[]},"product_brand":[],"product_cat":[442,450,452],"product_tag":[],"class_list":{"0":"post-85929","1":"product","2":"type-product","3":"status-publish","4":"has-post-thumbnail","6":"product_cat-camaras","7":"product_cat-accesorios-camaras","8":"product_cat-tripies-monopies-estabilizadores","10":"first","11":"instock","12":"sale","13":"shipping-taxable","14":"purchasable","15":"product-type-simple"},"acf":[],"_links":{"self":[{"href":"https:\/\/defabrica.com.mx\/defabrica\/wp-json\/wp\/v2\/product\/85929","targetHints":{"allow":["GET"]}}],"collection":[{"href":"https:\/\/defabrica.com.mx\/defabrica\/wp-json\/wp\/v2\/product"}],"about":[{"href":"https:\/\/defabrica.com.mx\/defabrica\/wp-json\/wp\/v2\/types\/product"}],"replies":[{"embeddable":true,"href":"https:\/\/defabrica.com.mx\/defabrica\/wp-json\/wp\/v2\/comments?post=85929"}],"wp:featuredmedia":[{"embeddable":true,"href":"https:\/\/defabrica.com.mx\/defabrica\/wp-json\/wp\/v2\/media\/85930"}],"wp:attachment":[{"href":"https:\/\/defabrica.com.mx\/defabrica\/wp-json\/wp\/v2\/media?parent=85929"}],"wp:term":[{"taxonomy":"product_brand","embeddable":true,"href":"https:\/\/defabrica.com.mx\/defabrica\/wp-json\/wp\/v2\/product_brand?post=85929"},{"taxonomy":"product_cat","embeddable":true,"href":"https:\/\/defabrica.com.mx\/defabrica\/wp-json\/wp\/v2\/product_cat?post=85929"},{"taxonomy":"product_tag","embeddable":true,"href":"https:\/\/defabrica.com.mx\/defabrica\/wp-json\/wp\/v2\/product_tag?post=85929"}],"curies":[{"name":"wp","href":"https:\/\/api.w.org\/{rel}","templated":true}]}}