{"id":85885,"date":"2022-07-01T16:32:57","date_gmt":"2022-07-01T21:32:57","guid":{"rendered":"https:\/\/defabrica.com.mx\/defabrica\/?post_type=product&#038;p=85885"},"modified":"2023-01-17T12:52:55","modified_gmt":"2023-01-17T18:52:55","slug":"sunpak-anillo-de-luz-arcoiris-de-18-con-microfono-de-canon","status":"publish","type":"product","link":"https:\/\/defabrica.com.mx\/defabrica\/producto\/sunpak-anillo-de-luz-arcoiris-de-18-con-microfono-de-canon\/","title":{"rendered":"Sunpak &#8211; Anillo de luz arco\u00edris de 18&#8243; con micr\u00f3fono de ca\u00f1\u00f3n"},"content":{"rendered":"<div class=\"product-description\">El Sunpak Premium Series Rainbow Vlogging Kit tiene un anillo de luz de 18 pulgadas dise\u00f1ado para c\u00e1maras o tel\u00e9fonos inteligentes.\u00a0Consta de LED de luz diurna, tungsteno y RGB, cuyo color, intensidad de salida y varias transiciones de luz se pueden ajustar.\u00a0El kit tambi\u00e9n incluye un micr\u00f3fono de ca\u00f1\u00f3n BOYA para mejorar las capacidades de audio direccional.<\/div>\n<div class=\"product-description-banners-lv\">\n<div class=\"product-description-banner\" data-track=\"description-html-asset:Explore the gear you need for content creation.\">\n<h3><\/h3>\n<h3 class=\"heading-5 v-fw-regular feature-heading\"><strong>Caracter\u00edsticas<\/strong><\/h3>\n<div class=\"feature-body-container\">\n<div class=\"features-list-container\">\n<div class=\"features-list all-features\">\n<div class=\"list-row\">\n<ul>\n<li><strong>Anillo de luz arco\u00edris Sunpak de 18&#8243; con micr\u00f3fono de ca\u00f1\u00f3n BOYA<\/strong><br \/>\nTodo lo que necesita para videos de aspecto y sonido profesionales.<\/li>\n<li><strong>Monturas para accesorios<\/strong><br \/>\nEl anillo de luz incluye 3 soportes flexibles para tel\u00e9fonos inteligentes, una cabeza esf\u00e9rica con soporte de tornillo de 1\/4&#8243;-20, un puerto de carga de 5 V incorporado para cargar sus dispositivos USB compactos, as\u00ed como un control remoto multifunci\u00f3n para el anillo de luz y un control remoto Bluetooth para Dispositivos Android y Apple.<\/li>\n<li><strong>Salida ajustable<\/strong><br \/>\nLa intensidad se puede ajustar del 100% al 10%.<\/li>\n<li><strong>Micr\u00f3fono de ca\u00f1\u00f3n BOYA<\/strong><br \/>\nEl kit incluye un micr\u00f3fono de ca\u00f1\u00f3n BOYA BY-BM3011 que es compatible con tel\u00e9fonos inteligentes, c\u00e1maras, videoc\u00e1maras, grabadoras de audio y PC. El micr\u00f3fono tiene un amortiguador integrado e incluye una protecci\u00f3n contra el viento de espuma y una cubierta contra el viento de piel.<\/li>\n<\/ul>\n<\/div>\n<\/div>\n<\/div>\n<\/div>\n<\/div>\n<\/div>\n","protected":false},"excerpt":{"rendered":"<p>El Sunpak Premium Series Rainbow Vlogging Kit tiene un anillo de luz de 18 pulgadas dise\u00f1ado para c\u00e1maras o tel\u00e9fonos inteligentes.\u00a0Consta de LED de luz diurna, tungsteno y RGB, cuyo<\/p>\n","protected":false},"featured_media":85887,"comment_status":"open","ping_status":"closed","template":"","meta":{"_acf_changed":false,"_joinchat":[]},"product_brand":[],"product_cat":[442,450,454],"product_tag":[],"class_list":{"0":"post-85885","1":"product","2":"type-product","3":"status-publish","4":"has-post-thumbnail","6":"product_cat-camaras","7":"product_cat-accesorios-camaras","8":"product_cat-flashes-e-iluminacion","10":"first","11":"instock","12":"sale","13":"shipping-taxable","14":"purchasable","15":"product-type-simple"},"acf":[],"_links":{"self":[{"href":"https:\/\/defabrica.com.mx\/defabrica\/wp-json\/wp\/v2\/product\/85885","targetHints":{"allow":["GET"]}}],"collection":[{"href":"https:\/\/defabrica.com.mx\/defabrica\/wp-json\/wp\/v2\/product"}],"about":[{"href":"https:\/\/defabrica.com.mx\/defabrica\/wp-json\/wp\/v2\/types\/product"}],"replies":[{"embeddable":true,"href":"https:\/\/defabrica.com.mx\/defabrica\/wp-json\/wp\/v2\/comments?post=85885"}],"wp:featuredmedia":[{"embeddable":true,"href":"https:\/\/defabrica.com.mx\/defabrica\/wp-json\/wp\/v2\/media\/85887"}],"wp:attachment":[{"href":"https:\/\/defabrica.com.mx\/defabrica\/wp-json\/wp\/v2\/media?parent=85885"}],"wp:term":[{"taxonomy":"product_brand","embeddable":true,"href":"https:\/\/defabrica.com.mx\/defabrica\/wp-json\/wp\/v2\/product_brand?post=85885"},{"taxonomy":"product_cat","embeddable":true,"href":"https:\/\/defabrica.com.mx\/defabrica\/wp-json\/wp\/v2\/product_cat?post=85885"},{"taxonomy":"product_tag","embeddable":true,"href":"https:\/\/defabrica.com.mx\/defabrica\/wp-json\/wp\/v2\/product_tag?post=85885"}],"curies":[{"name":"wp","href":"https:\/\/api.w.org\/{rel}","templated":true}]}}