{"id":85808,"date":"2022-07-01T04:02:38","date_gmt":"2022-07-01T09:02:38","guid":{"rendered":"https:\/\/defabrica.com.mx\/defabrica\/?post_type=product&#038;p=85808"},"modified":"2022-07-05T11:51:13","modified_gmt":"2022-07-05T16:51:13","slug":"512-audio-auriculares-academy-studio-negro","status":"publish","type":"product","link":"https:\/\/defabrica.com.mx\/defabrica\/producto\/512-audio-auriculares-academy-studio-negro\/","title":{"rendered":"512 Audio &#8211; Auriculares Academy Studio &#8211; Negro"},"content":{"rendered":"<p><span>Los auriculares de estudio profesionales de Academy est\u00e1n ajustados con precisi\u00f3n para brindar una claridad y comodidad excepcionales, ya sea que est\u00e9 grabando, transmitiendo o simplemente disfrutando de su podcast favorito.\u00a0<\/span><span>Con controladores din\u00e1micos profesionales de 45 mm y una respuesta de frecuencia que cubre todo el espectro audible, los auriculares Academy producen un audio natural y preciso y una claridad de baja frecuencia excepcional para que pueda escuchar todos los matices.<\/span><\/p>\n<h3 class=\"heading-5 v-fw-regular feature-heading\"><strong>Caracter\u00edsticas<\/strong><\/h3>\n<ul>\n<li><strong>Grandes controladores din\u00e1micos de 45 mm<\/strong><br \/>\nOfrece un audio natural y preciso y una claridad de baja frecuencia excepcional que es perfecta para escuchar con detalle el habla y las voces.<\/li>\n<li><strong>Atenuaci\u00f3n de ruido<\/strong><br \/>\nAislamiento de ruido pasivo<\/li>\n<li><strong>Cable desmontable y bloqueo de cable<\/strong><br \/>\nIncluye cable recto de 9,8 pies y cable en espiral de 4,9 pies<\/li>\n<li><strong>Caracter\u00edsticas de confort<\/strong><br \/>\nDiadema totalmente ajustable y dise\u00f1o de orejeras para escuchar c\u00f3modamente<\/li>\n<li><strong>Dise\u00f1ado para escuchar durante m\u00e1s tiempo<\/strong><br \/>\nEscuche con comodidad durante horas con la diadema totalmente ajustable y las orejeras afelpadas que giran 90 grados<\/li>\n<li><strong>Respuesta de frecuencia extendida<\/strong><br \/>\nBrinda el espectro audible completo cr\u00edtico para el monitoreo preciso del habla y las voces.<\/li>\n<li><strong>Aislamiento de sonido superior<\/strong><br \/>\nLa tensi\u00f3n satisfactoria de la banda para la cabeza combinada con un dise\u00f1o ergon\u00f3mico de auricular cerrado crea un sello ac\u00fastico superior<\/li>\n<li><strong>Estuche r\u00edgido premium incluido<\/strong><br \/>\nProtecci\u00f3n confiable para sus auriculares Academy con el estuche de transporte premium r\u00edgido incluido<\/li>\n<\/ul>\n","protected":false},"excerpt":{"rendered":"<p>Los auriculares de estudio profesionales de Academy est\u00e1n ajustados con precisi\u00f3n para brindar una claridad y comodidad excepcionales, ya sea que est\u00e9 grabando, transmitiendo o simplemente disfrutando de su podcast<\/p>\n","protected":false},"featured_media":85813,"comment_status":"open","ping_status":"closed","template":"","meta":{"_acf_changed":false,"_joinchat":[]},"product_brand":[],"product_cat":[294,300,736],"product_tag":[],"class_list":{"0":"post-85808","1":"product","2":"type-product","3":"status-publish","4":"has-post-thumbnail","6":"product_cat-audio","7":"product_cat-audifonos","8":"product_cat-alambricos","10":"first","11":"instock","12":"sale","13":"shipping-taxable","14":"purchasable","15":"product-type-simple"},"acf":[],"_links":{"self":[{"href":"https:\/\/defabrica.com.mx\/defabrica\/wp-json\/wp\/v2\/product\/85808","targetHints":{"allow":["GET"]}}],"collection":[{"href":"https:\/\/defabrica.com.mx\/defabrica\/wp-json\/wp\/v2\/product"}],"about":[{"href":"https:\/\/defabrica.com.mx\/defabrica\/wp-json\/wp\/v2\/types\/product"}],"replies":[{"embeddable":true,"href":"https:\/\/defabrica.com.mx\/defabrica\/wp-json\/wp\/v2\/comments?post=85808"}],"wp:featuredmedia":[{"embeddable":true,"href":"https:\/\/defabrica.com.mx\/defabrica\/wp-json\/wp\/v2\/media\/85813"}],"wp:attachment":[{"href":"https:\/\/defabrica.com.mx\/defabrica\/wp-json\/wp\/v2\/media?parent=85808"}],"wp:term":[{"taxonomy":"product_brand","embeddable":true,"href":"https:\/\/defabrica.com.mx\/defabrica\/wp-json\/wp\/v2\/product_brand?post=85808"},{"taxonomy":"product_cat","embeddable":true,"href":"https:\/\/defabrica.com.mx\/defabrica\/wp-json\/wp\/v2\/product_cat?post=85808"},{"taxonomy":"product_tag","embeddable":true,"href":"https:\/\/defabrica.com.mx\/defabrica\/wp-json\/wp\/v2\/product_tag?post=85808"}],"curies":[{"name":"wp","href":"https:\/\/api.w.org\/{rel}","templated":true}]}}