{"id":85801,"date":"2022-07-01T03:25:26","date_gmt":"2022-07-01T08:25:26","guid":{"rendered":"https:\/\/defabrica.com.mx\/defabrica\/?post_type=product&#038;p=85801"},"modified":"2022-07-05T11:51:13","modified_gmt":"2022-07-05T16:51:13","slug":"adidas-zne-01-tw-gris-noche","status":"publish","type":"product","link":"https:\/\/defabrica.com.mx\/defabrica\/producto\/adidas-zne-01-tw-gris-noche\/","title":{"rendered":"adidas &#8211; ZNE 01 TW &#8211; Gris noche"},"content":{"rendered":"<p>Aud\u00edfonos inal\u00e1mbricos adidas ZNE 01 True<\/p>\n<p><strong>Caracter\u00edsticas<\/strong><\/p>\n<ul>\n<li><strong>Sonido atractivo<\/strong><br \/>\nEncuentra tu ritmo. Estos auriculares ofrecen un sonido atractivo en un dise\u00f1o elegante y ergon\u00f3mico. Sinton\u00edzate y mu\u00e9vete.<\/li>\n<li><strong>Ajuste f\u00e1cil<\/strong><br \/>\nDesde el modo de entrenamiento hasta la vida diaria, el dise\u00f1o elegante se siente c\u00f3modo en movimiento.<\/li>\n<li><strong>A prueba de sudor y a prueba de salpicaduras<\/strong><br \/>\nDesde caminatas en un d\u00eda lluvioso hasta entrenamientos r\u00e1pidos a la hora del almuerzo, estos auriculares con clasificaci\u00f3n IPX4 se mantendr\u00e1n al d\u00eda. Son a prueba de sudor y salpicaduras, por lo que los d\u00edas activos nunca son un problema.<\/li>\n<li><strong>4,5 horas de reproducci\u00f3n por carga<\/strong><br \/>\nSiempre listo, con hasta 25 horas de tiempo de juego total. 5 horas de tiempo de pago en los brotes y carga sobre la marcha en el estuche.<\/li>\n<li><strong>Carga\u00a0<\/strong><b>inal\u00e1mbrica<\/b><br \/>\nC\u00e1rguelos con el cable USB-C o una almohadilla de carga inal\u00e1mbrica.<\/li>\n<li><strong>Eco-carga<\/strong><br \/>\nLa carga ecol\u00f3gica prolonga la vida \u00fatil de tus auriculares. Al limitar la capacidad de carga, aumenta la vida \u00fatil de la bater\u00eda.<\/li>\n<\/ul>\n","protected":false},"excerpt":{"rendered":"<p>Aud\u00edfonos inal\u00e1mbricos adidas ZNE 01 True Caracter\u00edsticas Sonido atractivo Encuentra tu ritmo. Estos auriculares ofrecen un sonido atractivo en un dise\u00f1o elegante y ergon\u00f3mico. Sinton\u00edzate y mu\u00e9vete. Ajuste f\u00e1cil Desde<\/p>\n","protected":false},"featured_media":85806,"comment_status":"open","ping_status":"closed","template":"","meta":{"_acf_changed":false,"_joinchat":[]},"product_brand":[],"product_cat":[294,300,304],"product_tag":[],"class_list":{"0":"post-85801","1":"product","2":"type-product","3":"status-publish","4":"has-post-thumbnail","6":"product_cat-audio","7":"product_cat-audifonos","8":"product_cat-inalambricos","10":"first","11":"instock","12":"sale","13":"shipping-taxable","14":"purchasable","15":"product-type-simple"},"acf":[],"_links":{"self":[{"href":"https:\/\/defabrica.com.mx\/defabrica\/wp-json\/wp\/v2\/product\/85801","targetHints":{"allow":["GET"]}}],"collection":[{"href":"https:\/\/defabrica.com.mx\/defabrica\/wp-json\/wp\/v2\/product"}],"about":[{"href":"https:\/\/defabrica.com.mx\/defabrica\/wp-json\/wp\/v2\/types\/product"}],"replies":[{"embeddable":true,"href":"https:\/\/defabrica.com.mx\/defabrica\/wp-json\/wp\/v2\/comments?post=85801"}],"wp:featuredmedia":[{"embeddable":true,"href":"https:\/\/defabrica.com.mx\/defabrica\/wp-json\/wp\/v2\/media\/85806"}],"wp:attachment":[{"href":"https:\/\/defabrica.com.mx\/defabrica\/wp-json\/wp\/v2\/media?parent=85801"}],"wp:term":[{"taxonomy":"product_brand","embeddable":true,"href":"https:\/\/defabrica.com.mx\/defabrica\/wp-json\/wp\/v2\/product_brand?post=85801"},{"taxonomy":"product_cat","embeddable":true,"href":"https:\/\/defabrica.com.mx\/defabrica\/wp-json\/wp\/v2\/product_cat?post=85801"},{"taxonomy":"product_tag","embeddable":true,"href":"https:\/\/defabrica.com.mx\/defabrica\/wp-json\/wp\/v2\/product_tag?post=85801"}],"curies":[{"name":"wp","href":"https:\/\/api.w.org\/{rel}","templated":true}]}}