{"id":85793,"date":"2022-07-01T03:01:01","date_gmt":"2022-07-01T08:01:01","guid":{"rendered":"https:\/\/defabrica.com.mx\/defabrica\/?post_type=product&#038;p=85793"},"modified":"2022-07-05T11:51:14","modified_gmt":"2022-07-05T16:51:14","slug":"adidas-zne-01-anc-gris-noche","status":"publish","type":"product","link":"https:\/\/defabrica.com.mx\/defabrica\/producto\/adidas-zne-01-anc-gris-noche\/","title":{"rendered":"adidas &#8211; ZNE 01 ANC &#8211; Gris noche"},"content":{"rendered":"<div class=\"embedded-component-container lv product-description\">\n<div id=\"shop-product-description-88429954\" class=\"_none\" data-version=\"1.3.45\">\n<div class=\"shop-product-description\">\n<section class=\"align-heading-left\" data-reactroot=\"\">\n<div class=\"long-description-container body-copy \">\n<div class=\"html-fragment\">Adidas\u00a0ZNE 01 ANC te brinda un sonido envolvente para conectarte con el momento.\u00a0Est\u00e1n dise\u00f1ados para moverse, desde la elegante ergonom\u00eda hasta el estilo cuidadosamente considerado.\u00a0El dise\u00f1o vers\u00e1til se convertir\u00e1 en un elemento b\u00e1sico en cualquier atuendo, desde su entrenamiento hasta la vida diaria. Active cancelaci\u00f3n\u00a0de ruido bloquea las distracciones, para que mantenga su mente enfocada en lo que sigue.<\/div>\n<div>\n<h3><\/h3>\n<h3 class=\"heading-5 v-fw-regular feature-heading\"><strong>Caracter\u00edsticas<\/strong><\/h3>\n<ul>\n<li><strong>Cancelaci\u00f3n activa de ruido<\/strong><br \/>\nConc\u00e9ntrese en el movimiento con Active cancelaci\u00f3n de ruido y cambie al modo Conciencia cuando quiera mantenerse en contacto con su entorno.<\/li>\n<li><strong>Ajuste c\u00f3modo<\/strong><br \/>\nConstruidos pensando en la comodidad, estos elegantes auriculares vienen con un juego de tres olivas de diferentes tama\u00f1os para un ajuste personalizado dise\u00f1ado para usar todo el d\u00eda.<\/li>\n<li><strong>Sonido superior<\/strong><br \/>\nSum\u00e9rgete en la m\u00fasica. Estos auriculares ofrecen un sonido superior en un dise\u00f1o ergon\u00f3mico. Bloquea el ruido de la ciudad o enf\u00f3cate en el gimnasio.<\/li>\n<li><strong>A prueba de sudor y resistente al agua<\/strong><br \/>\nSin demoras clim\u00e1ticas. Sin contenerse. Estos auriculares pueden con todo, desde viajes al trabajo en un d\u00eda lluvioso hasta sudor intenso. La clasificaci\u00f3n IPX5 significa que son resistentes al sudor y al agua, por lo que los cielos grises y los entrenamientos duros nunca son un problema.<\/li>\n<li><strong>4,5 horas de reproducci\u00f3n por carga<\/strong><br \/>\nSiempre listo, 20 horas de tiempo de juego total. 4,5 horas de tiempo de reproducci\u00f3n en los brotes mantienen la m\u00fasica al alcance de tu mano. La carga sobre la marcha en el estuche significa que los brotes est\u00e1n listos para funcionar cuando usted lo est\u00e9.<\/li>\n<li><strong>Eco-carga<\/strong><br \/>\nC\u00e1rgalo menos. Escuche m\u00e1s tiempo. El modo de carga ecol\u00f3gica facilita la prolongaci\u00f3n de la vida \u00fatil de los auriculares. Enci\u00e9ndelo en la aplicaci\u00f3n Adidas Auriculares para limitar la capacidad de carga al 80 %. Esto aumenta la vida \u00fatil de la bater\u00eda a largo plazo, para que aproveches al m\u00e1ximo tus auriculares.<\/li>\n<\/ul>\n<\/div>\n<\/div>\n<\/section>\n<\/div>\n<\/div>\n<\/div>\n<div class=\"embedded-component-container lv product-features\"><\/div>\n","protected":false},"excerpt":{"rendered":"<p>Adidas\u00a0ZNE 01 ANC te brinda un sonido envolvente para conectarte con el momento.\u00a0Est\u00e1n dise\u00f1ados para moverse, desde la elegante ergonom\u00eda hasta el estilo cuidadosamente considerado.\u00a0El dise\u00f1o vers\u00e1til se convertir\u00e1 en<\/p>\n","protected":false},"featured_media":85799,"comment_status":"open","ping_status":"closed","template":"","meta":{"_acf_changed":false,"_joinchat":[]},"product_brand":[],"product_cat":[294,300,304],"product_tag":[],"class_list":{"0":"post-85793","1":"product","2":"type-product","3":"status-publish","4":"has-post-thumbnail","6":"product_cat-audio","7":"product_cat-audifonos","8":"product_cat-inalambricos","10":"first","11":"instock","12":"sale","13":"shipping-taxable","14":"purchasable","15":"product-type-simple"},"acf":[],"_links":{"self":[{"href":"https:\/\/defabrica.com.mx\/defabrica\/wp-json\/wp\/v2\/product\/85793","targetHints":{"allow":["GET"]}}],"collection":[{"href":"https:\/\/defabrica.com.mx\/defabrica\/wp-json\/wp\/v2\/product"}],"about":[{"href":"https:\/\/defabrica.com.mx\/defabrica\/wp-json\/wp\/v2\/types\/product"}],"replies":[{"embeddable":true,"href":"https:\/\/defabrica.com.mx\/defabrica\/wp-json\/wp\/v2\/comments?post=85793"}],"wp:featuredmedia":[{"embeddable":true,"href":"https:\/\/defabrica.com.mx\/defabrica\/wp-json\/wp\/v2\/media\/85799"}],"wp:attachment":[{"href":"https:\/\/defabrica.com.mx\/defabrica\/wp-json\/wp\/v2\/media?parent=85793"}],"wp:term":[{"taxonomy":"product_brand","embeddable":true,"href":"https:\/\/defabrica.com.mx\/defabrica\/wp-json\/wp\/v2\/product_brand?post=85793"},{"taxonomy":"product_cat","embeddable":true,"href":"https:\/\/defabrica.com.mx\/defabrica\/wp-json\/wp\/v2\/product_cat?post=85793"},{"taxonomy":"product_tag","embeddable":true,"href":"https:\/\/defabrica.com.mx\/defabrica\/wp-json\/wp\/v2\/product_tag?post=85793"}],"curies":[{"name":"wp","href":"https:\/\/api.w.org\/{rel}","templated":true}]}}