{"id":85779,"date":"2022-06-30T22:30:52","date_gmt":"2022-07-01T03:30:52","guid":{"rendered":"https:\/\/defabrica.com.mx\/defabrica\/?post_type=product&#038;p=85779"},"modified":"2022-07-05T11:51:14","modified_gmt":"2022-07-05T16:51:14","slug":"adidas-auriculares-inalambricos-fwd-02-sport-true-gris-noche","status":"publish","type":"product","link":"https:\/\/defabrica.com.mx\/defabrica\/producto\/adidas-auriculares-inalambricos-fwd-02-sport-true-gris-noche\/","title":{"rendered":"adidas &#8211; Auriculares inal\u00e1mbricos FWD-02 SPORT True &#8211; Gris noche"},"content":{"rendered":"<div class=\"embedded-component-container lv product-description\">\n<div>\n<div id=\"shop-product-description-93341136\" class=\"_none\" data-version=\"1.3.45\">\n<div class=\"shop-product-description\">\n<section class=\"align-heading-left\" data-reactroot=\"\">\n<div class=\"long-description-container body-copy \">\n<div class=\"html-fragment\">El adidas FWD-02 SPORT te da total libertad para correr por carretera y entrenamientos en pista.\u00a0Sin cables\u00a0Mantente enfocado.\u00a0No te detengas.\u00a0Los botones elegantes y ergon\u00f3micos permanecen en su lugar durante los calentamientos y los sprints en colinas.\u00a0Los controles intuitivos son f\u00e1ciles de usar y siempre responden.<\/div>\n<\/div>\n<\/section>\n<\/div>\n<\/div>\n<\/div>\n<\/div>\n<div class=\"embedded-component-container lv product-features\"><\/div>\n<div><\/div>\n<div>\n<h3><\/h3>\n<h3 class=\"heading-5 v-fw-regular feature-heading\"><strong>Caracter\u00edsticas<\/strong><\/h3>\n<ul>\n<li><strong>Ergonom\u00eda superior<\/strong><br \/>\nLos botones ergon\u00f3micos permanecen en su lugar mientras te mueves, adem\u00e1s vienen con puntas y alas adicionales para un ajuste personalizado.<\/li>\n<li><strong>Controles intuitivos<\/strong><br \/>\nHecho para correr y entrenar durante todo el a\u00f1o, con controles que responden a trav\u00e9s del sudor intenso y guantes de invierno. Son intuitivos de usar, por lo que puede potenciar su entrenamiento o ponerlo en pausa cuando necesite un descanso.<\/li>\n<li><strong>Estuche de carga compacto<\/strong><br \/>\nDise\u00f1ados con especial atenci\u00f3n a los detalles, estos auriculares vienen con un estuche de carga compacto que es f\u00e1cil de transportar. Est\u00e1 hecho de material transpirable, por lo que se airean despu\u00e9s de un largo entrenamiento. Una tapa magnetizada asegura que permanezcan seguros en el interior.<\/li>\n<li><strong>modo de conciencia<\/strong><br \/>\nDise\u00f1ado pensando en los entrenamientos al aire libre, el modo de conciencia deja entrar el ruido ambiental. Ap\u00e1galo cuando lo \u00fanico que quieras es la m\u00fasica<\/li>\n<li><strong>A prueba de sudor y resistente al agua<\/strong><br \/>\nEnfr\u00e9ntate a la lluvia o suda mucho cuando trotes, corras o entrenes. Estos auriculares con clasificaci\u00f3n IPX5 son resistentes al sudor y al agua para soportar los entrenamientos m\u00e1s duros, independientemente de las condiciones.<\/li>\n<li><strong>Acciones personalizadas<\/strong><br \/>\nHaz lo tuyo. Personaliza la forma en que interact\u00faas con tus amigos a trav\u00e9s de la aplicaci\u00f3n adidas Headphones. \u00daselo para activar el modo de reconocimiento, conectarse a su biblioteca de m\u00fasica o cuenta de transmisi\u00f3n y acceder al asistente de voz en su tel\u00e9fono.<\/li>\n<li><strong>6 horas de reproducci\u00f3n por carga<\/strong><br \/>\nSiempre listo, con hasta 25 horas de tiempo total de juego. 6 horas de tiempo de reproducci\u00f3n en los brotes mantienen la m\u00fasica al alcance de tu mano. La carga sobre la marcha en el estuche peque\u00f1o y elegante significa que los botones est\u00e1n listos para funcionar durante todo el d\u00eda.<\/li>\n<\/ul>\n<\/div>\n","protected":false},"excerpt":{"rendered":"<p>El adidas FWD-02 SPORT te da total libertad para correr por carretera y entrenamientos en pista.\u00a0Sin cables\u00a0Mantente enfocado.\u00a0No te detengas.\u00a0Los botones elegantes y ergon\u00f3micos permanecen en su lugar durante los<\/p>\n","protected":false},"featured_media":85784,"comment_status":"open","ping_status":"closed","template":"","meta":{"_acf_changed":false,"_joinchat":[]},"product_brand":[],"product_cat":[294,300,304],"product_tag":[],"class_list":{"0":"post-85779","1":"product","2":"type-product","3":"status-publish","4":"has-post-thumbnail","6":"product_cat-audio","7":"product_cat-audifonos","8":"product_cat-inalambricos","10":"first","11":"instock","12":"sale","13":"shipping-taxable","14":"purchasable","15":"product-type-simple"},"acf":[],"_links":{"self":[{"href":"https:\/\/defabrica.com.mx\/defabrica\/wp-json\/wp\/v2\/product\/85779","targetHints":{"allow":["GET"]}}],"collection":[{"href":"https:\/\/defabrica.com.mx\/defabrica\/wp-json\/wp\/v2\/product"}],"about":[{"href":"https:\/\/defabrica.com.mx\/defabrica\/wp-json\/wp\/v2\/types\/product"}],"replies":[{"embeddable":true,"href":"https:\/\/defabrica.com.mx\/defabrica\/wp-json\/wp\/v2\/comments?post=85779"}],"wp:featuredmedia":[{"embeddable":true,"href":"https:\/\/defabrica.com.mx\/defabrica\/wp-json\/wp\/v2\/media\/85784"}],"wp:attachment":[{"href":"https:\/\/defabrica.com.mx\/defabrica\/wp-json\/wp\/v2\/media?parent=85779"}],"wp:term":[{"taxonomy":"product_brand","embeddable":true,"href":"https:\/\/defabrica.com.mx\/defabrica\/wp-json\/wp\/v2\/product_brand?post=85779"},{"taxonomy":"product_cat","embeddable":true,"href":"https:\/\/defabrica.com.mx\/defabrica\/wp-json\/wp\/v2\/product_cat?post=85779"},{"taxonomy":"product_tag","embeddable":true,"href":"https:\/\/defabrica.com.mx\/defabrica\/wp-json\/wp\/v2\/product_tag?post=85779"}],"curies":[{"name":"wp","href":"https:\/\/api.w.org\/{rel}","templated":true}]}}