{"id":85758,"date":"2022-06-30T21:03:13","date_gmt":"2022-07-01T02:03:13","guid":{"rendered":"https:\/\/defabrica.com.mx\/defabrica\/?post_type=product&#038;p=85758"},"modified":"2022-12-12T12:10:52","modified_gmt":"2022-12-12T18:10:52","slug":"altec-lansing-auriculares-internos-inalambricos-verdaderos-nanobuds2-0-gris","status":"publish","type":"product","link":"https:\/\/defabrica.com.mx\/defabrica\/producto\/altec-lansing-auriculares-internos-inalambricos-verdaderos-nanobuds2-0-gris\/","title":{"rendered":"Altec Lansing &#8211; Auriculares internos inal\u00e1mbricos verdaderos NanoBuds2.0 &#8211; Gris"},"content":{"rendered":"<div class=\"embedded-component-container lv product-description\">\n<div>\n<div id=\"shop-product-description-45087501\" class=\"_none\" data-version=\"1.3.45\">\n<div class=\"shop-product-description\">\n<section class=\"align-heading-left\" data-reactroot=\"\">\n<div class=\"long-description-container body-copy \">\n<div class=\"html-fragment\">Presentamos los NanoBuds 2.0 de Altec Lansing.\u00a0Los NanoBuds 2.0 son verdaderamente inal\u00e1mbricos, lo que significa que no tiene que preocuparse por estar atado por cables mientras viaja.\u00a0\u00a1Disfruta de la libertad de escuchar m\u00fasica, administrar llamadas y m\u00e1s con un alcance inal\u00e1mbrico Bluetooth de 50 pies!\u00a0Estas lindas c\u00e1psulas tienen el tama\u00f1o perfecto para caber en su bolsillo, bolso, bolso de mano o mochila.\u00a0Estos botones de moda tambi\u00e9n vienen en varios colores para complementar cualquier estilo: \u00a1personaliza tu sonido!\u00a0Con una clasificaci\u00f3n IPX5 a prueba de agua, no tiene que preocuparse por el sudor o la lluvia espont\u00e1nea, los NanoBuds 2.0 pueden durar m\u00e1s que los elementos.\u00a0\u00a1Con el encendido autom\u00e1tico y el emparejamiento autom\u00e1tico, los NanoBuds 2.0 hacen que sea muy f\u00e1cil escuchar m\u00fasica en un instante!\u00a0Los NanoBuds 2.0 tienen una duraci\u00f3n de bater\u00eda de 5 horas con 3 cargas adicionales dentro del estuche de carga port\u00e1til por un total de 20 horas.<\/div>\n<\/div>\n<\/section>\n<\/div>\n<\/div>\n<\/div>\n<\/div>\n<div class=\"embedded-component-container lv product-features\">\n<h3><\/h3>\n<h3 class=\"heading-5 v-fw-regular feature-heading\"><strong>Caracter\u00edsticas<\/strong><\/h3>\n<div class=\"feature-body-container\">\n<div class=\"features-list-container\">\n<div class=\"features-list all-features\">\n<div class=\"list-row\">\n<ul>\n<li><strong>Verdaderamente inal\u00e1mbrico<\/strong><br \/>\nNo se deje atar por cables mientras viaja. Disfrute de la libertad de escuchar m\u00fasica, administrar llamadas y m\u00e1s sin temor a enredos de cables.<\/li>\n<li><strong>Protecci\u00f3n antimicrobiana<\/strong><br \/>\nConstruido con una protecci\u00f3n antimicrobiana que repele el 99,9% de los g\u00e9rmenes.<\/li>\n<li><strong>Duraci\u00f3n de la bater\u00eda<\/strong><br \/>\nEscuche su m\u00fasica favorita, haga una llamada telef\u00f3nica o vea una pel\u00edcula. Con hasta 5 horas de duraci\u00f3n de la bater\u00eda por carga y 3 cargas adicionales en el estuche de carga, da un total de 20 horas.<\/li>\n<li><strong>Estuche de carga<\/strong><br \/>\nProporciona 3 cargos adicionales para un total de 20 horas de tiempo de juego.<\/li>\n<li><strong>Encendido autom\u00e1tico y emparejamiento<\/strong><br \/>\nCon encendido autom\u00e1tico y emparejamiento autom\u00e1tico, los NanoBuds 2.0 brindan un sonido r\u00e1pido y f\u00e1cil.<\/li>\n<li><strong>Resistencia al agua<\/strong><br \/>\nNo se preocupe por el sudor o la lluvia espont\u00e1nea con la clasificaci\u00f3n de impermeabilidad NanoBuds 2.0 IPX5.<\/li>\n<li><strong>Alcance inal\u00e1mbrico<\/strong><br \/>\nDisfrute de la libertad de escuchar m\u00fasica, administrar llamadas y m\u00e1s con un alcance inal\u00e1mbrico Bluetooth de 50 pies.<\/li>\n<li><strong>Compacto, de bolsillo<\/strong><br \/>\nLos NanoBuds 2.0 caben dentro de su bolsillo, bolso de mano o cartera.<\/li>\n<li><strong>Impresionante sonido Altec Lansing<\/strong><br \/>\nDisfrute de la diversi\u00f3n perfecta que ofrece el sonido de Altec Lansing. Con sencillos controles t\u00e1ctiles sobre la marcha y manos libres, llamadas est\u00e9reo sin complicaciones.<\/li>\n<\/ul>\n<\/div>\n<\/div>\n<\/div>\n<\/div>\n<\/div>\n","protected":false},"excerpt":{"rendered":"<p>Presentamos los NanoBuds 2.0 de Altec Lansing.\u00a0Los NanoBuds 2.0 son verdaderamente inal\u00e1mbricos, lo que significa que no tiene que preocuparse por estar atado por cables mientras viaja.\u00a0\u00a1Disfruta de la libertad<\/p>\n","protected":false},"featured_media":85761,"comment_status":"open","ping_status":"closed","template":"","meta":{"_acf_changed":false,"_joinchat":[]},"product_brand":[],"product_cat":[294,300,304],"product_tag":[],"class_list":{"0":"post-85758","1":"product","2":"type-product","3":"status-publish","4":"has-post-thumbnail","6":"product_cat-audio","7":"product_cat-audifonos","8":"product_cat-inalambricos","10":"first","11":"instock","12":"sale","13":"shipping-taxable","14":"purchasable","15":"product-type-simple"},"acf":[],"_links":{"self":[{"href":"https:\/\/defabrica.com.mx\/defabrica\/wp-json\/wp\/v2\/product\/85758","targetHints":{"allow":["GET"]}}],"collection":[{"href":"https:\/\/defabrica.com.mx\/defabrica\/wp-json\/wp\/v2\/product"}],"about":[{"href":"https:\/\/defabrica.com.mx\/defabrica\/wp-json\/wp\/v2\/types\/product"}],"replies":[{"embeddable":true,"href":"https:\/\/defabrica.com.mx\/defabrica\/wp-json\/wp\/v2\/comments?post=85758"}],"wp:featuredmedia":[{"embeddable":true,"href":"https:\/\/defabrica.com.mx\/defabrica\/wp-json\/wp\/v2\/media\/85761"}],"wp:attachment":[{"href":"https:\/\/defabrica.com.mx\/defabrica\/wp-json\/wp\/v2\/media?parent=85758"}],"wp:term":[{"taxonomy":"product_brand","embeddable":true,"href":"https:\/\/defabrica.com.mx\/defabrica\/wp-json\/wp\/v2\/product_brand?post=85758"},{"taxonomy":"product_cat","embeddable":true,"href":"https:\/\/defabrica.com.mx\/defabrica\/wp-json\/wp\/v2\/product_cat?post=85758"},{"taxonomy":"product_tag","embeddable":true,"href":"https:\/\/defabrica.com.mx\/defabrica\/wp-json\/wp\/v2\/product_tag?post=85758"}],"curies":[{"name":"wp","href":"https:\/\/api.w.org\/{rel}","templated":true}]}}