{"id":85738,"date":"2022-06-30T20:53:34","date_gmt":"2022-07-01T01:53:34","guid":{"rendered":"https:\/\/defabrica.com.mx\/defabrica\/?post_type=product&#038;p=85738"},"modified":"2023-01-17T12:50:14","modified_gmt":"2023-01-17T18:50:14","slug":"apple-airpods-con-estuche-de-carga-2-a-generacion-blanco","status":"publish","type":"product","link":"https:\/\/defabrica.com.mx\/defabrica\/producto\/apple-airpods-con-estuche-de-carga-2-a-generacion-blanco\/","title":{"rendered":"Apple &#8211; AirPods con estuche de carga (2.\u00aa generaci\u00f3n) &#8211; Blanco"},"content":{"rendered":"<div class=\"product-description\">Los nuevos AirPods combinan un dise\u00f1o inteligente con una tecnolog\u00eda innovadora y un sonido n\u00edtido.\u00a0Con la tecnolog\u00eda del nuevo chip para auriculares Apple H1, los AirPods ahora cuentan con acceso manos libres a Siri usando solo tu voz.\u00a0Y hasta 3 horas de tiempo de conversaci\u00f3n con una sola carga.\u00b9<\/div>\n<div class=\"product-description-banners-lv\">\n<div class=\"product-description-banner\" data-track=\"description-html-asset:Apple Brand Store at Best Buy.\">\n<h3><\/h3>\n<h3 class=\"heading-5 v-fw-regular feature-heading\"><strong>Caracter\u00edsticas<\/strong><\/h3>\n<ul>\n<li><strong>Encendido autom\u00e1ticamente, conectado autom\u00e1ticamente<\/strong><\/li>\n<li><strong>F\u00e1cil configuraci\u00f3n para todos sus dispositivos Apple\u00b2<\/strong><\/li>\n<li><strong>Acceso r\u00e1pido a Siri diciendo Hey Siri<\/strong><\/li>\n<li><strong>Toca dos veces para reproducir o avanzar<\/strong><\/li>\n<li><strong>El nuevo chip para auriculares Apple H1 ofrece una conexi\u00f3n inal\u00e1mbrica m\u00e1s r\u00e1pida a sus dispositivos<\/strong><\/li>\n<li><strong>Se carga r\u00e1pidamente en el estuche.<\/strong><\/li>\n<li><strong>El estuche se puede cargar con el conector Lightning<\/strong><\/li>\n<li><strong>Audio y voz enriquecidos y de alta calidad.<\/strong><\/li>\n<li><strong>Conmutaci\u00f3n perfecta entre dispositivos<\/strong><\/li>\n<li><strong>Escuche y hable todo el d\u00eda con varias cargas del estuche de carga\u00b3<\/strong><\/li>\n<\/ul>\n<\/div>\n<\/div>\n","protected":false},"excerpt":{"rendered":"<p>Los nuevos AirPods combinan un dise\u00f1o inteligente con una tecnolog\u00eda innovadora y un sonido n\u00edtido.\u00a0Con la tecnolog\u00eda del nuevo chip para auriculares Apple H1, los AirPods ahora cuentan con acceso<\/p>\n","protected":false},"featured_media":85740,"comment_status":"open","ping_status":"closed","template":"","meta":{"_acf_changed":false,"_joinchat":[]},"product_brand":[],"product_cat":[294,300,304],"product_tag":[],"class_list":{"0":"post-85738","1":"product","2":"type-product","3":"status-publish","4":"has-post-thumbnail","6":"product_cat-audio","7":"product_cat-audifonos","8":"product_cat-inalambricos","10":"first","11":"instock","12":"sale","13":"shipping-taxable","14":"purchasable","15":"product-type-simple"},"acf":[],"_links":{"self":[{"href":"https:\/\/defabrica.com.mx\/defabrica\/wp-json\/wp\/v2\/product\/85738","targetHints":{"allow":["GET"]}}],"collection":[{"href":"https:\/\/defabrica.com.mx\/defabrica\/wp-json\/wp\/v2\/product"}],"about":[{"href":"https:\/\/defabrica.com.mx\/defabrica\/wp-json\/wp\/v2\/types\/product"}],"replies":[{"embeddable":true,"href":"https:\/\/defabrica.com.mx\/defabrica\/wp-json\/wp\/v2\/comments?post=85738"}],"wp:featuredmedia":[{"embeddable":true,"href":"https:\/\/defabrica.com.mx\/defabrica\/wp-json\/wp\/v2\/media\/85740"}],"wp:attachment":[{"href":"https:\/\/defabrica.com.mx\/defabrica\/wp-json\/wp\/v2\/media?parent=85738"}],"wp:term":[{"taxonomy":"product_brand","embeddable":true,"href":"https:\/\/defabrica.com.mx\/defabrica\/wp-json\/wp\/v2\/product_brand?post=85738"},{"taxonomy":"product_cat","embeddable":true,"href":"https:\/\/defabrica.com.mx\/defabrica\/wp-json\/wp\/v2\/product_cat?post=85738"},{"taxonomy":"product_tag","embeddable":true,"href":"https:\/\/defabrica.com.mx\/defabrica\/wp-json\/wp\/v2\/product_tag?post=85738"}],"curies":[{"name":"wp","href":"https:\/\/api.w.org\/{rel}","templated":true}]}}