{"id":85679,"date":"2022-06-30T19:49:03","date_gmt":"2022-07-01T00:49:03","guid":{"rendered":"https:\/\/defabrica.com.mx\/defabrica\/?post_type=product&#038;p=85679"},"modified":"2022-12-12T12:04:30","modified_gmt":"2022-12-12T18:04:30","slug":"amazon-echo-buds-2-a-generacion-cancelacion-de-ruido-inalambrica-verdadera-auriculares-internos-negro","status":"publish","type":"product","link":"https:\/\/defabrica.com.mx\/defabrica\/producto\/amazon-echo-buds-2-a-generacion-cancelacion-de-ruido-inalambrica-verdadera-auriculares-internos-negro\/","title":{"rendered":"Amazon &#8211; Echo Buds (2.\u00aa generaci\u00f3n) Cancelaci\u00f3n de ruido inal\u00e1mbrica verdadera Auriculares internos &#8211; Negro"},"content":{"rendered":"<div class=\"embedded-component-container lv product-description\">\n<div>\n<div id=\"shop-product-description-2487855\" class=\"_none\" data-version=\"1.3.45\">\n<div class=\"shop-product-description\">\n<section class=\"align-heading-left\" data-reactroot=\"\">\n<div class=\"long-description-container body-copy \">\n<div class=\"html-fragment\">Peque\u00f1os, livianos y c\u00f3modos, los Echo Buds est\u00e1n dise\u00f1ados para sentirse bien y sonar a\u00fan mejor, sin importar lo que est\u00e9s escuchando.\u00a0La cancelaci\u00f3n activa de ruido limita el ruido de fondo, mientras que el modo Passthrough te permite escuchar lo que sucede a tu alrededor.\u00a0Disfruta de hasta 5 horas de reproducci\u00f3n de m\u00fasica con una sola carga y obt\u00e9n acceso manos libres a Alexa, sin necesidad de tocar.<\/div>\n<\/div>\n<\/section>\n<\/div>\n<\/div>\n<\/div>\n<\/div>\n<div class=\"embedded-component-container lv product-features\">\n<h3><\/h3>\n<h3 class=\"heading-5 v-fw-regular feature-heading\"><strong>Caracter\u00edsticas<\/strong><\/h3>\n<div class=\"feature-body-container\">\n<div class=\"features-list-container\">\n<div class=\"features-list all-features\">\n<div class=\"list-row\">\n<ul>\n<li><strong>Audio din\u00e1mico y cancelaci\u00f3n activa de ruido<\/strong><br \/>\nLos altavoces premium ofrecen un sonido n\u00edtido y equilibrado. Dise\u00f1o interno sellado y ANC limitan el ruido de fondo.<\/li>\n<li><strong>Compacto y c\u00f3modo<\/strong><br \/>\nLos Echo Buds son peque\u00f1os, livianos y resistentes al sudor, con un ajuste seguro y personalizable que est\u00e1 hecho para moverse contigo.<\/li>\n<li><strong>entretenimiento manos libres<\/strong><br \/>\nLos Echo Buds funcionan con la aplicaci\u00f3n Alexa para transmitir m\u00fasica, reproducir podcasts y leer audiolibros de Audible, solo pregunte.<\/li>\n<li><strong>Bater\u00eda de larga duraci\u00f3n<\/strong><br \/>\nObtenga hasta 5 horas de reproducci\u00f3n de m\u00fasica por carga y hasta 15 horas con el estuche de carga. Una carga r\u00e1pida de 15 minutos proporciona hasta 2 horas de m\u00fasica.<\/li>\n<li><strong>Deja tu tel\u00e9fono en tu bolsillo<\/strong><br \/>\nUse su voz para hacer llamadas, configurar recordatorios, agregar art\u00edculos a su lista de compras o incluso comenzar una sesi\u00f3n de meditaci\u00f3n.<\/li>\n<li><strong>Trabaja con otros asistentes.<\/strong><br \/>\nCompatible con iOS y Android, y admite acceso a Siri y Google Assistant.<\/li>\n<li><strong>Dise\u00f1ado para proteger su privacidad<\/strong><br \/>\nAmazon no est\u00e1 en el negocio de vender su informaci\u00f3n personal a otros. Los Echo Buds est\u00e1n construidos con m\u00faltiples capas de controles de privacidad, incluida la capacidad de silenciar los micr\u00f3fonos con la aplicaci\u00f3n Alexa.<\/li>\n<\/ul>\n<\/div>\n<\/div>\n<\/div>\n<\/div>\n<\/div>\n","protected":false},"excerpt":{"rendered":"<p>Peque\u00f1os, livianos y c\u00f3modos, los Echo Buds est\u00e1n dise\u00f1ados para sentirse bien y sonar a\u00fan mejor, sin importar lo que est\u00e9s escuchando.\u00a0La cancelaci\u00f3n activa de ruido limita el ruido de<\/p>\n","protected":false},"featured_media":85681,"comment_status":"open","ping_status":"closed","template":"","meta":{"_acf_changed":false,"_joinchat":[]},"product_brand":[],"product_cat":[294,300,304],"product_tag":[],"class_list":{"0":"post-85679","1":"product","2":"type-product","3":"status-publish","4":"has-post-thumbnail","6":"product_cat-audio","7":"product_cat-audifonos","8":"product_cat-inalambricos","10":"first","11":"instock","12":"sale","13":"shipping-taxable","14":"purchasable","15":"product-type-simple"},"acf":[],"_links":{"self":[{"href":"https:\/\/defabrica.com.mx\/defabrica\/wp-json\/wp\/v2\/product\/85679","targetHints":{"allow":["GET"]}}],"collection":[{"href":"https:\/\/defabrica.com.mx\/defabrica\/wp-json\/wp\/v2\/product"}],"about":[{"href":"https:\/\/defabrica.com.mx\/defabrica\/wp-json\/wp\/v2\/types\/product"}],"replies":[{"embeddable":true,"href":"https:\/\/defabrica.com.mx\/defabrica\/wp-json\/wp\/v2\/comments?post=85679"}],"wp:featuredmedia":[{"embeddable":true,"href":"https:\/\/defabrica.com.mx\/defabrica\/wp-json\/wp\/v2\/media\/85681"}],"wp:attachment":[{"href":"https:\/\/defabrica.com.mx\/defabrica\/wp-json\/wp\/v2\/media?parent=85679"}],"wp:term":[{"taxonomy":"product_brand","embeddable":true,"href":"https:\/\/defabrica.com.mx\/defabrica\/wp-json\/wp\/v2\/product_brand?post=85679"},{"taxonomy":"product_cat","embeddable":true,"href":"https:\/\/defabrica.com.mx\/defabrica\/wp-json\/wp\/v2\/product_cat?post=85679"},{"taxonomy":"product_tag","embeddable":true,"href":"https:\/\/defabrica.com.mx\/defabrica\/wp-json\/wp\/v2\/product_tag?post=85679"}],"curies":[{"name":"wp","href":"https:\/\/api.w.org\/{rel}","templated":true}]}}