{"id":85667,"date":"2022-06-30T19:38:17","date_gmt":"2022-07-01T00:38:17","guid":{"rendered":"https:\/\/defabrica.com.mx\/defabrica\/?post_type=product&#038;p=85667"},"modified":"2023-01-17T12:43:09","modified_gmt":"2023-01-17T18:43:09","slug":"audio-technica-ath-ad500x-auriculares-abiertos-negro","status":"publish","type":"product","link":"https:\/\/defabrica.com.mx\/defabrica\/producto\/audio-technica-ath-ad500x-auriculares-abiertos-negro\/","title":{"rendered":"Audio-Technica &#8211; ATH-AD500X Auriculares abiertos &#8211; Negro"},"content":{"rendered":"<div class=\"embedded-component-container lv product-description\">\n<div>\n<div id=\"shop-product-description-99719613\" class=\"_none\" data-version=\"1.3.45\">\n<div class=\"shop-product-description\">\n<section class=\"align-heading-left\" data-reactroot=\"\">\n<div class=\"long-description-container body-copy \">\n<div class=\"html-fragment\">Dise\u00f1ado para una escucha incre\u00edblemente c\u00f3moda.\u00a0Con una carcasa liviana de aluminio en forma de panal y una estructura de marco de magnesio, estos auriculares abiertos no producen sensaci\u00f3n de presi\u00f3n en los o\u00eddos y ofrecen una experiencia auditiva completamente natural.\u00a0Los controladores de 53 mm de nuevo dise\u00f1o con bobinas de voz CCAW reproducen un sonido notablemente natural, con graves impactantes y una proyecci\u00f3n vocal excepcional.\u00a0El soporte de ala autoajustable se ajusta autom\u00e1ticamente al tama\u00f1o de su cabeza.\u00a0Un cable OFC recto en el auricular izquierdo termina en un mini enchufe con adaptador de \u00bc\u00bb incluido.<\/div>\n<\/div>\n<\/section>\n<\/div>\n<\/div>\n<\/div>\n<\/div>\n<div class=\"embedded-component-container lv product-features\">\n<h3><\/h3>\n<h3 class=\"heading-5 v-fw-regular feature-heading\"><strong>Caracter\u00edsticas<\/strong><\/h3>\n<ul>\n<li><strong>Los controladores de 53 mm de nuevo dise\u00f1o con bobinas de voz CCAW reproducen un sonido notablemente natural, con graves profundos e impactantes y una proyecci\u00f3n vocal excepcional<\/strong><\/li>\n<li><strong>Los auriculares al aire libre no producen sensaci\u00f3n de presi\u00f3n en los o\u00eddos, lo que da como resultado una sensaci\u00f3n completamente natural.<\/strong><\/li>\n<li><strong>Carcasa ligera de aluminio tipo panal<\/strong><\/li>\n<li><strong>La carcasa de soporte de ala 3D autoajustable brinda un soporte c\u00f3modo para una experiencia auditiva m\u00e1s placentera<\/strong><\/li>\n<li><strong>Las almohadillas flexibles de tela levantada ofrecen una excelente comodidad y durabilidad<\/strong><\/li>\n<li><strong>Cable OFC (cobre libre de ox\u00edgeno) de alta conductividad de un solo lado con cubierta el\u00e1stica de TPE para evitar enredos<\/strong><\/li>\n<li><strong>Conector est\u00e9reo chapado en oro de 1\/8&#8243; (3,5 mm) con adaptador de 1\/4&#8243; (6,3 mm)<\/strong><\/li>\n<\/ul>\n<\/div>\n","protected":false},"excerpt":{"rendered":"<p>Dise\u00f1ado para una escucha incre\u00edblemente c\u00f3moda.\u00a0Con una carcasa liviana de aluminio en forma de panal y una estructura de marco de magnesio, estos auriculares abiertos no producen sensaci\u00f3n de presi\u00f3n<\/p>\n","protected":false},"featured_media":85669,"comment_status":"open","ping_status":"closed","template":"","meta":{"_acf_changed":false,"_joinchat":[]},"product_brand":[],"product_cat":[294,300,304],"product_tag":[],"class_list":{"0":"post-85667","1":"product","2":"type-product","3":"status-publish","4":"has-post-thumbnail","6":"product_cat-audio","7":"product_cat-audifonos","8":"product_cat-inalambricos","10":"first","11":"instock","12":"sale","13":"shipping-taxable","14":"purchasable","15":"product-type-simple"},"acf":[],"_links":{"self":[{"href":"https:\/\/defabrica.com.mx\/defabrica\/wp-json\/wp\/v2\/product\/85667","targetHints":{"allow":["GET"]}}],"collection":[{"href":"https:\/\/defabrica.com.mx\/defabrica\/wp-json\/wp\/v2\/product"}],"about":[{"href":"https:\/\/defabrica.com.mx\/defabrica\/wp-json\/wp\/v2\/types\/product"}],"replies":[{"embeddable":true,"href":"https:\/\/defabrica.com.mx\/defabrica\/wp-json\/wp\/v2\/comments?post=85667"}],"wp:featuredmedia":[{"embeddable":true,"href":"https:\/\/defabrica.com.mx\/defabrica\/wp-json\/wp\/v2\/media\/85669"}],"wp:attachment":[{"href":"https:\/\/defabrica.com.mx\/defabrica\/wp-json\/wp\/v2\/media?parent=85667"}],"wp:term":[{"taxonomy":"product_brand","embeddable":true,"href":"https:\/\/defabrica.com.mx\/defabrica\/wp-json\/wp\/v2\/product_brand?post=85667"},{"taxonomy":"product_cat","embeddable":true,"href":"https:\/\/defabrica.com.mx\/defabrica\/wp-json\/wp\/v2\/product_cat?post=85667"},{"taxonomy":"product_tag","embeddable":true,"href":"https:\/\/defabrica.com.mx\/defabrica\/wp-json\/wp\/v2\/product_tag?post=85667"}],"curies":[{"name":"wp","href":"https:\/\/api.w.org\/{rel}","templated":true}]}}