{"id":85657,"date":"2022-06-30T19:33:22","date_gmt":"2022-07-01T00:33:22","guid":{"rendered":"https:\/\/defabrica.com.mx\/defabrica\/?post_type=product&#038;p=85657"},"modified":"2022-12-12T12:00:08","modified_gmt":"2022-12-12T18:00:08","slug":"audio-technica-auriculares-con-cancelacion-de-ruido-athanc300tw-negro","status":"publish","type":"product","link":"https:\/\/defabrica.com.mx\/defabrica\/producto\/audio-technica-auriculares-con-cancelacion-de-ruido-athanc300tw-negro\/","title":{"rendered":"Audio-Technica &#8211; Auriculares con cancelaci\u00f3n de ruido ATHANC300TW &#8211; Negro"},"content":{"rendered":"<div class=\"embedded-component-container lv product-description\">\n<div>\n<div id=\"shop-product-description-19926379\" class=\"_none\" data-version=\"1.3.45\">\n<div class=\"shop-product-description\">\n<section class=\"align-heading-left\" data-reactroot=\"\">\n<div class=\"long-description-container body-copy \">\n<div class=\"html-fragment\">Los auriculares internos ATH-ANC300TW QuietPoint\u00ae logran el equilibrio perfecto entre comodidad, conveniencia y rendimiento, y brindan la mejor calidad de sonido de su clase y cancelaci\u00f3n de ruido en un dise\u00f1o compacto y verdaderamente inal\u00e1mbrico.\u00a0Los auriculares cuentan con controladores de 5,8 mm con diafragmas recubiertos de DLC (carbono similar al diamante) para ofrecer una reproducci\u00f3n de audio excepcional de rango completo desde una transmisi\u00f3n inal\u00e1mbrica Bluetooth\u00ae.\u00a0Adem\u00e1s, los auriculares est\u00e1n equipados con nuestra tecnolog\u00eda h\u00edbrida digital de cancelaci\u00f3n de ruido para brindar el mayor grado de reducci\u00f3n de ruido ambiental QuietPoint\u00ae.\u00a0Dos micr\u00f3fonos en cada auricular (uno delante del controlador y otro detr\u00e1s) captan el ruido ambiental y lo transmiten al procesador de cancelaci\u00f3n de ruido digital de alta precisi\u00f3n.<\/div>\n<\/div>\n<\/section>\n<\/div>\n<\/div>\n<\/div>\n<\/div>\n<div class=\"embedded-component-container lv product-features\">\n<h3><\/h3>\n<h3 class=\"heading-5 v-fw-regular feature-heading\"><strong>Caracter\u00edsticas<\/strong><\/h3>\n<ul>\n<li><strong>La funci\u00f3n de escucha r\u00e1pida conmutable permite que los ruidos externos se escuchen a trav\u00e9s de los auriculares cuando se desee<\/strong><\/li>\n<li><strong>La tecnolog\u00eda Qualcomm cVc\u2122 (Clear Voice Capture) garantiza que pueda tener conversaciones claras y con un sonido natural durante las llamadas<\/strong><\/li>\n<li><strong>La funci\u00f3n de encendido autom\u00e1tico enciende los auriculares cuando se retiran del estuche de carga y los apaga y comienza a cargarse cuando se devuelven al estuche<\/strong><\/li>\n<li><strong>La bater\u00eda interna proporciona hasta 4,5 horas de uso continuo con una carga completa<\/strong><\/li>\n<li><strong>El estuche de carga port\u00e1til le brinda 13.5 horas adicionales de energ\u00eda en movimiento<\/strong><\/li>\n<li><strong>Compatible con los c\u00f3decs de audio Qualcomm aptX\u2122, AAC y SBC<\/strong><\/li>\n<\/ul>\n<\/div>\n","protected":false},"excerpt":{"rendered":"<p>Los auriculares internos ATH-ANC300TW QuietPoint\u00ae logran el equilibrio perfecto entre comodidad, conveniencia y rendimiento, y brindan la mejor calidad de sonido de su clase y cancelaci\u00f3n de ruido en un<\/p>\n","protected":false},"featured_media":85659,"comment_status":"open","ping_status":"closed","template":"","meta":{"_acf_changed":false,"_joinchat":[]},"product_brand":[],"product_cat":[294,300,304],"product_tag":[],"class_list":{"0":"post-85657","1":"product","2":"type-product","3":"status-publish","4":"has-post-thumbnail","6":"product_cat-audio","7":"product_cat-audifonos","8":"product_cat-inalambricos","10":"first","11":"instock","12":"sale","13":"shipping-taxable","14":"purchasable","15":"product-type-simple"},"acf":[],"_links":{"self":[{"href":"https:\/\/defabrica.com.mx\/defabrica\/wp-json\/wp\/v2\/product\/85657","targetHints":{"allow":["GET"]}}],"collection":[{"href":"https:\/\/defabrica.com.mx\/defabrica\/wp-json\/wp\/v2\/product"}],"about":[{"href":"https:\/\/defabrica.com.mx\/defabrica\/wp-json\/wp\/v2\/types\/product"}],"replies":[{"embeddable":true,"href":"https:\/\/defabrica.com.mx\/defabrica\/wp-json\/wp\/v2\/comments?post=85657"}],"wp:featuredmedia":[{"embeddable":true,"href":"https:\/\/defabrica.com.mx\/defabrica\/wp-json\/wp\/v2\/media\/85659"}],"wp:attachment":[{"href":"https:\/\/defabrica.com.mx\/defabrica\/wp-json\/wp\/v2\/media?parent=85657"}],"wp:term":[{"taxonomy":"product_brand","embeddable":true,"href":"https:\/\/defabrica.com.mx\/defabrica\/wp-json\/wp\/v2\/product_brand?post=85657"},{"taxonomy":"product_cat","embeddable":true,"href":"https:\/\/defabrica.com.mx\/defabrica\/wp-json\/wp\/v2\/product_cat?post=85657"},{"taxonomy":"product_tag","embeddable":true,"href":"https:\/\/defabrica.com.mx\/defabrica\/wp-json\/wp\/v2\/product_tag?post=85657"}],"curies":[{"name":"wp","href":"https:\/\/api.w.org\/{rel}","templated":true}]}}