{"id":85651,"date":"2022-06-30T19:27:54","date_gmt":"2022-07-01T00:27:54","guid":{"rendered":"https:\/\/defabrica.com.mx\/defabrica\/?post_type=product&#038;p=85651"},"modified":"2023-01-17T12:41:18","modified_gmt":"2023-01-17T18:41:18","slug":"audio-technica-auriculares-de-monitor-ath-m40x-negro","status":"publish","type":"product","link":"https:\/\/defabrica.com.mx\/defabrica\/producto\/audio-technica-auriculares-de-monitor-ath-m40x-negro\/","title":{"rendered":"Audio-Technica &#8211; Auriculares de monitor ATH-M40x &#8211; Negro"},"content":{"rendered":"<p>Esc\u00fachese claramente con estos aud\u00edfonos de monitoreo Audio-Technica ATH-M40x AUD ATHM40X, que est\u00e1n sintonizados de manera plana para un monitoreo preciso en todo el rango de frecuencia de 15 Hz a 24 kHz.\u00a0Los auriculares giratorios de 90\u00b0 ofrecen un f\u00e1cil monitoreo con 1 o\u00eddo.<\/p>\n<h3><\/h3>\n<h3 class=\"heading-5 v-fw-regular feature-heading\"><strong>Caracter\u00edsticas<\/strong><\/h3>\n<div class=\"feature-body-container\">\n<div class=\"features-list-container\">\n<div class=\"features-list all-features\">\n<div class=\"list-row\">\n<ul>\n<li><strong>controladores de neodimio de 40 mm<\/strong><br \/>\nOfrezca una reproducci\u00f3n de sonido fiel.<\/li>\n<li><strong>afinaci\u00f3n plana<\/strong><br \/>\nProporciona una monitorizaci\u00f3n precisa en un rango de frecuencia ampliado.<\/li>\n<li><strong>Auriculares giratorios de 90\u00b0<\/strong><br \/>\nPermita un f\u00e1cil monitoreo con 1 o\u00eddo.<\/li>\n<li><strong>dise\u00f1o circumaural<\/strong><br \/>\nContornos alrededor de las orejas para aislamiento de sonido con sangrado m\u00ednimo.<\/li>\n<li><strong>Construcci\u00f3n plegable con cables desmontables.<\/strong><br \/>\nOfrece f\u00e1cil almacenamiento y portabilidad.<\/li>\n<\/ul>\n<\/div>\n<\/div>\n<\/div>\n<\/div>\n","protected":false},"excerpt":{"rendered":"<p>Esc\u00fachese claramente con estos aud\u00edfonos de monitoreo Audio-Technica ATH-M40x AUD ATHM40X, que est\u00e1n sintonizados de manera plana para un monitoreo preciso en todo el rango de frecuencia de 15 Hz<\/p>\n","protected":false},"featured_media":85653,"comment_status":"open","ping_status":"closed","template":"","meta":{"_acf_changed":false,"_joinchat":[]},"product_brand":[],"product_cat":[294,300,304],"product_tag":[],"class_list":{"0":"post-85651","1":"product","2":"type-product","3":"status-publish","4":"has-post-thumbnail","6":"product_cat-audio","7":"product_cat-audifonos","8":"product_cat-inalambricos","10":"first","11":"instock","12":"sale","13":"shipping-taxable","14":"purchasable","15":"product-type-simple"},"acf":[],"_links":{"self":[{"href":"https:\/\/defabrica.com.mx\/defabrica\/wp-json\/wp\/v2\/product\/85651","targetHints":{"allow":["GET"]}}],"collection":[{"href":"https:\/\/defabrica.com.mx\/defabrica\/wp-json\/wp\/v2\/product"}],"about":[{"href":"https:\/\/defabrica.com.mx\/defabrica\/wp-json\/wp\/v2\/types\/product"}],"replies":[{"embeddable":true,"href":"https:\/\/defabrica.com.mx\/defabrica\/wp-json\/wp\/v2\/comments?post=85651"}],"wp:featuredmedia":[{"embeddable":true,"href":"https:\/\/defabrica.com.mx\/defabrica\/wp-json\/wp\/v2\/media\/85653"}],"wp:attachment":[{"href":"https:\/\/defabrica.com.mx\/defabrica\/wp-json\/wp\/v2\/media?parent=85651"}],"wp:term":[{"taxonomy":"product_brand","embeddable":true,"href":"https:\/\/defabrica.com.mx\/defabrica\/wp-json\/wp\/v2\/product_brand?post=85651"},{"taxonomy":"product_cat","embeddable":true,"href":"https:\/\/defabrica.com.mx\/defabrica\/wp-json\/wp\/v2\/product_cat?post=85651"},{"taxonomy":"product_tag","embeddable":true,"href":"https:\/\/defabrica.com.mx\/defabrica\/wp-json\/wp\/v2\/product_tag?post=85651"}],"curies":[{"name":"wp","href":"https:\/\/api.w.org\/{rel}","templated":true}]}}