{"id":85639,"date":"2022-06-30T19:22:24","date_gmt":"2022-07-01T00:22:24","guid":{"rendered":"https:\/\/defabrica.com.mx\/defabrica\/?post_type=product&#038;p=85639"},"modified":"2023-01-17T12:40:36","modified_gmt":"2023-01-17T18:40:36","slug":"audio-technica-auriculares-inalambricos-con-cancelacion-de-ruido-quietpoint-ath-anc700bt-negro","status":"publish","type":"product","link":"https:\/\/defabrica.com.mx\/defabrica\/producto\/audio-technica-auriculares-inalambricos-con-cancelacion-de-ruido-quietpoint-ath-anc700bt-negro\/","title":{"rendered":"Audio-Technica &#8211; Auriculares inal\u00e1mbricos con cancelaci\u00f3n de ruido QuietPoint ATH-ANC700BT &#8211; Negro"},"content":{"rendered":"<p>Mejore su placer auditivo y evite interferencias externas no deseadas con estos auriculares inal\u00e1mbricos con cancelaci\u00f3n de ruido de Audio Technica.\u00a0Con solo un toque de su dedo en el auricular, puede responder una llamada, reproducir y pausar m\u00fasica o ajustar el volumen.\u00a0La construcci\u00f3n de espuma viscoel\u00e1stica de estos auriculares inal\u00e1mbricos con cancelaci\u00f3n de ruido de Audio Technica proporciona comodidad y un excelente aislamiento del sonido.<\/p>\n<h3><\/h3>\n<h3 class=\"heading-5 v-fw-regular feature-heading\"><strong>Caracter\u00edsticas<\/strong><\/h3>\n<div class=\"feature-body-container\">\n<div class=\"features-list-container\">\n<div class=\"features-list all-features\">\n<div class=\"list-row\">\n<ul>\n<li><strong>Interfaz bluetooth 4.1<\/strong><br \/>\nPermite el emparejamiento inal\u00e1mbrico simple con su dispositivo habilitado para Bluetooth.<\/li>\n<li><strong>Bater\u00eda recargable<\/strong><br \/>\nOfrece hasta 25 horas de uso y dura hasta 1000 horas en modo de espera.<\/li>\n<li><strong>Cancelaci\u00f3n de ruido<\/strong><br \/>\nBloquea eficazmente los ruidos de fondo que distraen, para que pueda disfrutar de un entorno sonoro concentrado y envolvente.<\/li>\n<li><strong>Dise\u00f1o sobre la oreja<\/strong><br \/>\nPara un ajuste seguro.<\/li>\n<li><strong>Dise\u00f1o plegable<\/strong><br \/>\nJunto con un estuche de transporte incluido, permite una f\u00e1cil portabilidad.<\/li>\n<li><strong>Controles de auriculares<\/strong><br \/>\nIncluye volumen, responder\/finalizar, reproducir\/pausar y pista siguiente\/anterior.<\/li>\n<\/ul>\n<\/div>\n<\/div>\n<\/div>\n<\/div>\n","protected":false},"excerpt":{"rendered":"<p>Mejore su placer auditivo y evite interferencias externas no deseadas con estos auriculares inal\u00e1mbricos con cancelaci\u00f3n de ruido de Audio Technica.\u00a0Con solo un toque de su dedo en el auricular,<\/p>\n","protected":false},"featured_media":85641,"comment_status":"open","ping_status":"closed","template":"","meta":{"_acf_changed":false,"_joinchat":[]},"product_brand":[],"product_cat":[294,300,304],"product_tag":[],"class_list":{"0":"post-85639","1":"product","2":"type-product","3":"status-publish","4":"has-post-thumbnail","6":"product_cat-audio","7":"product_cat-audifonos","8":"product_cat-inalambricos","10":"first","11":"instock","12":"sale","13":"shipping-taxable","14":"purchasable","15":"product-type-simple"},"acf":[],"_links":{"self":[{"href":"https:\/\/defabrica.com.mx\/defabrica\/wp-json\/wp\/v2\/product\/85639","targetHints":{"allow":["GET"]}}],"collection":[{"href":"https:\/\/defabrica.com.mx\/defabrica\/wp-json\/wp\/v2\/product"}],"about":[{"href":"https:\/\/defabrica.com.mx\/defabrica\/wp-json\/wp\/v2\/types\/product"}],"replies":[{"embeddable":true,"href":"https:\/\/defabrica.com.mx\/defabrica\/wp-json\/wp\/v2\/comments?post=85639"}],"wp:featuredmedia":[{"embeddable":true,"href":"https:\/\/defabrica.com.mx\/defabrica\/wp-json\/wp\/v2\/media\/85641"}],"wp:attachment":[{"href":"https:\/\/defabrica.com.mx\/defabrica\/wp-json\/wp\/v2\/media?parent=85639"}],"wp:term":[{"taxonomy":"product_brand","embeddable":true,"href":"https:\/\/defabrica.com.mx\/defabrica\/wp-json\/wp\/v2\/product_brand?post=85639"},{"taxonomy":"product_cat","embeddable":true,"href":"https:\/\/defabrica.com.mx\/defabrica\/wp-json\/wp\/v2\/product_cat?post=85639"},{"taxonomy":"product_tag","embeddable":true,"href":"https:\/\/defabrica.com.mx\/defabrica\/wp-json\/wp\/v2\/product_tag?post=85639"}],"curies":[{"name":"wp","href":"https:\/\/api.w.org\/{rel}","templated":true}]}}