{"id":85635,"date":"2022-06-30T19:18:59","date_gmt":"2022-07-01T00:18:59","guid":{"rendered":"https:\/\/defabrica.com.mx\/defabrica\/?post_type=product&#038;p=85635"},"modified":"2022-12-12T11:55:40","modified_gmt":"2022-12-12T17:55:40","slug":"audio-technica-auriculares-intrauditivos-verdadero-inalambrico-ath-cks5tw-de-graves-solidos-caqui","status":"publish","type":"product","link":"https:\/\/defabrica.com.mx\/defabrica\/producto\/audio-technica-auriculares-intrauditivos-verdadero-inalambrico-ath-cks5tw-de-graves-solidos-caqui\/","title":{"rendered":"Audio-Technica &#8211; Auriculares intrauditivos Verdadero inal\u00e1mbrico ATH-CKS5TW de graves s\u00f3lidos &#8211; Caqui"},"content":{"rendered":"<p>Disfruta de tus canciones favoritas mientras haces ejercicio con estos auriculares internos inal\u00e1mbricos caqui de Audio-Technica.\u00a0El micr\u00f3fono integrado y los botones de control le permiten responder llamadas y manejar la reproducci\u00f3n multimedia sin problemas, mientras que la bater\u00eda recargable ofrece hasta 15 horas de uso con una sola carga.\u00a0Estos auriculares internos inal\u00e1mbricos de Audio-Technica con Bluetooth brindan una mayor movilidad y el dise\u00f1o resistente al agua garantiza la durabilidad.<\/p>\n<h3><\/h3>\n<h3 class=\"heading-5 v-fw-regular feature-heading\"><strong>Caracter\u00edsticas<\/strong><\/h3>\n<ul>\n<li><strong>Aud\u00edfonos verdaderamente inal\u00e1mbricos<\/strong><br \/>\nTe permite escuchar tus pistas favoritas, para que los cables no te detengan.<\/li>\n<li><strong>Bater\u00eda recargable<\/strong><br \/>\nOfrece hasta 15 horas de uso con una carga.<\/li>\n<li><strong>Micr\u00f3fono incorporado<\/strong><br \/>\nPermite chatear con manos libres a trav\u00e9s de un dispositivo compatible.<\/li>\n<li><strong>Interfaz Bluetooth 5.0<\/strong><br \/>\nPermite el emparejamiento inal\u00e1mbrico simple con su dispositivo habilitado para Bluetooth. Admite perfiles de Bluetooth HFP, HSP, A2DP y AVRCP.<\/li>\n<li><strong>dise\u00f1o en la oreja<\/strong><br \/>\nSe ajusta de forma segura y dirige la m\u00fasica a tus o\u00eddos para un audio completo e ininterrumpido.<\/li>\n<li><strong>controladores de 10 mm<\/strong><br \/>\nOfrece un sonido potente.<\/li>\n<li><strong>Respuesta de frecuencia de auriculares de 5 Hz &#8211; 40 kHz<\/strong><br \/>\nJunto con una respuesta de frecuencia de micr\u00f3fono de 50 Hz a 4 kHz, garantiza una reproducci\u00f3n fiel del sonido.<\/li>\n<li><strong>impedancia de 16 ohmios<\/strong><br \/>\nPara conducir eficientemente el poder.<\/li>\n<li><strong>Dise\u00f1o de transductor din\u00e1mico<\/strong><br \/>\nPara audio de calidad de referencia.<\/li>\n<li><strong>Sensibilidad de 110dB\/mW<\/strong><br \/>\nProporciona un audio potente.<\/li>\n<li><strong>Dise\u00f1o est\u00e9reo<\/strong><br \/>\nOfrece tonos n\u00edtidos.<\/li>\n<\/ul>\n","protected":false},"excerpt":{"rendered":"<p>Disfruta de tus canciones favoritas mientras haces ejercicio con estos auriculares internos inal\u00e1mbricos caqui de Audio-Technica.\u00a0El micr\u00f3fono integrado y los botones de control le permiten responder llamadas y manejar la<\/p>\n","protected":false},"featured_media":85637,"comment_status":"open","ping_status":"closed","template":"","meta":{"_acf_changed":false,"_joinchat":[]},"product_brand":[],"product_cat":[294,300,304],"product_tag":[],"class_list":{"0":"post-85635","1":"product","2":"type-product","3":"status-publish","4":"has-post-thumbnail","6":"product_cat-audio","7":"product_cat-audifonos","8":"product_cat-inalambricos","10":"first","11":"instock","12":"sale","13":"shipping-taxable","14":"purchasable","15":"product-type-simple"},"acf":[],"_links":{"self":[{"href":"https:\/\/defabrica.com.mx\/defabrica\/wp-json\/wp\/v2\/product\/85635","targetHints":{"allow":["GET"]}}],"collection":[{"href":"https:\/\/defabrica.com.mx\/defabrica\/wp-json\/wp\/v2\/product"}],"about":[{"href":"https:\/\/defabrica.com.mx\/defabrica\/wp-json\/wp\/v2\/types\/product"}],"replies":[{"embeddable":true,"href":"https:\/\/defabrica.com.mx\/defabrica\/wp-json\/wp\/v2\/comments?post=85635"}],"wp:featuredmedia":[{"embeddable":true,"href":"https:\/\/defabrica.com.mx\/defabrica\/wp-json\/wp\/v2\/media\/85637"}],"wp:attachment":[{"href":"https:\/\/defabrica.com.mx\/defabrica\/wp-json\/wp\/v2\/media?parent=85635"}],"wp:term":[{"taxonomy":"product_brand","embeddable":true,"href":"https:\/\/defabrica.com.mx\/defabrica\/wp-json\/wp\/v2\/product_brand?post=85635"},{"taxonomy":"product_cat","embeddable":true,"href":"https:\/\/defabrica.com.mx\/defabrica\/wp-json\/wp\/v2\/product_cat?post=85635"},{"taxonomy":"product_tag","embeddable":true,"href":"https:\/\/defabrica.com.mx\/defabrica\/wp-json\/wp\/v2\/product_tag?post=85635"}],"curies":[{"name":"wp","href":"https:\/\/api.w.org\/{rel}","templated":true}]}}