{"id":85423,"date":"2022-06-29T07:57:41","date_gmt":"2022-06-29T12:57:41","guid":{"rendered":"https:\/\/defabrica.com.mx\/defabrica\/?post_type=product&#038;p=85423"},"modified":"2022-12-12T11:51:26","modified_gmt":"2022-12-12T17:51:26","slug":"audio-technica-auriculares-con-cable-ath-msr7b-para-colocar-sobre-las-orejas-gunmetal","status":"publish","type":"product","link":"https:\/\/defabrica.com.mx\/defabrica\/producto\/audio-technica-auriculares-con-cable-ath-msr7b-para-colocar-sobre-las-orejas-gunmetal\/","title":{"rendered":"Audio-Technica &#8211; Auriculares con cable ATH MSR7b para colocar sobre las orejas &#8211; Gunmetal"},"content":{"rendered":"<p>Escuche m\u00fasica con graves intensos y agudos n\u00edtidos con estos auriculares supraaurales de alta resoluci\u00f3n de Audio-Technica.\u00a0La banda ajustable se adapta a una amplia gama de tama\u00f1os de cabeza y el dise\u00f1o con cable proporciona una alta integridad de sonido.\u00a0Estos aud\u00edfonos supraaurales de alta resoluci\u00f3n de Audio-Technica cuentan con almohadillas gruesas para que escuchar durante largos per\u00edodos de tiempo sea m\u00e1s c\u00f3modo.<\/p>\n<h3><\/h3>\n<h3 class=\"heading-5 v-fw-regular feature-heading\"><strong>Caracter\u00edsticas<\/strong><\/h3>\n<ul>\n<li><strong>Dise\u00f1o sobre la oreja<\/strong><br \/>\nPara un ajuste seguro.<\/li>\n<li><strong>Bolsa de transporte incluida<\/strong><br \/>\nPara una f\u00e1cil portabilidad.<\/li>\n<li><strong>controladores de 45 mm<\/strong><br \/>\nOfrece un sonido potente.<\/li>\n<li><strong>Respuesta de frecuencia de 5 Hz &#8211; 50 kHz<\/strong><br \/>\nPara una reproducci\u00f3n fiel del sonido.<\/li>\n<li><strong>impedancia de 36 ohmios<\/strong><br \/>\nPara conducir eficientemente el poder.<\/li>\n<li><strong>Dise\u00f1o de transductor din\u00e1mico<\/strong><br \/>\nPara audio de calidad de referencia.<\/li>\n<li><strong>Sensibilidad de 101dB\/mW<\/strong><br \/>\nProporciona un audio potente.<\/li>\n<li><strong>Dise\u00f1o est\u00e9reo<\/strong><br \/>\nOfrece tonos n\u00edtidos.<\/li>\n<\/ul>\n","protected":false},"excerpt":{"rendered":"<p>Escuche m\u00fasica con graves intensos y agudos n\u00edtidos con estos auriculares supraaurales de alta resoluci\u00f3n de Audio-Technica.\u00a0La banda ajustable se adapta a una amplia gama de tama\u00f1os de cabeza y<\/p>\n","protected":false},"featured_media":85426,"comment_status":"open","ping_status":"closed","template":"","meta":{"_acf_changed":false,"_joinchat":[]},"product_brand":[],"product_cat":[294,300,304],"product_tag":[],"class_list":{"0":"post-85423","1":"product","2":"type-product","3":"status-publish","4":"has-post-thumbnail","6":"product_cat-audio","7":"product_cat-audifonos","8":"product_cat-inalambricos","10":"first","11":"instock","12":"sale","13":"shipping-taxable","14":"purchasable","15":"product-type-simple"},"acf":[],"_links":{"self":[{"href":"https:\/\/defabrica.com.mx\/defabrica\/wp-json\/wp\/v2\/product\/85423","targetHints":{"allow":["GET"]}}],"collection":[{"href":"https:\/\/defabrica.com.mx\/defabrica\/wp-json\/wp\/v2\/product"}],"about":[{"href":"https:\/\/defabrica.com.mx\/defabrica\/wp-json\/wp\/v2\/types\/product"}],"replies":[{"embeddable":true,"href":"https:\/\/defabrica.com.mx\/defabrica\/wp-json\/wp\/v2\/comments?post=85423"}],"wp:featuredmedia":[{"embeddable":true,"href":"https:\/\/defabrica.com.mx\/defabrica\/wp-json\/wp\/v2\/media\/85426"}],"wp:attachment":[{"href":"https:\/\/defabrica.com.mx\/defabrica\/wp-json\/wp\/v2\/media?parent=85423"}],"wp:term":[{"taxonomy":"product_brand","embeddable":true,"href":"https:\/\/defabrica.com.mx\/defabrica\/wp-json\/wp\/v2\/product_brand?post=85423"},{"taxonomy":"product_cat","embeddable":true,"href":"https:\/\/defabrica.com.mx\/defabrica\/wp-json\/wp\/v2\/product_cat?post=85423"},{"taxonomy":"product_tag","embeddable":true,"href":"https:\/\/defabrica.com.mx\/defabrica\/wp-json\/wp\/v2\/product_tag?post=85423"}],"curies":[{"name":"wp","href":"https:\/\/api.w.org\/{rel}","templated":true}]}}