{"id":85397,"date":"2022-06-28T23:03:31","date_gmt":"2022-06-29T04:03:31","guid":{"rendered":"https:\/\/defabrica.com.mx\/defabrica\/?post_type=product&#038;p=85397"},"modified":"2022-12-12T11:49:27","modified_gmt":"2022-12-12T17:49:27","slug":"audio-technica-auriculares-internos-con-cable-ath-cm2000ti-negro","status":"publish","type":"product","link":"https:\/\/defabrica.com.mx\/defabrica\/producto\/audio-technica-auriculares-internos-con-cable-ath-cm2000ti-negro\/","title":{"rendered":"Audio-Technica &#8211; Auriculares internos con cable ATH CM2000TI &#8211; Negro"},"content":{"rendered":"<p>Escuche canciones todo el d\u00eda con estos auriculares internos de Audio-Technica.\u00a0Las resistentes carcasas de titanio puro reducen la resonancia no deseada, mientras que los controladores HD de 15,4 mm con un circuito magn\u00e9tico permendur ofrecen una reproducci\u00f3n de sonido de alta resoluci\u00f3n.\u00a0Estos aud\u00edfonos internos de Audio-Technica tienen un recubrimiento de carbono tipo diamante en los diafragmas para una entrega de audio de rango completo e incluyen dos cables desmontables de 3.9 pies.<\/p>\n<h3><\/h3>\n<h3 class=\"heading-5 v-fw-regular feature-heading\"><strong>Caracter\u00edsticas<\/strong><\/h3>\n<div class=\"feature-body-container\">\n<div class=\"features-list-container\">\n<div class=\"features-list all-features\">\n<div class=\"list-row\">\n<ul>\n<li><strong>dise\u00f1o en la oreja<\/strong><br \/>\nSe ajusta de forma segura y dirige la m\u00fasica a tus o\u00eddos para un audio completo e ininterrumpido.<\/li>\n<li><strong>controladores de 15,4 mm<\/strong><br \/>\nOfrece un sonido potente.<\/li>\n<li><strong>Respuesta de frecuencia de 10 Hz &#8211; 45 kHz<\/strong><br \/>\nPara una reproducci\u00f3n fiel del sonido.<\/li>\n<li><strong>impedancia de 16 ohmios<\/strong><br \/>\nPara conducir eficientemente el poder.<\/li>\n<li><strong>Dise\u00f1o de transductor din\u00e1mico<\/strong><br \/>\nPara audio de calidad de referencia.<\/li>\n<li><strong>Sensibilidad de 102dB\/mW<\/strong><br \/>\nProporciona un audio potente.<\/li>\n<li><strong>Dise\u00f1o est\u00e9reo<\/strong><br \/>\nOfrece tonos n\u00edtidos.<\/li>\n<li><strong>cable de 4&#8242;<\/strong><br \/>\nPermite un rango de movimiento flexible.<\/li>\n<\/ul>\n<\/div>\n<\/div>\n<\/div>\n<\/div>\n","protected":false},"excerpt":{"rendered":"<p>Escuche canciones todo el d\u00eda con estos auriculares internos de Audio-Technica.\u00a0Las resistentes carcasas de titanio puro reducen la resonancia no deseada, mientras que los controladores HD de 15,4 mm con<\/p>\n","protected":false},"featured_media":85399,"comment_status":"open","ping_status":"closed","template":"","meta":{"_acf_changed":false,"_joinchat":[]},"product_brand":[],"product_cat":[294,300,736],"product_tag":[],"class_list":{"0":"post-85397","1":"product","2":"type-product","3":"status-publish","4":"has-post-thumbnail","6":"product_cat-audio","7":"product_cat-audifonos","8":"product_cat-alambricos","10":"first","11":"instock","12":"sale","13":"shipping-taxable","14":"purchasable","15":"product-type-simple"},"acf":[],"_links":{"self":[{"href":"https:\/\/defabrica.com.mx\/defabrica\/wp-json\/wp\/v2\/product\/85397","targetHints":{"allow":["GET"]}}],"collection":[{"href":"https:\/\/defabrica.com.mx\/defabrica\/wp-json\/wp\/v2\/product"}],"about":[{"href":"https:\/\/defabrica.com.mx\/defabrica\/wp-json\/wp\/v2\/types\/product"}],"replies":[{"embeddable":true,"href":"https:\/\/defabrica.com.mx\/defabrica\/wp-json\/wp\/v2\/comments?post=85397"}],"wp:featuredmedia":[{"embeddable":true,"href":"https:\/\/defabrica.com.mx\/defabrica\/wp-json\/wp\/v2\/media\/85399"}],"wp:attachment":[{"href":"https:\/\/defabrica.com.mx\/defabrica\/wp-json\/wp\/v2\/media?parent=85397"}],"wp:term":[{"taxonomy":"product_brand","embeddable":true,"href":"https:\/\/defabrica.com.mx\/defabrica\/wp-json\/wp\/v2\/product_brand?post=85397"},{"taxonomy":"product_cat","embeddable":true,"href":"https:\/\/defabrica.com.mx\/defabrica\/wp-json\/wp\/v2\/product_cat?post=85397"},{"taxonomy":"product_tag","embeddable":true,"href":"https:\/\/defabrica.com.mx\/defabrica\/wp-json\/wp\/v2\/product_tag?post=85397"}],"curies":[{"name":"wp","href":"https:\/\/api.w.org\/{rel}","templated":true}]}}