{"id":85390,"date":"2022-06-28T22:59:30","date_gmt":"2022-06-29T03:59:30","guid":{"rendered":"https:\/\/defabrica.com.mx\/defabrica\/?post_type=product&#038;p=85390"},"modified":"2022-12-12T11:48:45","modified_gmt":"2022-12-12T17:48:45","slug":"ausounds-audifonos-inalambricos-verdaderos-con-cancelacion-de-ruido-anc-de-frecuencia-au-negro","status":"publish","type":"product","link":"https:\/\/defabrica.com.mx\/defabrica\/producto\/ausounds-audifonos-inalambricos-verdaderos-con-cancelacion-de-ruido-anc-de-frecuencia-au-negro\/","title":{"rendered":"Ausounds &#8211; Aud\u00edfonos inal\u00e1mbricos verdaderos con cancelaci\u00f3n de ruido ANC de frecuencia AU &#8211; Negro"},"content":{"rendered":"<div class=\"embedded-component-container lv product-description\">\n<div>\n<div id=\"shop-product-description-45724625\" class=\"_none\" data-version=\"1.3.45\">\n<div class=\"shop-product-description\">\n<section class=\"align-heading-left\" data-reactroot=\"\">\n<div class=\"long-description-container body-copy \">\n<div class=\"html-fragment\">Aud\u00edfonos inal\u00e1mbricos verdaderos con cancelaci\u00f3n de ruido<\/div>\n<\/div>\n<\/section>\n<\/div>\n<\/div>\n<\/div>\n<\/div>\n<div class=\"embedded-component-container lv product-features\">\n<h3><\/h3>\n<h3 class=\"heading-5 v-fw-regular feature-heading\"><strong>Caracter\u00edsticas<\/strong><\/h3>\n<ul>\n<li><strong>Controlador din\u00e1mico AU Peek+PU<\/strong><br \/>\nLos auriculares con cancelaci\u00f3n de ruido insonorizados AU-FQ ANC cuentan con un controlador din\u00e1mico Peek+PU de 10 mm que proporciona un escenario sonoro amplio y preciso. Los auriculares ofrecen un rango de frecuencia de 20Hz &#8211; 20KHz.<\/li>\n<li><strong>Interruptor dual maestro con micr\u00f3fono dual<\/strong><br \/>\nLa tecnolog\u00eda de interruptor dual maestro cambia autom\u00e1ticamente y prioriza su auricular activo. AU Stream detecta qu\u00e9 auricular est\u00e1 en su o\u00eddo o qu\u00e9 a\u00fan se est\u00e1 cargando en el estuche de viaje y cambia la reproducci\u00f3n de audio y la recepci\u00f3n del micr\u00f3fono a la unidad activa.<\/li>\n<li><strong>Cancelaci\u00f3n activa de ruido<\/strong><br \/>\nCon una reducci\u00f3n de ruido de -25db puedes aislarte sin comprometer la reproducci\u00f3n de tu m\u00fasica. Nuestros auriculares est\u00e1ndar con cancelaci\u00f3n de ruido de alimentaci\u00f3n hacia adelante fueron dise\u00f1ados para permitir a los creadores de m\u00fasica viajar y crear en cualquier momento, en cualquier lugar, sin interrupci\u00f3n.<\/li>\n<li><strong>Duraci\u00f3n total de la bater\u00eda 20 horas<\/strong><br \/>\nCon cinco horas de conversaci\u00f3n y reproducci\u00f3n de m\u00fasica y un estuche de bolsillo con quince horas adicionales de carga, nunca m\u00e1s tendr\u00e1s que preocuparte por cargar tus auriculares.<\/li>\n<li><strong>Micr\u00f3fono dual para llamadas n\u00edtidas<\/strong><br \/>\nLas llamadas de conferencia y las colaboraciones a larga distancia necesitan la mejor calidad de voz. No escatimamos gastos en esta caracter\u00edstica, agregando micr\u00f3fonos duales para garantizar que canceles el ruido ambiental pero escuches a la persona que llama con m\u00e1s claridad que nunca.<\/li>\n<li><strong>Verdadero Bluetooth inal\u00e1mbrico 5.0<\/strong><br \/>\nYa no tienes que conectarte. Simplemente abra su estuche y qu\u00edtese los auriculares y listo. Con el nuevo Bluetooth 5.0, su AU Stream se conectar\u00e1 autom\u00e1ticamente a su dispositivo siempre que se encuentre a 32 pies de \u00e9l.<\/li>\n<li><strong>Soporte de voz AI<\/strong><br \/>\nLe permite acceder a \u00abSiri\u00bb u \u00abOk Google\u00bb con solo tocar un bot\u00f3n, activando la IA (Inteligencia Artificial) de sus dispositivos.<\/li>\n<\/ul>\n<\/div>\n","protected":false},"excerpt":{"rendered":"<p>Aud\u00edfonos inal\u00e1mbricos verdaderos con cancelaci\u00f3n de ruido Caracter\u00edsticas Controlador din\u00e1mico AU Peek+PU Los auriculares con cancelaci\u00f3n de ruido insonorizados AU-FQ ANC cuentan con un controlador din\u00e1mico Peek+PU de 10 mm<\/p>\n","protected":false},"featured_media":85392,"comment_status":"open","ping_status":"closed","template":"","meta":{"_acf_changed":false,"_joinchat":[]},"product_brand":[],"product_cat":[294,300],"product_tag":[],"class_list":{"0":"post-85390","1":"product","2":"type-product","3":"status-publish","4":"has-post-thumbnail","6":"product_cat-audio","7":"product_cat-audifonos","9":"first","10":"instock","11":"sale","12":"shipping-taxable","13":"purchasable","14":"product-type-simple"},"acf":[],"_links":{"self":[{"href":"https:\/\/defabrica.com.mx\/defabrica\/wp-json\/wp\/v2\/product\/85390","targetHints":{"allow":["GET"]}}],"collection":[{"href":"https:\/\/defabrica.com.mx\/defabrica\/wp-json\/wp\/v2\/product"}],"about":[{"href":"https:\/\/defabrica.com.mx\/defabrica\/wp-json\/wp\/v2\/types\/product"}],"replies":[{"embeddable":true,"href":"https:\/\/defabrica.com.mx\/defabrica\/wp-json\/wp\/v2\/comments?post=85390"}],"wp:featuredmedia":[{"embeddable":true,"href":"https:\/\/defabrica.com.mx\/defabrica\/wp-json\/wp\/v2\/media\/85392"}],"wp:attachment":[{"href":"https:\/\/defabrica.com.mx\/defabrica\/wp-json\/wp\/v2\/media?parent=85390"}],"wp:term":[{"taxonomy":"product_brand","embeddable":true,"href":"https:\/\/defabrica.com.mx\/defabrica\/wp-json\/wp\/v2\/product_brand?post=85390"},{"taxonomy":"product_cat","embeddable":true,"href":"https:\/\/defabrica.com.mx\/defabrica\/wp-json\/wp\/v2\/product_cat?post=85390"},{"taxonomy":"product_tag","embeddable":true,"href":"https:\/\/defabrica.com.mx\/defabrica\/wp-json\/wp\/v2\/product_tag?post=85390"}],"curies":[{"name":"wp","href":"https:\/\/api.w.org\/{rel}","templated":true}]}}