{"id":85375,"date":"2022-06-28T22:52:33","date_gmt":"2022-06-29T03:52:33","guid":{"rendered":"https:\/\/defabrica.com.mx\/defabrica\/?post_type=product&#038;p=85375"},"modified":"2022-12-12T11:47:10","modified_gmt":"2022-12-12T17:47:10","slug":"ausounds-audifonos-au-xt-verdadero-inalambricocon-cancelacion-de-ruido-sobre-la-oreja-negro","status":"publish","type":"product","link":"https:\/\/defabrica.com.mx\/defabrica\/producto\/ausounds-audifonos-au-xt-verdadero-inalambricocon-cancelacion-de-ruido-sobre-la-oreja-negro\/","title":{"rendered":"\u00abAusounds &#8211; Aud\u00edfonos AU-XT Verdadero inal\u00e1mbricocon Cancelaci\u00f3n de ruido sobre la oreja  &#8211; Negro\u00bb"},"content":{"rendered":"<div class=\"embedded-component-container lv product-description\">\n<div>\n<div id=\"shop-product-description-99829483\" class=\"_none\" data-version=\"1.3.45\">\n<div class=\"shop-product-description\">\n<section class=\"align-heading-left\" data-reactroot=\"\">\n<div class=\"long-description-container body-copy \">\n<div class=\"html-fragment\">Auriculares inal\u00e1mbricos con cancelaci\u00f3n de ruido sobre la oreja<\/div>\n<\/div>\n<\/section>\n<\/div>\n<\/div>\n<\/div>\n<\/div>\n<div class=\"embedded-component-container lv product-features\">\n<h3><\/h3>\n<h3 class=\"heading-5 v-fw-regular feature-heading\"><strong>Caracter\u00edsticas<\/strong><\/h3>\n<ul>\n<li><strong>Controlador de grafeno AU-40 mm<\/strong><br \/>\nLos auriculares con cancelaci\u00f3n de ruido insonorizados AU-XT ANC cuentan con un controlador AU-Graphene de 40 mm que proporciona un escenario de sonido amplio y preciso.<\/li>\n<li><strong>Carga r\u00e1pida<\/strong><br \/>\nLa tecnolog\u00eda de carga r\u00e1pida AU-XT ANC es una mejora en la tecnolog\u00eda de carga est\u00e1ndar. El AU-X ANC se cargar\u00e1 por completo en 1,5 horas.<\/li>\n<li><strong>ANC\/Cancelaci\u00f3n activa de ruido<\/strong><br \/>\nCon una reducci\u00f3n de ruido de -28db puedes aislarte sin comprometer la reproducci\u00f3n de tu m\u00fasica. Nuestra cancelaci\u00f3n de ruido feed-forward est\u00e1ndar fue dise\u00f1ada para permitir a los creadores de m\u00fasica viajar y crear cuando sea, donde sea, sin interrupci\u00f3n.<\/li>\n<li><strong>Duraci\u00f3n total de la bater\u00eda 28 horas<\/strong><br \/>\nCon una capacidad de bater\u00eda de 800 mAh y 25 horas de tiempo de reproducci\u00f3n, ahora puede escuchar sus auriculares todo el d\u00eda sin tener que preocuparse de que se agote la bater\u00eda.<\/li>\n<li><strong>Micr\u00f3fono dual para llamadas n\u00edtidas<\/strong><br \/>\nLas llamadas de conferencia y las colaboraciones a larga distancia necesitan la mejor calidad de voz. No escatimamos gastos en esta funci\u00f3n, agregando micr\u00f3fonos duales para garantizar que pueda cancelar el ruido ambiental pero escuchar a la persona que llama con m\u00e1s claridad que nunca.<\/li>\n<li><strong>Verdadero Bluetooth inal\u00e1mbrico 5.0<\/strong><br \/>\nAU-XT ANC recuerda su emparejamiento Bluetooth anterior, evitando la necesidad de volver a conectarse. Con Bluetooth 5.0, su AU-X ANC se conectar\u00e1 autom\u00e1ticamente a su dispositivo reciente siempre que se encuentre a menos de 32 pies de \u00e9l.<\/li>\n<li><strong>Soporte de voz AI<\/strong><br \/>\nLe permite acceder a \u00abSiri\u00bb u \u00abOk Google\u00bb con solo tocar un bot\u00f3n, activando la IA (Inteligencia Artificial) de sus dispositivos.<\/li>\n<li><strong>USB-C<\/strong><br \/>\nUSB-C cuenta con una nueva forma de conector m\u00e1s peque\u00f1a que es reversible para que sea m\u00e1s f\u00e1cil de enchufar. Los cables USB-C pueden transportar mucha m\u00e1s energ\u00eda, por lo que se pueden usar para cargar dispositivos m\u00e1s grandes a una velocidad m\u00e1s r\u00e1pida. Tambi\u00e9n ofrecen hasta el doble de la velocidad de transferencia de USB 3 a 10 Gbps.<\/li>\n<li><strong>Estuche de transporte<\/strong><br \/>\nMalet\u00edn de transporte ligero y ajustado.<\/li>\n<li><strong>auxiliar<\/strong><br \/>\nUn puerto auxiliar (AUX) es el nombre l\u00f3gico de un puerto de comunicaciones est\u00e1ndar. AUX es un puerto serie as\u00edncrono con una interfaz que permite la entrada auxiliar de se\u00f1ales de audio para: reproductores de MP3. Auriculares. Reproductores de m\u00fasica port\u00e1tiles.<\/li>\n<li><strong>Impermeable<\/strong><br \/>\nLa clasificaci\u00f3n IPX4 a prueba de agua en nuestros auriculares puede resistir un chorro de agua sostenido a baja presi\u00f3n.<\/li>\n<li><strong>Control tactil<\/strong><br \/>\nLa funci\u00f3n de control t\u00e1ctil de estos auriculares permite un c\u00f3modo acceso a las funciones de llamada y control de audio m\u00e1s utilizadas. Use deslizamientos estilo gesto para cambiar r\u00e1pidamente las pistas de audio, ajustar los niveles de volumen o para responder, finalizar o cambiar a una nueva llamada entrante.<\/li>\n<li><strong>APTX-HD<\/strong><br \/>\nQualcomm aptX HD fue dise\u00f1ado para responder a la creciente demanda de audio de alta resoluci\u00f3n. Este c\u00f3dec mejorado admite calidad de m\u00fasica de 24 bits a trav\u00e9s de Bluetooth.<\/li>\n<li><strong>alta resoluci\u00f3n<\/strong><br \/>\nEl audio de alta resoluci\u00f3n describe archivos de audio digital con una calidad superior a la de un CD. Tambi\u00e9n son de mayor calidad que los que se entregan actualmente a trav\u00e9s de servicios de transmisi\u00f3n como Apple Music y Spotify. El hardware de alta resoluci\u00f3n est\u00e1 dise\u00f1ado para manejar estos archivos mejorados.<\/li>\n<\/ul>\n<\/div>\n","protected":false},"excerpt":{"rendered":"<p>Auriculares inal\u00e1mbricos con cancelaci\u00f3n de ruido sobre la oreja Caracter\u00edsticas Controlador de grafeno AU-40 mm Los auriculares con cancelaci\u00f3n de ruido insonorizados AU-XT ANC cuentan con un controlador AU-Graphene de<\/p>\n","protected":false},"featured_media":85376,"comment_status":"open","ping_status":"closed","template":"","meta":{"_acf_changed":false,"_joinchat":[]},"product_brand":[],"product_cat":[294,300,304],"product_tag":[],"class_list":{"0":"post-85375","1":"product","2":"type-product","3":"status-publish","4":"has-post-thumbnail","6":"product_cat-audio","7":"product_cat-audifonos","8":"product_cat-inalambricos","10":"first","11":"instock","12":"sale","13":"shipping-taxable","14":"purchasable","15":"product-type-simple"},"acf":[],"_links":{"self":[{"href":"https:\/\/defabrica.com.mx\/defabrica\/wp-json\/wp\/v2\/product\/85375","targetHints":{"allow":["GET"]}}],"collection":[{"href":"https:\/\/defabrica.com.mx\/defabrica\/wp-json\/wp\/v2\/product"}],"about":[{"href":"https:\/\/defabrica.com.mx\/defabrica\/wp-json\/wp\/v2\/types\/product"}],"replies":[{"embeddable":true,"href":"https:\/\/defabrica.com.mx\/defabrica\/wp-json\/wp\/v2\/comments?post=85375"}],"wp:featuredmedia":[{"embeddable":true,"href":"https:\/\/defabrica.com.mx\/defabrica\/wp-json\/wp\/v2\/media\/85376"}],"wp:attachment":[{"href":"https:\/\/defabrica.com.mx\/defabrica\/wp-json\/wp\/v2\/media?parent=85375"}],"wp:term":[{"taxonomy":"product_brand","embeddable":true,"href":"https:\/\/defabrica.com.mx\/defabrica\/wp-json\/wp\/v2\/product_brand?post=85375"},{"taxonomy":"product_cat","embeddable":true,"href":"https:\/\/defabrica.com.mx\/defabrica\/wp-json\/wp\/v2\/product_cat?post=85375"},{"taxonomy":"product_tag","embeddable":true,"href":"https:\/\/defabrica.com.mx\/defabrica\/wp-json\/wp\/v2\/product_tag?post=85375"}],"curies":[{"name":"wp","href":"https:\/\/api.w.org\/{rel}","templated":true}]}}