{"id":85366,"date":"2022-06-28T22:48:21","date_gmt":"2022-06-29T03:48:21","guid":{"rendered":"https:\/\/defabrica.com.mx\/defabrica\/?post_type=product&#038;p=85366"},"modified":"2023-01-17T12:36:07","modified_gmt":"2023-01-17T18:36:07","slug":"bang-olufsen-beoplay-hx-cancelacion-de-ruido-inalambrica-la-orejaauriculares-negro-antracita","status":"publish","type":"product","link":"https:\/\/defabrica.com.mx\/defabrica\/producto\/bang-olufsen-beoplay-hx-cancelacion-de-ruido-inalambrica-la-orejaauriculares-negro-antracita\/","title":{"rendered":"\u00abBang &#038; Olufsen &#8211; Beoplay HX Cancelaci\u00f3n de ruido inal\u00e1mbrica -la orejaAuriculares &#8211; Negro Antracita\u00bb"},"content":{"rendered":"<div class=\"embedded-component-container lv product-description\">\n<div>\n<div id=\"shop-product-description-73939785\" class=\"_none\" data-version=\"1.3.45\">\n<div class=\"shop-product-description\">\n<section class=\"align-heading-left\" data-reactroot=\"\">\n<div class=\"long-description-container body-copy \">\n<div class=\"html-fragment\">Sobre la base de los auriculares m\u00e1s vendidos de Bang &amp; Olufsen hasta la fecha, Beoplay HX ofrece mejoras en toda la l\u00ednea de funciones, con sonido de calidad, ANC digital, rendimiento s\u00f3lido de la bater\u00eda y un dise\u00f1o refinado con mayor comodidad como algunos de los puntos destacados.\u00a0Beoplay HX cuenta con el renombrado Bang &amp; Olufsen Signature Sound, que brinda una experiencia de sonido potente y aut\u00e9ntica a trav\u00e9s de dos controladores de altavoz de 40 mm dise\u00f1ados a medida.\u00a0Cuatro micr\u00f3fonos dedicados garantizan una calidad de llamada impresionante mediante el uso de tecnolog\u00eda avanzada de formaci\u00f3n de haces, mientras que la tecnolog\u00eda inal\u00e1mbrica garantiza hasta 35 horas de tiempo de reproducci\u00f3n.\u00a0Los auriculares aplican la tecnolog\u00eda de cancelaci\u00f3n activa de ruido adaptable digital de pr\u00f3xima generaci\u00f3n introducida con Beoplay H95, que cancela de manera efectiva el ruido no deseado sin comprometer la calidad del sonido.\u00a0Los usuarios pueden personalizar f\u00e1cilmente perfiles de sonido, niveles de ANC,\u00a0y botones a trav\u00e9s de la aplicaci\u00f3n B&amp;O mientras accede a las funciones m\u00e1s esenciales directamente en la refinada interfaz de auriculares.\u00a0La artesan\u00eda y el dise\u00f1o es algo que diferencia a Beoplay HX de la competencia, con elementos como piel de becerro, piel de cordero y aluminio pulido<\/div>\n<\/div>\n<\/section>\n<\/div>\n<\/div>\n<\/div>\n<\/div>\n<div class=\"embedded-component-container lv product-features\">\n<h3><\/h3>\n<h3 class=\"heading-5 v-fw-regular feature-heading\"><strong>Caracter\u00edsticas<\/strong><\/h3>\n<ul>\n<li><strong>Sonido preciso y envolvente<\/strong><br \/>\nSintonizado por los ingenieros l\u00edderes en la industria de B&amp;O para garantizar que escuche la m\u00fasica de la forma en que la concibi\u00f3 el artista.<\/li>\n<li><strong>Controladores de 40 mm hechos a medida con imanes de neodimio<\/strong><br \/>\nOfrezca una experiencia auditiva precisa e inmersiva.<\/li>\n<li><strong>Conectividad perfecta, interacci\u00f3n intuitiva<\/strong><br \/>\nConectividad r\u00e1pida, fuerte y estable a trav\u00e9s de Bluetooth 5.1.<\/li>\n<li><strong>Una variedad de micr\u00f3fonos sensibles y tecnolog\u00eda de formaci\u00f3n de haces<\/strong><br \/>\nRealice llamadas con Beoplay HX n\u00edtidas.<\/li>\n<li><strong>Hasta 35 horas de reproducci\u00f3n<\/strong><br \/>\nCon Bluetooth y Noise Cancellation activo. Hasta 40 horas de tiempo de reproducci\u00f3n solo con Bluetooth<\/li>\n<li><strong>Funciones como Microsoft Swift Pair, Google Fast Pair y Made for iPhone (MFi)<\/strong><br \/>\nHaga que el proceso de configuraci\u00f3n sea f\u00e1cil en todos los tipos de dispositivos.<\/li>\n<li><strong>Conectividad multipunto<\/strong><br \/>\nPermite la conexi\u00f3n con dos dispositivos al mismo tiempo<\/li>\n<li><strong>Almohadillas para los o\u00eddos completamente de cuero y Adaptive ANC<\/strong><br \/>\nAsegure la comodidad y el enfoque a largo plazo.<\/li>\n<li><strong>Fabricado para mayor comodidad y durabilidad.<\/strong><br \/>\nLos auriculares Beoplay HX son livianos y cuentan con una diadema ergon\u00f3mica especialmente dise\u00f1ada para brindar comodidad a largo plazo.<\/li>\n<li><strong>Un estuche de tela artesanal<\/strong><br \/>\nFacilita el transporte y la protecci\u00f3n de sus auriculares y accesorios mientras viaja, lo que garantiza durabilidad y portabilidad.<\/li>\n<li><strong>Dise\u00f1o elegante y sofisticado<\/strong><br \/>\nAspecto y sensaci\u00f3n minimalistas, sonido de precisi\u00f3n y controles de usuario intuitivos, estos auriculares resumen todo lo que nos importa y por lo que nos esforzamos.<\/li>\n<li><strong>Vi\u00f1etas de caracter\u00edsticas<\/strong><br \/>\nPersonalice sus preferencias de audio con Beosonic Tuning, ahora disponible en Bang &amp; Olufsen<\/li>\n<\/ul>\n<\/div>\n","protected":false},"excerpt":{"rendered":"<p>Sobre la base de los auriculares m\u00e1s vendidos de Bang &amp; Olufsen hasta la fecha, Beoplay HX ofrece mejoras en toda la l\u00ednea de funciones, con sonido de calidad, ANC<\/p>\n","protected":false},"featured_media":85369,"comment_status":"open","ping_status":"closed","template":"","meta":{"_acf_changed":false,"_joinchat":[]},"product_brand":[],"product_cat":[294,300,304],"product_tag":[],"class_list":{"0":"post-85366","1":"product","2":"type-product","3":"status-publish","4":"has-post-thumbnail","6":"product_cat-audio","7":"product_cat-audifonos","8":"product_cat-inalambricos","10":"first","11":"instock","12":"sale","13":"shipping-taxable","14":"purchasable","15":"product-type-simple"},"acf":[],"_links":{"self":[{"href":"https:\/\/defabrica.com.mx\/defabrica\/wp-json\/wp\/v2\/product\/85366","targetHints":{"allow":["GET"]}}],"collection":[{"href":"https:\/\/defabrica.com.mx\/defabrica\/wp-json\/wp\/v2\/product"}],"about":[{"href":"https:\/\/defabrica.com.mx\/defabrica\/wp-json\/wp\/v2\/types\/product"}],"replies":[{"embeddable":true,"href":"https:\/\/defabrica.com.mx\/defabrica\/wp-json\/wp\/v2\/comments?post=85366"}],"wp:featuredmedia":[{"embeddable":true,"href":"https:\/\/defabrica.com.mx\/defabrica\/wp-json\/wp\/v2\/media\/85369"}],"wp:attachment":[{"href":"https:\/\/defabrica.com.mx\/defabrica\/wp-json\/wp\/v2\/media?parent=85366"}],"wp:term":[{"taxonomy":"product_brand","embeddable":true,"href":"https:\/\/defabrica.com.mx\/defabrica\/wp-json\/wp\/v2\/product_brand?post=85366"},{"taxonomy":"product_cat","embeddable":true,"href":"https:\/\/defabrica.com.mx\/defabrica\/wp-json\/wp\/v2\/product_cat?post=85366"},{"taxonomy":"product_tag","embeddable":true,"href":"https:\/\/defabrica.com.mx\/defabrica\/wp-json\/wp\/v2\/product_tag?post=85366"}],"curies":[{"name":"wp","href":"https:\/\/api.w.org\/{rel}","templated":true}]}}