{"id":85359,"date":"2022-06-28T22:44:24","date_gmt":"2022-06-29T03:44:24","guid":{"rendered":"https:\/\/defabrica.com.mx\/defabrica\/?post_type=product&#038;p=85359"},"modified":"2022-12-12T11:45:22","modified_gmt":"2022-12-12T17:45:22","slug":"bang-olufsen-auriculares-deportivos-beoplay-e8-negro","status":"publish","type":"product","link":"https:\/\/defabrica.com.mx\/defabrica\/producto\/bang-olufsen-auriculares-deportivos-beoplay-e8-negro\/","title":{"rendered":"Bang &#038; Olufsen &#8211; Auriculares deportivos Beoplay E8 &#8211; Negro"},"content":{"rendered":"<div class=\"embedded-component-container lv product-description\">\n<div>\n<div id=\"shop-product-description-5416287\" class=\"_none\" data-version=\"1.3.45\">\n<div class=\"shop-product-description\">\n<section class=\"align-heading-left\" data-reactroot=\"\">\n<div class=\"long-description-container body-copy \">\n<div class=\"html-fragment\">Los Beoplay E8 Sport son auriculares intrauditivos verdaderamente inal\u00e1mbricos dedicados al deporte que ofrecen una experiencia perfecta y totalmente inal\u00e1mbrica.\u00a0E8 Sport est\u00e1 repleto de la \u00faltima tecnolog\u00eda y combina el aut\u00e9ntico sonido caracter\u00edstico de Bang &amp; Olufsen con un rendimiento l\u00edder en el mercado con hasta 30 horas de tiempo de reproducci\u00f3n.<\/div>\n<\/div>\n<\/section>\n<\/div>\n<\/div>\n<\/div>\n<\/div>\n<div class=\"embedded-component-container lv product-features\">\n<h3><\/h3>\n<h3 class=\"heading-5 v-fw-regular feature-heading\"><strong>Caracter\u00edsticas<\/strong><\/h3>\n<ul>\n<li><strong>A prueba de la intemperie<\/strong><br \/>\nLa libertad de un sonido verdaderamente inal\u00e1mbrico creado para empujarlo m\u00e1s fuerte en cualquier clima, en todo momento. Con impermeabilizaci\u00f3n IP57, Beoplay E8 Sport le permite mantenerse motivado sin tener que preocuparse por la lluvia intensa o el sudor.<\/li>\n<li><strong>Tiempo de juego prolongado<\/strong><br \/>\nHasta 28 horas de reproducci\u00f3n con 7 horas de reproducci\u00f3n desde los auriculares y tres cargas adicionales en el estuche.<\/li>\n<li><strong>Estuche de carga inal\u00e1mbrica redise\u00f1ado<\/strong><br \/>\nEl estuche de carga redise\u00f1ado se optimiz\u00f3 para brindar un alto rendimiento, de modo que pueda llevar los Beoplay E8 Sport f\u00e1cilmente con usted todo el d\u00eda y cargarlos mientras viaja.<\/li>\n<\/ul>\n<\/div>\n","protected":false},"excerpt":{"rendered":"<p>Los Beoplay E8 Sport son auriculares intrauditivos verdaderamente inal\u00e1mbricos dedicados al deporte que ofrecen una experiencia perfecta y totalmente inal\u00e1mbrica.\u00a0E8 Sport est\u00e1 repleto de la \u00faltima tecnolog\u00eda y combina el<\/p>\n","protected":false},"featured_media":85361,"comment_status":"open","ping_status":"closed","template":"","meta":{"_acf_changed":false,"_joinchat":[]},"product_brand":[],"product_cat":[294,300,304],"product_tag":[],"class_list":{"0":"post-85359","1":"product","2":"type-product","3":"status-publish","4":"has-post-thumbnail","6":"product_cat-audio","7":"product_cat-audifonos","8":"product_cat-inalambricos","10":"first","11":"instock","12":"sale","13":"shipping-taxable","14":"purchasable","15":"product-type-simple"},"acf":[],"_links":{"self":[{"href":"https:\/\/defabrica.com.mx\/defabrica\/wp-json\/wp\/v2\/product\/85359","targetHints":{"allow":["GET"]}}],"collection":[{"href":"https:\/\/defabrica.com.mx\/defabrica\/wp-json\/wp\/v2\/product"}],"about":[{"href":"https:\/\/defabrica.com.mx\/defabrica\/wp-json\/wp\/v2\/types\/product"}],"replies":[{"embeddable":true,"href":"https:\/\/defabrica.com.mx\/defabrica\/wp-json\/wp\/v2\/comments?post=85359"}],"wp:featuredmedia":[{"embeddable":true,"href":"https:\/\/defabrica.com.mx\/defabrica\/wp-json\/wp\/v2\/media\/85361"}],"wp:attachment":[{"href":"https:\/\/defabrica.com.mx\/defabrica\/wp-json\/wp\/v2\/media?parent=85359"}],"wp:term":[{"taxonomy":"product_brand","embeddable":true,"href":"https:\/\/defabrica.com.mx\/defabrica\/wp-json\/wp\/v2\/product_brand?post=85359"},{"taxonomy":"product_cat","embeddable":true,"href":"https:\/\/defabrica.com.mx\/defabrica\/wp-json\/wp\/v2\/product_cat?post=85359"},{"taxonomy":"product_tag","embeddable":true,"href":"https:\/\/defabrica.com.mx\/defabrica\/wp-json\/wp\/v2\/product_tag?post=85359"}],"curies":[{"name":"wp","href":"https:\/\/api.w.org\/{rel}","templated":true}]}}