{"id":85352,"date":"2022-06-28T22:41:08","date_gmt":"2022-06-29T03:41:08","guid":{"rendered":"https:\/\/defabrica.com.mx\/defabrica\/?post_type=product&#038;p=85352"},"modified":"2023-01-17T12:35:27","modified_gmt":"2023-01-17T18:35:27","slug":"beats-by-dr-dre-auriculares-supraaurales-inalambricos-solo%c2%b3-the-beats-icon-collection-negro-mate","status":"publish","type":"product","link":"https:\/\/defabrica.com.mx\/defabrica\/producto\/beats-by-dr-dre-auriculares-supraaurales-inalambricos-solo%c2%b3-the-beats-icon-collection-negro-mate\/","title":{"rendered":"Beats by Dr. Dre &#8211; Auriculares supraaurales inal\u00e1mbricos Solo\u00b3 The Beats Icon Collection &#8211; Negro mate"},"content":{"rendered":"<p>Con hasta 40 horas de duraci\u00f3n de la bater\u00eda, Beats Solo\u00b3 Wireless es el auricular perfecto para todos los d\u00edas.\u00a0Con Fast Fuel, una carga de 5 minutos te brinda 3 horas de reproducci\u00f3n.\u00a0Disfrute del galardonado sonido Beats con la libertad de escucha inal\u00e1mbrica Class 1 Bluetooth\u00ae.\u00a0Las orejeras acolchadas en la oreja son ajustables para que pueda personalizar su ajuste para comodidad durante todo el d\u00eda.<\/p>\n<h3><\/h3>\n<h3 class=\"heading-5 v-fw-regular feature-heading\"><strong>Caracter\u00edsticas<\/strong><\/h3>\n<div class=\"feature-body-container\">\n<div class=\"icons-container\">\n<div class=\"specificationIcons\">\n<ul>\n<li><strong>Con\u00e9ctese a trav\u00e9s de Class 1 Bluetooth\u00ae con su dispositivo para escuchar de forma inal\u00e1mbrica<\/strong><\/li>\n<li><strong>El sonido y el dise\u00f1o galardonados que te encantan de Beats<\/strong><\/li>\n<li><strong>Hasta 40 horas de duraci\u00f3n de la bater\u00eda para uso de varios d\u00edas<\/strong><\/li>\n<li><strong>Con Fast Fuel, 5 minutos de carga te brindan 3 horas de reproducci\u00f3n cuando la bater\u00eda est\u00e1 baja<\/strong><\/li>\n<li><strong>Ajuste ajustable con c\u00f3modas orejeras acolchadas hechas para el uso diario<\/strong><\/li>\n<li><strong>Dise\u00f1o elegante y aerodin\u00e1mico que es duradero y plegable para ir a donde quiera que vaya<\/strong><\/li>\n<li><strong>Recibe llamadas, controla tu m\u00fasica y activa Siri con los controles multifunci\u00f3n en el o\u00eddo<\/strong><\/li>\n<\/ul>\n<\/div>\n<\/div>\n<\/div>\n","protected":false},"excerpt":{"rendered":"<p>Con hasta 40 horas de duraci\u00f3n de la bater\u00eda, Beats Solo\u00b3 Wireless es el auricular perfecto para todos los d\u00edas.\u00a0Con Fast Fuel, una carga de 5 minutos te brinda 3<\/p>\n","protected":false},"featured_media":85354,"comment_status":"open","ping_status":"closed","template":"","meta":{"_acf_changed":false,"_joinchat":[]},"product_brand":[],"product_cat":[294,300,304],"product_tag":[],"class_list":{"0":"post-85352","1":"product","2":"type-product","3":"status-publish","4":"has-post-thumbnail","6":"product_cat-audio","7":"product_cat-audifonos","8":"product_cat-inalambricos","10":"first","11":"instock","12":"sale","13":"shipping-taxable","14":"purchasable","15":"product-type-simple"},"acf":[],"_links":{"self":[{"href":"https:\/\/defabrica.com.mx\/defabrica\/wp-json\/wp\/v2\/product\/85352","targetHints":{"allow":["GET"]}}],"collection":[{"href":"https:\/\/defabrica.com.mx\/defabrica\/wp-json\/wp\/v2\/product"}],"about":[{"href":"https:\/\/defabrica.com.mx\/defabrica\/wp-json\/wp\/v2\/types\/product"}],"replies":[{"embeddable":true,"href":"https:\/\/defabrica.com.mx\/defabrica\/wp-json\/wp\/v2\/comments?post=85352"}],"wp:featuredmedia":[{"embeddable":true,"href":"https:\/\/defabrica.com.mx\/defabrica\/wp-json\/wp\/v2\/media\/85354"}],"wp:attachment":[{"href":"https:\/\/defabrica.com.mx\/defabrica\/wp-json\/wp\/v2\/media?parent=85352"}],"wp:term":[{"taxonomy":"product_brand","embeddable":true,"href":"https:\/\/defabrica.com.mx\/defabrica\/wp-json\/wp\/v2\/product_brand?post=85352"},{"taxonomy":"product_cat","embeddable":true,"href":"https:\/\/defabrica.com.mx\/defabrica\/wp-json\/wp\/v2\/product_cat?post=85352"},{"taxonomy":"product_tag","embeddable":true,"href":"https:\/\/defabrica.com.mx\/defabrica\/wp-json\/wp\/v2\/product_tag?post=85352"}],"curies":[{"name":"wp","href":"https:\/\/api.w.org\/{rel}","templated":true}]}}