{"id":85343,"date":"2022-06-28T22:34:57","date_gmt":"2022-06-29T03:34:57","guid":{"rendered":"https:\/\/defabrica.com.mx\/defabrica\/?post_type=product&#038;p=85343"},"modified":"2023-01-17T12:35:08","modified_gmt":"2023-01-17T18:35:08","slug":"beats-by-dr-dre-auriculares-beats-studio-buds-totalmente-inalambricos-con-cancelacion-de-ruido-negro","status":"publish","type":"product","link":"https:\/\/defabrica.com.mx\/defabrica\/producto\/beats-by-dr-dre-auriculares-beats-studio-buds-totalmente-inalambricos-con-cancelacion-de-ruido-negro\/","title":{"rendered":"Beats by Dr. Dre &#8211; Auriculares Beats Studio Buds totalmente inal\u00e1mbricos con cancelaci\u00f3n de ruido &#8211; Negro"},"content":{"rendered":"<div class=\"embedded-component-container lv product-description\">\n<div>\n<div id=\"shop-product-description-84049576\" class=\"_none\" data-version=\"1.3.45\">\n<div class=\"shop-product-description\">\n<section class=\"align-heading-left\" data-reactroot=\"\">\n<div class=\"long-description-container body-copy \">\n<div class=\"html-fragment\">Los verdaderos Beats Studio Bud inal\u00e1mbricos con cancelaci\u00f3n de ruido est\u00e1n hechos para la m\u00fasica.\u00a0Dise\u00f1ados con una plataforma ac\u00fastica personalizada, los Beats Studio Bud est\u00e1n dise\u00f1ados para ofrecer un sonido potente y equilibrado en un factor de forma compacto e intrauditivo.\u00a0El resultado: un sonido envolvente que lleva la emoci\u00f3n de la m\u00fasica del estudio a tus o\u00eddos para mantenerte inspirado.\u00a0Estos auriculares cuentan con dos modos de audici\u00f3n, cancelaci\u00f3n activa de ruido (ANC) y modo de transparencia, para brindarle un control total de su sonido.\u00a0Cada auricular tiene hasta 8 horas de tiempo de escucha\u2074 con dos cargas adicionales proporcionadas por su estuche de carga de bolsillo para brindarle hasta 24 horas de reproducci\u00f3n combinada.\u2075 Beats Studio Bud tambi\u00e9n ofrece emparejamiento simple con un solo toque para dispositivos Apple\u00b9 y Android\u00b2.<\/div>\n<\/div>\n<\/section>\n<\/div>\n<\/div>\n<\/div>\n<\/div>\n<div class=\"embedded-component-container lv product-features\">\n<h3><\/h3>\n<h3 class=\"heading-5 v-fw-regular feature-heading\"><strong>Caracter\u00edsticas<\/strong><\/h3>\n<ul>\n<li><strong>La plataforma ac\u00fastica personalizada ofrece un sonido potente y equilibrado<\/strong><\/li>\n<li><strong>La cancelaci\u00f3n activa de ruido (ANC) bloquea el ruido externo para una escucha inmersiva<\/strong><\/li>\n<li><strong>Cambia f\u00e1cilmente al modo Transparencia para escuchar el mundo que te rodea<\/strong><\/li>\n<li><strong>Emparejamiento simple con un solo toque para dispositivos Apple\u00b9 y Android\u00b2<\/strong><\/li>\n<li><strong>Rendimiento de llamadas de alta calidad e interacci\u00f3n con el asistente de voz a trav\u00e9s de micr\u00f3fonos duales que forman haces<\/strong><\/li>\n<li><strong>Auricular resistente al sudor y al agua con clasificaci\u00f3n IPX4\u00b3<\/strong><\/li>\n<li><strong>Tres tama\u00f1os de almohadillas blandas para un ajuste estable y c\u00f3modo al mismo tiempo que garantizan un sellado ac\u00fastico \u00f3ptimo<\/strong><\/li>\n<li><strong>Hasta 8 horas de tiempo de escucha\u2074 (hasta 24 horas en combinaci\u00f3n con el estuche de carga de bolsillo)\u2075<\/strong><\/li>\n<li><strong>Activa Siri manos libres con solo decir \u00abHey Siri\u00bb\u2076<\/strong><\/li>\n<\/ul>\n<\/div>\n","protected":false},"excerpt":{"rendered":"<p>Los verdaderos Beats Studio Bud inal\u00e1mbricos con cancelaci\u00f3n de ruido est\u00e1n hechos para la m\u00fasica.\u00a0Dise\u00f1ados con una plataforma ac\u00fastica personalizada, los Beats Studio Bud est\u00e1n dise\u00f1ados para ofrecer un sonido<\/p>\n","protected":false},"featured_media":85345,"comment_status":"open","ping_status":"closed","template":"","meta":{"_acf_changed":false,"_joinchat":[]},"product_brand":[],"product_cat":[294,300],"product_tag":[],"class_list":{"0":"post-85343","1":"product","2":"type-product","3":"status-publish","4":"has-post-thumbnail","6":"product_cat-audio","7":"product_cat-audifonos","9":"first","10":"instock","11":"sale","12":"shipping-taxable","13":"purchasable","14":"product-type-simple"},"acf":[],"_links":{"self":[{"href":"https:\/\/defabrica.com.mx\/defabrica\/wp-json\/wp\/v2\/product\/85343","targetHints":{"allow":["GET"]}}],"collection":[{"href":"https:\/\/defabrica.com.mx\/defabrica\/wp-json\/wp\/v2\/product"}],"about":[{"href":"https:\/\/defabrica.com.mx\/defabrica\/wp-json\/wp\/v2\/types\/product"}],"replies":[{"embeddable":true,"href":"https:\/\/defabrica.com.mx\/defabrica\/wp-json\/wp\/v2\/comments?post=85343"}],"wp:featuredmedia":[{"embeddable":true,"href":"https:\/\/defabrica.com.mx\/defabrica\/wp-json\/wp\/v2\/media\/85345"}],"wp:attachment":[{"href":"https:\/\/defabrica.com.mx\/defabrica\/wp-json\/wp\/v2\/media?parent=85343"}],"wp:term":[{"taxonomy":"product_brand","embeddable":true,"href":"https:\/\/defabrica.com.mx\/defabrica\/wp-json\/wp\/v2\/product_brand?post=85343"},{"taxonomy":"product_cat","embeddable":true,"href":"https:\/\/defabrica.com.mx\/defabrica\/wp-json\/wp\/v2\/product_cat?post=85343"},{"taxonomy":"product_tag","embeddable":true,"href":"https:\/\/defabrica.com.mx\/defabrica\/wp-json\/wp\/v2\/product_tag?post=85343"}],"curies":[{"name":"wp","href":"https:\/\/api.w.org\/{rel}","templated":true}]}}