{"id":85333,"date":"2022-06-28T22:31:49","date_gmt":"2022-06-29T03:31:49","guid":{"rendered":"https:\/\/defabrica.com.mx\/defabrica\/?post_type=product&#038;p=85333"},"modified":"2023-01-17T12:34:47","modified_gmt":"2023-01-17T18:34:47","slug":"beats-by-dr-dre-auriculares-inalambricos-beats-flex-negro","status":"publish","type":"product","link":"https:\/\/defabrica.com.mx\/defabrica\/producto\/beats-by-dr-dre-auriculares-inalambricos-beats-flex-negro\/","title":{"rendered":"Beats by Dr. Dre &#8211; Auriculares inal\u00e1mbricos Beats Flex &#8211; Negro"},"content":{"rendered":"<div class=\"embedded-component-container lv product-description\">\n<div>\n<div id=\"shop-product-description-34521208\" class=\"_none\" data-version=\"1.3.45\">\n<div class=\"shop-product-description\">\n<section class=\"align-heading-left\" data-reactroot=\"\">\n<div class=\"long-description-container body-copy \">\n<div class=\"html-fragment\">Mant\u00e9ngase conectado con el mundo que ama con los auriculares inal\u00e1mbricos Beats Flex durante todo el d\u00eda.\u00a0En tus o\u00eddos o alrededor de tu cuello, son tan vers\u00e1tiles como la vida que llevas.\u00a0Con hasta 12 horas de duraci\u00f3n de la bater\u00eda\u00b2, siempre estar\u00e1s listo para lo que sea que te depare el d\u00eda (o la noche).\u00a0Disfrute de un sonido rico y potente con graves precisos y baja distorsi\u00f3n en toda la curva de frecuencia.\u00a0Los auriculares magn\u00e9ticos hacen que escuchar sea mucho m\u00e1s f\u00e1cil con Auto-Play\/Pause\u00b9, reproduciendo m\u00fasica cuando est\u00e1n en tus o\u00eddos y pausando cuando est\u00e1n conectados alrededor de tu cuello.\u00a0El cable Flex-Form brinda comodidad durante todo el d\u00eda con una construcci\u00f3n duradera de Nitinol, mientras que las cuatro opciones de olivas ofrecen un ajuste personalizado.\u00a0Y cuando no los est\u00e1 usando, los auriculares magn\u00e9ticos evitan que los Beats Flex se enreden, ya que se enrollan f\u00e1cilmente en su bolsillo o cartera.<\/div>\n<\/div>\n<\/section>\n<\/div>\n<\/div>\n<\/div>\n<\/div>\n<div class=\"embedded-component-container lv product-features\">\n<h3><\/h3>\n<h3 class=\"heading-5 v-fw-regular feature-heading\"><strong>Caracter\u00edsticas<\/strong><\/h3>\n<ul>\n<li><strong>LA M\u00daSICA SE DETIENE CUANDO TU LO HACES<\/strong><br \/>\nMenos carga. M\u00e1s flexi\u00f3n. Beats Flex cuenta con hasta 12 horas de tiempo de escucha para uso durante todo el d\u00eda. Si necesita un poco de energ\u00eda adicional, la carga Fast Fuel de 10 minutos brinda 1,5 horas de reproducci\u00f3n cuando la bater\u00eda est\u00e1 baja.\u00b2<\/li>\n<li><strong>IMPULSADO POR EL SONIDO PREMIUM<\/strong><br \/>\nBeats Flex emplea un dise\u00f1o ac\u00fastico de doble c\u00e1mara y un controlador en capas patentado para lograr una separaci\u00f3n est\u00e9reo excepcional con una respuesta de bajos rica y precisa.La microventilaci\u00f3n cortada con l\u00e1ser proporciona alivio de la presi\u00f3n del o\u00eddo y el \u00e1ngulo optimizado del controlador garantiza un sonido claro y n\u00edtido. Un procesador digital avanzado afina su audio para una experiencia auditiva precisa y emotiva. El resultado: un sonido rico y potente que lo mantiene inspirado todo el d\u00eda.<\/li>\n<li><strong>HAGA LA CONEXI\u00d3N<\/strong><br \/>\nMant\u00e9ngase conectado sin importar a d\u00f3nde lo lleve su d\u00eda. Con la tecnolog\u00eda Class 1 Bluetooth\u00ae, Beats Flex ofrece un alcance inal\u00e1mbrico extendido y menos interrupciones.Un micr\u00f3fono incorporado avanzado ayuda a reducir el ruido del viento para una claridad de voz y un rendimiento de llamadas elevados. Los controles en el dispositivo le permiten ajustar el volumen, as\u00ed como administrar la m\u00fasica, recibir llamadas o activar el asistente de voz.<\/li>\n<li><strong>IMPULSADO POR EL CHIP W1 DE APPLE<\/strong><br \/>\nEl chip Apple W1 integra a la perfecci\u00f3n Beats Flex en su mundo de productos Apple. Simplemente enci\u00e9ndalo y sost\u00e9ngalo cerca de su iPhone o iPad.<\/li>\n<\/ul>\n<\/div>\n","protected":false},"excerpt":{"rendered":"<p>Mant\u00e9ngase conectado con el mundo que ama con los auriculares inal\u00e1mbricos Beats Flex durante todo el d\u00eda.\u00a0En tus o\u00eddos o alrededor de tu cuello, son tan vers\u00e1tiles como la vida<\/p>\n","protected":false},"featured_media":85338,"comment_status":"open","ping_status":"closed","template":"","meta":{"_acf_changed":false,"_joinchat":[]},"product_brand":[],"product_cat":[294,300,736],"product_tag":[],"class_list":{"0":"post-85333","1":"product","2":"type-product","3":"status-publish","4":"has-post-thumbnail","6":"product_cat-audio","7":"product_cat-audifonos","8":"product_cat-alambricos","10":"first","11":"instock","12":"sale","13":"shipping-taxable","14":"purchasable","15":"product-type-simple"},"acf":[],"_links":{"self":[{"href":"https:\/\/defabrica.com.mx\/defabrica\/wp-json\/wp\/v2\/product\/85333","targetHints":{"allow":["GET"]}}],"collection":[{"href":"https:\/\/defabrica.com.mx\/defabrica\/wp-json\/wp\/v2\/product"}],"about":[{"href":"https:\/\/defabrica.com.mx\/defabrica\/wp-json\/wp\/v2\/types\/product"}],"replies":[{"embeddable":true,"href":"https:\/\/defabrica.com.mx\/defabrica\/wp-json\/wp\/v2\/comments?post=85333"}],"wp:featuredmedia":[{"embeddable":true,"href":"https:\/\/defabrica.com.mx\/defabrica\/wp-json\/wp\/v2\/media\/85338"}],"wp:attachment":[{"href":"https:\/\/defabrica.com.mx\/defabrica\/wp-json\/wp\/v2\/media?parent=85333"}],"wp:term":[{"taxonomy":"product_brand","embeddable":true,"href":"https:\/\/defabrica.com.mx\/defabrica\/wp-json\/wp\/v2\/product_brand?post=85333"},{"taxonomy":"product_cat","embeddable":true,"href":"https:\/\/defabrica.com.mx\/defabrica\/wp-json\/wp\/v2\/product_cat?post=85333"},{"taxonomy":"product_tag","embeddable":true,"href":"https:\/\/defabrica.com.mx\/defabrica\/wp-json\/wp\/v2\/product_tag?post=85333"}],"curies":[{"name":"wp","href":"https:\/\/api.w.org\/{rel}","templated":true}]}}