{"id":85325,"date":"2022-06-28T22:02:06","date_gmt":"2022-06-29T03:02:06","guid":{"rendered":"https:\/\/defabrica.com.mx\/defabrica\/?post_type=product&#038;p=85325"},"modified":"2023-01-17T12:34:26","modified_gmt":"2023-01-17T18:34:26","slug":"beats-by-dr-dre-auriculares-internos-beats-fit-pro-verdadero-inalambricocon-cancelacion-de-ruido-negro","status":"publish","type":"product","link":"https:\/\/defabrica.com.mx\/defabrica\/producto\/beats-by-dr-dre-auriculares-internos-beats-fit-pro-verdadero-inalambricocon-cancelacion-de-ruido-negro\/","title":{"rendered":"Beats by Dr. Dre &#8211; Auriculares internos Beats Fit Pro Verdadero inal\u00e1mbricocon cancelaci\u00f3n de ruido &#8211; Negro"},"content":{"rendered":"<div class=\"embedded-component-container lv product-description\">\n<div>\n<div id=\"shop-product-description-96604726\" class=\"_none\" data-version=\"1.3.45\">\n<div class=\"shop-product-description\">\n<section class=\"align-heading-left\" data-reactroot=\"\">\n<div class=\"long-description-container body-copy \">\n<div class=\"html-fragment\">Los Beats Fit Pro con verdadera cancelaci\u00f3n de ruido inal\u00e1mbrico con puntas de ala c\u00f3modas y de ajuste seguro est\u00e1n dise\u00f1ados para la actividad durante todo el d\u00eda.\u00a0El dise\u00f1o de punta de ala flexible se adapta a su o\u00eddo para bloquearlo c\u00f3modamente en su lugar para que pueda experimentar un sonido potente y equilibrado durante su d\u00eda de trabajo o sus entrenamientos.\u00a0Con dos modos de escucha distintos, usted tiene el control de lo que escucha.\u00a0La cancelaci\u00f3n activa de ruido (ANC) totalmente adaptativa utiliza la calibraci\u00f3n de audio en tiempo real para identificar continuamente los sonidos externos y optimizar la salida de sonido, y cuando necesite estar al tanto de su entorno, cambie f\u00e1cilmente al modo Transparencia.\u00a0Beats Fit Pro es compatible con Spatial Audio con seguimiento din\u00e1mico de la cabeza para disfrutar de m\u00fasica, pel\u00edculas y juegos inmersivos.\u00b9 Estos auriculares funcionan con el chip Apple H1.\u00a0El resultado: emparejamiento instant\u00e1neo con un solo toque\u00b2, cambio autom\u00e1tico\u00b3, uso compartido de audio\u2075,\u00a0y manos libres \u00abOye Siri\u00bb\u2074 para dispositivos Apple.\u00a0Para usuarios de Android, con\u00e9ctese f\u00e1cilmente a trav\u00e9s de Class 1 Bluetooth\u00ae desde el primer momento.\u00a0Con la aplicaci\u00f3n Beats para Android\u00b9\u00b9, obtendr\u00e1 funciones mejoradas como emparejamiento con un solo toque, controles personalizados, niveles de bater\u00eda, actualizaciones de firmware y una prueba de ajuste para ayudarlo a obtener el mejor sonido y ajuste de sus auriculares.\u00a0Cada auricular tiene hasta 6 horas de tiempo de escucha\u2076 con 18 horas adicionales\u2077 proporcionadas por su estuche de carga de bolsillo a juego para brindarle hasta 24 horas de reproducci\u00f3n combinada.<\/div>\n<\/div>\n<\/section>\n<\/div>\n<\/div>\n<\/div>\n<\/div>\n<div class=\"embedded-component-container lv product-features\">\n<h3><\/h3>\n<h3 class=\"heading-5 v-fw-regular feature-heading\"><strong>Caracter\u00edsticas<\/strong><\/h3>\n<ul>\n<li><strong>Aplicaci\u00f3n Beats para Android<\/strong><br \/>\nHabilita funciones como el emparejamiento con un solo toque, controles personalizados y una prueba de ajuste \u00b9\u2070<\/li>\n<li><strong>Resistente al sudor y al agua<\/strong><br \/>\nBeats Fit Pro ofrece una clasificaci\u00f3n IPX4 de resistencia al sudor y al agua.\u2079<\/li>\n<li><strong>Bluetooth\u00ae Clase 1<\/strong><br \/>\nPara rango extendido y menos ca\u00eddas.<\/li>\n<li><strong>Alto y claro<\/strong><br \/>\nCon un aceler\u00f3metro integrado y tecnolog\u00eda Bluetooth\u00ae Clase 1, Beats Fit Pro puede detectar cu\u00e1ndo hablas para ayudarte a sonar lo mejor posible.<\/li>\n<\/ul>\n<\/div>\n","protected":false},"excerpt":{"rendered":"<p>Los Beats Fit Pro con verdadera cancelaci\u00f3n de ruido inal\u00e1mbrico con puntas de ala c\u00f3modas y de ajuste seguro est\u00e1n dise\u00f1ados para la actividad durante todo el d\u00eda.\u00a0El dise\u00f1o de<\/p>\n","protected":false},"featured_media":85327,"comment_status":"open","ping_status":"closed","template":"","meta":{"_acf_changed":false,"_joinchat":[]},"product_brand":[],"product_cat":[294,300,304],"product_tag":[],"class_list":{"0":"post-85325","1":"product","2":"type-product","3":"status-publish","4":"has-post-thumbnail","6":"product_cat-audio","7":"product_cat-audifonos","8":"product_cat-inalambricos","10":"first","11":"instock","12":"sale","13":"shipping-taxable","14":"purchasable","15":"product-type-simple"},"acf":[],"_links":{"self":[{"href":"https:\/\/defabrica.com.mx\/defabrica\/wp-json\/wp\/v2\/product\/85325","targetHints":{"allow":["GET"]}}],"collection":[{"href":"https:\/\/defabrica.com.mx\/defabrica\/wp-json\/wp\/v2\/product"}],"about":[{"href":"https:\/\/defabrica.com.mx\/defabrica\/wp-json\/wp\/v2\/types\/product"}],"replies":[{"embeddable":true,"href":"https:\/\/defabrica.com.mx\/defabrica\/wp-json\/wp\/v2\/comments?post=85325"}],"wp:featuredmedia":[{"embeddable":true,"href":"https:\/\/defabrica.com.mx\/defabrica\/wp-json\/wp\/v2\/media\/85327"}],"wp:attachment":[{"href":"https:\/\/defabrica.com.mx\/defabrica\/wp-json\/wp\/v2\/media?parent=85325"}],"wp:term":[{"taxonomy":"product_brand","embeddable":true,"href":"https:\/\/defabrica.com.mx\/defabrica\/wp-json\/wp\/v2\/product_brand?post=85325"},{"taxonomy":"product_cat","embeddable":true,"href":"https:\/\/defabrica.com.mx\/defabrica\/wp-json\/wp\/v2\/product_cat?post=85325"},{"taxonomy":"product_tag","embeddable":true,"href":"https:\/\/defabrica.com.mx\/defabrica\/wp-json\/wp\/v2\/product_tag?post=85325"}],"curies":[{"name":"wp","href":"https:\/\/api.w.org\/{rel}","templated":true}]}}